{"id":757072,"date":"2025-06-18T19:18:35","date_gmt":"2025-06-18T16:18:35","guid":{"rendered":"https:\/\/nextsnkr.com\/product\/yeezy-slide-orange-2\/"},"modified":"2026-01-31T18:43:32","modified_gmt":"2026-01-31T15:43:32","slug":"yeezy-slide-orange-2","status":"publish","type":"product","link":"https:\/\/nextsnkr.com\/fr\/produit\/yeezy-slide-orange-2\/","title":{"rendered":"Les pantoufles Yeezy Slide Orange sont en mousse, l\u00e9g\u00e8res et confortables pour un usage quotidien"},"content":{"rendered":"<h2>Les pantoufles Yeezy Slide Orange sont en mousse, l\u00e9g\u00e8res et confortables pour un usage quotidien<\/h2>\n<p>Les pantoufles Yeezy Slide Orange sont fabriqu\u00e9es en mousse de haute qualit\u00e9 pour un confort et un amorti maximaux lors de la marche. L\u00e9gers et pratiques, ils sont parfaits pour la maison, la plage ou les vacances quotidiennes. La couleur orange vif ajoute un accent \u00e9l\u00e9gant \u00e0 votre look. En choisissant Yeezy Slide, vous obtenez un m\u00e9lange de confort, de qualit\u00e9 et de marque moderne pour une vie active et confortable.<\/p>\n","protected":false},"excerpt":{"rendered":"<p>Les pantoufles Yeezy Slide Orange sont fabriqu\u00e9es en mousse de haute qualit\u00e9 pour un confort et un amorti maximaux lors de la marche. L\u00e9gers et pratiques, ils sont parfaits pour la maison, la plage ou les vacances quotidiennes. La couleur orange vif ajoute un accent \u00e9l\u00e9gant \u00e0 votre look. En choisissant Yeezy Slide, vous obtenez un m\u00e9lange de confort, de qualit\u00e9 et de marque moderne pour une vie active et confortable.<\/p>\n","protected":false},"featured_media":757073,"comment_status":"open","ping_status":"open","template":"","meta":[],"product_brand":[],"product_cat":[3397,3212,3421],"product_tag":[],"class_list":{"0":"post-757072","1":"product","2":"type-product","3":"status-publish","4":"has-post-thumbnail","6":"product_cat-adidas-yeezy","7":"product_cat-all-product","8":"product_cat-shlopantsi","9":"pa_rozmir-910","10":"pa_rozmir-912","11":"pa_rozmir-914","12":"pa_rozmir-915","13":"pa_rozmir-916","14":"pa_rozmir-917","15":"pa_rozmir-918","16":"pa_rozmir-919","17":"pa_rozmir-920","18":"pa_rozmir-921","19":"pa_rozmir-922","21":"first","22":"instock","23":"purchasable","24":"product-type-variable"},"_links":{"self":[{"href":"https:\/\/nextsnkr.com\/fr\/wp-json\/wp\/v2\/product\/757072","targetHints":{"allow":["GET"]}}],"collection":[{"href":"https:\/\/nextsnkr.com\/fr\/wp-json\/wp\/v2\/product"}],"about":[{"href":"https:\/\/nextsnkr.com\/fr\/wp-json\/wp\/v2\/types\/product"}],"replies":[{"embeddable":true,"href":"https:\/\/nextsnkr.com\/fr\/wp-json\/wp\/v2\/comments?post=757072"}],"version-history":[{"count":0,"href":"https:\/\/nextsnkr.com\/fr\/wp-json\/wp\/v2\/product\/757072\/revisions"}],"wp:featuredmedia":[{"embeddable":true,"href":"https:\/\/nextsnkr.com\/fr\/wp-json\/wp\/v2\/media\/757073"}],"wp:attachment":[{"href":"https:\/\/nextsnkr.com\/fr\/wp-json\/wp\/v2\/media?parent=757072"}],"wp:term":[{"taxonomy":"product_brand","embeddable":true,"href":"https:\/\/nextsnkr.com\/fr\/wp-json\/wp\/v2\/product_brand?post=757072"},{"taxonomy":"product_cat","embeddable":true,"href":"https:\/\/nextsnkr.com\/fr\/wp-json\/wp\/v2\/product_cat?post=757072"},{"taxonomy":"product_tag","embeddable":true,"href":"https:\/\/nextsnkr.com\/fr\/wp-json\/wp\/v2\/product_tag?post=757072"}],"curies":[{"name":"wp","href":"https:\/\/api.w.org\/{rel}","templated":true}]}}