{"id":756732,"date":"2025-06-18T19:20:17","date_gmt":"2025-06-18T16:20:17","guid":{"rendered":"https:\/\/nextsnkr.com\/product\/yeezy-slide-resin\/"},"modified":"2026-01-31T18:43:12","modified_gmt":"2026-01-31T15:43:12","slug":"yeezy-slide-resin","status":"publish","type":"product","link":"https:\/\/nextsnkr.com\/fr\/produit\/yeezy-slide-resin\/","title":{"rendered":"Pantoufles YEEZY Slide Resin-l\u00e9ger et confortable pour un usage quotidien"},"content":{"rendered":"<h2>Pantoufles YEEZY Slide Resin-l\u00e9ger et confortable pour un usage quotidien<\/h2>\n<p>Les chaussons YEEZY Slide Resin sont fabriqu\u00e9s \u00e0 partir de mousse de haute qualit\u00e9, offrant l\u00e9g\u00e8ret\u00e9, amorti et confort \u00e0 chaque \u00e9tape. Le design \u00e9l\u00e9gant et la couleur polyvalente de Resin en font un choix id\u00e9al pour un usage quotidien \u00e0 la maison ou \u00e0 l&rsquo;ext\u00e9rieur. Fabricant-Vietnam, garantit la fiabilit\u00e9 et la durabilit\u00e9 du mat\u00e9riau. Choisissez Yeezy Slide Resin pour le confort, la praticit\u00e9 et le style moderne \u00e0 tout moment.<\/p>\n","protected":false},"excerpt":{"rendered":"<p>Les chaussons YEEZY Slide Resin sont fabriqu\u00e9s \u00e0 partir de mousse de haute qualit\u00e9, offrant l\u00e9g\u00e8ret\u00e9, amorti et confort \u00e0 chaque \u00e9tape. Le design \u00e9l\u00e9gant et la couleur polyvalente de Resin en font un choix id\u00e9al pour un usage quotidien \u00e0 la maison ou \u00e0 l&rsquo;ext\u00e9rieur. Fabricant-Vietnam, garantit la fiabilit\u00e9 et la durabilit\u00e9 du mat\u00e9riau. Choisissez Yeezy Slide Resin pour le confort, la praticit\u00e9 et le style moderne \u00e0 tout moment.<\/p>\n","protected":false},"featured_media":756733,"comment_status":"open","ping_status":"open","template":"","meta":[],"product_brand":[],"product_cat":[3397,3212,3421],"product_tag":[],"class_list":{"0":"post-756732","1":"product","2":"type-product","3":"status-publish","4":"has-post-thumbnail","6":"product_cat-adidas-yeezy","7":"product_cat-all-product","8":"product_cat-shlopantsi","9":"pa_rozmir-910","10":"pa_rozmir-912","11":"pa_rozmir-914","12":"pa_rozmir-915","13":"pa_rozmir-916","14":"pa_rozmir-917","15":"pa_rozmir-918","16":"pa_rozmir-919","17":"pa_rozmir-920","18":"pa_rozmir-921","19":"pa_rozmir-922","21":"first","22":"instock","23":"purchasable","24":"product-type-variable"},"_links":{"self":[{"href":"https:\/\/nextsnkr.com\/fr\/wp-json\/wp\/v2\/product\/756732","targetHints":{"allow":["GET"]}}],"collection":[{"href":"https:\/\/nextsnkr.com\/fr\/wp-json\/wp\/v2\/product"}],"about":[{"href":"https:\/\/nextsnkr.com\/fr\/wp-json\/wp\/v2\/types\/product"}],"replies":[{"embeddable":true,"href":"https:\/\/nextsnkr.com\/fr\/wp-json\/wp\/v2\/comments?post=756732"}],"version-history":[{"count":0,"href":"https:\/\/nextsnkr.com\/fr\/wp-json\/wp\/v2\/product\/756732\/revisions"}],"wp:featuredmedia":[{"embeddable":true,"href":"https:\/\/nextsnkr.com\/fr\/wp-json\/wp\/v2\/media\/756733"}],"wp:attachment":[{"href":"https:\/\/nextsnkr.com\/fr\/wp-json\/wp\/v2\/media?parent=756732"}],"wp:term":[{"taxonomy":"product_brand","embeddable":true,"href":"https:\/\/nextsnkr.com\/fr\/wp-json\/wp\/v2\/product_brand?post=756732"},{"taxonomy":"product_cat","embeddable":true,"href":"https:\/\/nextsnkr.com\/fr\/wp-json\/wp\/v2\/product_cat?post=756732"},{"taxonomy":"product_tag","embeddable":true,"href":"https:\/\/nextsnkr.com\/fr\/wp-json\/wp\/v2\/product_tag?post=756732"}],"curies":[{"name":"wp","href":"https:\/\/api.w.org\/{rel}","templated":true}]}}