{"id":754019,"date":"2025-06-13T12:31:39","date_gmt":"2025-06-13T09:31:39","guid":{"rendered":"https:\/\/nextsnkr.com\/product\/black-2\/"},"modified":"2026-01-31T18:41:53","modified_gmt":"2026-01-31T15:41:53","slug":"black-2","status":"publish","type":"product","link":"https:\/\/nextsnkr.com\/fr\/produit\/black-2\/","title":{"rendered":"Baskets homme noir-cuir et textile, chaussures d\u00e9contract\u00e9es \u00e9l\u00e9gantes"},"content":{"rendered":"<h2>Baskets homme noir-cuir et textile, chaussures d\u00e9contract\u00e9es \u00e9l\u00e9gantes<\/h2>\n<p>Les baskets polyvalentes Black sont con\u00e7ues pour un confort quotidien et un style moderne. La combinaison de cuir v\u00e9ritable et de Textiles respirants offre une r\u00e9sistance \u00e0 l&rsquo;usure, une l\u00e9g\u00e8ret\u00e9 et un ajustement agr\u00e9able. La semelle robuste garantit un amorti fiable lors d&rsquo;une utilisation active. Fabriqu\u00e9es dans une usine en Chine, ces baskets allient qualit\u00e9, design tendance et praticit\u00e9. Choix parfait pour la ville, la marche et le rythme quotidien de la vie.<\/p>\n","protected":false},"excerpt":{"rendered":"<p>Les baskets polyvalentes Black sont con\u00e7ues pour un confort quotidien et un style moderne. La combinaison de cuir v\u00e9ritable et de Textiles respirants offre une r\u00e9sistance \u00e0 l&rsquo;usure, une l\u00e9g\u00e8ret\u00e9 et un ajustement agr\u00e9able. La semelle robuste garantit un amorti fiable lors d&rsquo;une utilisation active. Fabriqu\u00e9es dans une usine en Chine, ces baskets allient qualit\u00e9, design tendance et praticit\u00e9. Choix parfait pour la ville, la marche et le rythme quotidien de la vie.<\/p>\n","protected":false},"featured_media":754020,"comment_status":"open","ping_status":"open","template":"","meta":[],"product_brand":[],"product_cat":[3212,3213],"product_tag":[],"class_list":{"0":"post-754019","1":"product","2":"type-product","3":"status-publish","4":"has-post-thumbnail","6":"product_cat-all-product","7":"product_cat-krosivky","8":"pa_rozmir-910","9":"pa_rozmir-912","10":"pa_rozmir-914","11":"pa_rozmir-915","12":"pa_rozmir-916","13":"pa_rozmir-917","14":"pa_rozmir-918","15":"pa_rozmir-919","16":"pa_rozmir-920","17":"pa_rozmir-921","18":"pa_rozmir-922","20":"first","21":"instock","22":"purchasable","23":"product-type-variable"},"_links":{"self":[{"href":"https:\/\/nextsnkr.com\/fr\/wp-json\/wp\/v2\/product\/754019","targetHints":{"allow":["GET"]}}],"collection":[{"href":"https:\/\/nextsnkr.com\/fr\/wp-json\/wp\/v2\/product"}],"about":[{"href":"https:\/\/nextsnkr.com\/fr\/wp-json\/wp\/v2\/types\/product"}],"replies":[{"embeddable":true,"href":"https:\/\/nextsnkr.com\/fr\/wp-json\/wp\/v2\/comments?post=754019"}],"version-history":[{"count":0,"href":"https:\/\/nextsnkr.com\/fr\/wp-json\/wp\/v2\/product\/754019\/revisions"}],"wp:featuredmedia":[{"embeddable":true,"href":"https:\/\/nextsnkr.com\/fr\/wp-json\/wp\/v2\/media\/754020"}],"wp:attachment":[{"href":"https:\/\/nextsnkr.com\/fr\/wp-json\/wp\/v2\/media?parent=754019"}],"wp:term":[{"taxonomy":"product_brand","embeddable":true,"href":"https:\/\/nextsnkr.com\/fr\/wp-json\/wp\/v2\/product_brand?post=754019"},{"taxonomy":"product_cat","embeddable":true,"href":"https:\/\/nextsnkr.com\/fr\/wp-json\/wp\/v2\/product_cat?post=754019"},{"taxonomy":"product_tag","embeddable":true,"href":"https:\/\/nextsnkr.com\/fr\/wp-json\/wp\/v2\/product_tag?post=754019"}],"curies":[{"name":"wp","href":"https:\/\/api.w.org\/{rel}","templated":true}]}}