{"id":752485,"date":"2025-06-13T12:35:18","date_gmt":"2025-06-13T09:35:18","guid":{"rendered":"https:\/\/nextsnkr.com\/product\/white-crystal\/"},"modified":"2026-01-31T18:41:03","modified_gmt":"2026-01-31T15:41:03","slug":"white-crystal","status":"publish","type":"product","link":"https:\/\/nextsnkr.com\/fr\/produit\/white-crystal\/","title":{"rendered":"Baskets White Crystal cuir \/ textile-\u00e9l\u00e9gant et polyvalent"},"content":{"rendered":"<h2>Baskets White Crystal cuir \/ textile-\u00e9l\u00e9gant et polyvalent<\/h2>\n<p>Les baskets White Crystal sont un mod\u00e8le \u00e9l\u00e9gant avec une combinaison de cuir v\u00e9ritable et de Textiles durables. Ils offrent un confort, une fixation s\u00fbre du pied et une excellente ventilation. Le design blanc polyvalent se Marie facilement avec les looks d\u00e9contract\u00e9s et sportifs. Fabriqu\u00e9es dans une usine en Chine, ces baskets se distinguent par leur qualit\u00e9 d&rsquo;ex\u00e9cution et leur style moderne. Parfait pour le port quotidien et le rythme de vie actif.<\/p>\n","protected":false},"excerpt":{"rendered":"<p>Les baskets White Crystal sont un mod\u00e8le \u00e9l\u00e9gant avec une combinaison de cuir v\u00e9ritable et de Textiles durables. Ils offrent un confort, une fixation s\u00fbre du pied et une excellente ventilation. Le design blanc polyvalent se Marie facilement avec les looks d\u00e9contract\u00e9s et sportifs. Fabriqu\u00e9es dans une usine en Chine, ces baskets se distinguent par leur qualit\u00e9 d&rsquo;ex\u00e9cution et leur style moderne. Parfait pour le port quotidien et le rythme de vie actif.<\/p>\n","protected":false},"featured_media":752486,"comment_status":"open","ping_status":"open","template":"","meta":[],"product_brand":[],"product_cat":[3212,3213],"product_tag":[],"class_list":{"0":"post-752485","1":"product","2":"type-product","3":"status-publish","4":"has-post-thumbnail","6":"product_cat-all-product","7":"product_cat-krosivky","8":"pa_rozmir-910","9":"pa_rozmir-912","10":"pa_rozmir-914","11":"pa_rozmir-915","12":"pa_rozmir-916","13":"pa_rozmir-917","14":"pa_rozmir-918","15":"pa_rozmir-919","16":"pa_rozmir-920","17":"pa_rozmir-921","18":"pa_rozmir-922","20":"first","21":"onbackorder","22":"purchasable","23":"product-type-variable"},"_links":{"self":[{"href":"https:\/\/nextsnkr.com\/fr\/wp-json\/wp\/v2\/product\/752485","targetHints":{"allow":["GET"]}}],"collection":[{"href":"https:\/\/nextsnkr.com\/fr\/wp-json\/wp\/v2\/product"}],"about":[{"href":"https:\/\/nextsnkr.com\/fr\/wp-json\/wp\/v2\/types\/product"}],"replies":[{"embeddable":true,"href":"https:\/\/nextsnkr.com\/fr\/wp-json\/wp\/v2\/comments?post=752485"}],"version-history":[{"count":0,"href":"https:\/\/nextsnkr.com\/fr\/wp-json\/wp\/v2\/product\/752485\/revisions"}],"wp:featuredmedia":[{"embeddable":true,"href":"https:\/\/nextsnkr.com\/fr\/wp-json\/wp\/v2\/media\/752486"}],"wp:attachment":[{"href":"https:\/\/nextsnkr.com\/fr\/wp-json\/wp\/v2\/media?parent=752485"}],"wp:term":[{"taxonomy":"product_brand","embeddable":true,"href":"https:\/\/nextsnkr.com\/fr\/wp-json\/wp\/v2\/product_brand?post=752485"},{"taxonomy":"product_cat","embeddable":true,"href":"https:\/\/nextsnkr.com\/fr\/wp-json\/wp\/v2\/product_cat?post=752485"},{"taxonomy":"product_tag","embeddable":true,"href":"https:\/\/nextsnkr.com\/fr\/wp-json\/wp\/v2\/product_tag?post=752485"}],"curies":[{"name":"wp","href":"https:\/\/api.w.org\/{rel}","templated":true}]}}