{"id":751978,"date":"2025-06-13T12:36:37","date_gmt":"2025-06-13T09:36:37","guid":{"rendered":"https:\/\/nextsnkr.com\/product\/chanel-black-white\/"},"modified":"2026-01-31T18:40:50","modified_gmt":"2026-01-31T15:40:50","slug":"chanel-black-white","status":"publish","type":"product","link":"https:\/\/nextsnkr.com\/fr\/produit\/chanel-black-white\/","title":{"rendered":"Baskets Chanel noir \/ blanc-baskets \u00e9l\u00e9gantes en cuir et textile"},"content":{"rendered":"<h2>Baskets Chanel noir \/ blanc-baskets \u00e9l\u00e9gantes en cuir et textile<\/h2>\n<p>Les baskets Chanel noir \/ blanc allient cuir haut de gamme et Textiles durables pour un confort et une durabilit\u00e9 \u00e9lev\u00e9s. Le mod\u00e8le en noir et blanc classique est con\u00e7u pour ceux qui appr\u00e9cient l&rsquo;\u00e9l\u00e9gance et le style dans les moindres d\u00e9tails. Avec une semelle confortable et des mat\u00e9riaux de qualit\u00e9, ces baskets sont parfaites pour un port quotidien. Fabriqu\u00e9s au Vietnam, ils compl\u00e9teront l&rsquo;image moderne et souligneront votre go\u00fbt.<\/p>\n","protected":false},"excerpt":{"rendered":"<p>Les baskets Chanel noir \/ blanc allient cuir haut de gamme et Textiles durables pour un confort et une durabilit\u00e9 \u00e9lev\u00e9s. Le mod\u00e8le en noir et blanc classique est con\u00e7u pour ceux qui appr\u00e9cient l&rsquo;\u00e9l\u00e9gance et le style dans les moindres d\u00e9tails. Avec une semelle confortable et des mat\u00e9riaux de qualit\u00e9, ces baskets sont parfaites pour un port quotidien. Fabriqu\u00e9s au Vietnam, ils compl\u00e9teront l&rsquo;image moderne et souligneront votre go\u00fbt.<\/p>\n","protected":false},"featured_media":751979,"comment_status":"open","ping_status":"open","template":"","meta":[],"product_brand":[],"product_cat":[3212,3213],"product_tag":[],"class_list":{"0":"post-751978","1":"product","2":"type-product","3":"status-publish","4":"has-post-thumbnail","6":"product_cat-all-product","7":"product_cat-krosivky","8":"pa_rozmir-910","9":"pa_rozmir-912","10":"pa_rozmir-914","11":"pa_rozmir-915","12":"pa_rozmir-916","13":"pa_rozmir-917","14":"pa_rozmir-918","15":"pa_rozmir-919","16":"pa_rozmir-920","17":"pa_rozmir-921","18":"pa_rozmir-922","20":"first","21":"onbackorder","22":"purchasable","23":"product-type-variable"},"_links":{"self":[{"href":"https:\/\/nextsnkr.com\/fr\/wp-json\/wp\/v2\/product\/751978","targetHints":{"allow":["GET"]}}],"collection":[{"href":"https:\/\/nextsnkr.com\/fr\/wp-json\/wp\/v2\/product"}],"about":[{"href":"https:\/\/nextsnkr.com\/fr\/wp-json\/wp\/v2\/types\/product"}],"replies":[{"embeddable":true,"href":"https:\/\/nextsnkr.com\/fr\/wp-json\/wp\/v2\/comments?post=751978"}],"version-history":[{"count":0,"href":"https:\/\/nextsnkr.com\/fr\/wp-json\/wp\/v2\/product\/751978\/revisions"}],"wp:featuredmedia":[{"embeddable":true,"href":"https:\/\/nextsnkr.com\/fr\/wp-json\/wp\/v2\/media\/751979"}],"wp:attachment":[{"href":"https:\/\/nextsnkr.com\/fr\/wp-json\/wp\/v2\/media?parent=751978"}],"wp:term":[{"taxonomy":"product_brand","embeddable":true,"href":"https:\/\/nextsnkr.com\/fr\/wp-json\/wp\/v2\/product_brand?post=751978"},{"taxonomy":"product_cat","embeddable":true,"href":"https:\/\/nextsnkr.com\/fr\/wp-json\/wp\/v2\/product_cat?post=751978"},{"taxonomy":"product_tag","embeddable":true,"href":"https:\/\/nextsnkr.com\/fr\/wp-json\/wp\/v2\/product_tag?post=751978"}],"curies":[{"name":"wp","href":"https:\/\/api.w.org\/{rel}","templated":true}]}}