{"id":751471,"date":"2025-06-13T12:37:58","date_gmt":"2025-06-13T09:37:58","guid":{"rendered":"https:\/\/nextsnkr.com\/product\/ugg-classic-mini-ii-zip-boot\/"},"modified":"2026-01-31T18:40:26","modified_gmt":"2026-01-31T15:40:26","slug":"ugg-classic-mini-ii-zip-boot","status":"publish","type":"product","link":"https:\/\/nextsnkr.com\/fr\/produit\/ugg-classic-mini-ii-zip-boot\/","title":{"rendered":"UGG Classic mini II Zip Boot en cuir et peau de mouton"},"content":{"rendered":"<h2>UGG Classic mini II Zip Boot en cuir et peau de mouton<\/h2>\n<p>UGG Classic Mini II Zip Boot sont des bottes d&rsquo;hiver chaudes et \u00e9l\u00e9gantes con\u00e7ues pour un maximum de confort. Le cuir v\u00e9ritable associ\u00e9 \u00e0 la peau de mouton douce procure chaleur, douceur et durabilit\u00e9. La fermeture \u00e0 glissi\u00e8re lat\u00e9rale ajoute du confort lors de la chaussure, tandis que le design classique UGG rend le mod\u00e8le polyvalent pour un port quotidien. C&rsquo;est le choix id\u00e9al pour ceux qui appr\u00e9cient les chaussures d&rsquo;hiver de qualit\u00e9 et le style impeccable.<\/p>\n","protected":false},"excerpt":{"rendered":"<p>UGG Classic Mini II Zip Boot sont des bottes d&rsquo;hiver chaudes et \u00e9l\u00e9gantes con\u00e7ues pour un maximum de confort. Le cuir v\u00e9ritable associ\u00e9 \u00e0 la peau de mouton douce procure chaleur, douceur et durabilit\u00e9. La fermeture \u00e0 glissi\u00e8re lat\u00e9rale ajoute du confort lors de la chaussure, tandis que le design classique UGG rend le mod\u00e8le polyvalent pour un port quotidien. C&rsquo;est le choix id\u00e9al pour ceux qui appr\u00e9cient les chaussures d&rsquo;hiver de qualit\u00e9 et le style impeccable.<\/p>\n","protected":false},"featured_media":751472,"comment_status":"open","ping_status":"open","template":"","meta":[],"product_brand":[],"product_cat":[3408,3212],"product_tag":[],"class_list":{"0":"post-751471","1":"product","2":"type-product","3":"status-publish","4":"has-post-thumbnail","6":"product_cat-ugg","7":"product_cat-all-product","8":"pa_rozmir-910","9":"pa_rozmir-912","10":"pa_rozmir-914","11":"pa_rozmir-915","12":"pa_rozmir-916","13":"pa_rozmir-917","14":"pa_rozmir-918","15":"pa_rozmir-919","16":"pa_rozmir-920","17":"pa_rozmir-921","18":"pa_rozmir-922","20":"first","21":"instock","22":"purchasable","23":"product-type-variable"},"_links":{"self":[{"href":"https:\/\/nextsnkr.com\/fr\/wp-json\/wp\/v2\/product\/751471","targetHints":{"allow":["GET"]}}],"collection":[{"href":"https:\/\/nextsnkr.com\/fr\/wp-json\/wp\/v2\/product"}],"about":[{"href":"https:\/\/nextsnkr.com\/fr\/wp-json\/wp\/v2\/types\/product"}],"replies":[{"embeddable":true,"href":"https:\/\/nextsnkr.com\/fr\/wp-json\/wp\/v2\/comments?post=751471"}],"version-history":[{"count":0,"href":"https:\/\/nextsnkr.com\/fr\/wp-json\/wp\/v2\/product\/751471\/revisions"}],"wp:featuredmedia":[{"embeddable":true,"href":"https:\/\/nextsnkr.com\/fr\/wp-json\/wp\/v2\/media\/751472"}],"wp:attachment":[{"href":"https:\/\/nextsnkr.com\/fr\/wp-json\/wp\/v2\/media?parent=751471"}],"wp:term":[{"taxonomy":"product_brand","embeddable":true,"href":"https:\/\/nextsnkr.com\/fr\/wp-json\/wp\/v2\/product_brand?post=751471"},{"taxonomy":"product_cat","embeddable":true,"href":"https:\/\/nextsnkr.com\/fr\/wp-json\/wp\/v2\/product_cat?post=751471"},{"taxonomy":"product_tag","embeddable":true,"href":"https:\/\/nextsnkr.com\/fr\/wp-json\/wp\/v2\/product_tag?post=751471"}],"curies":[{"name":"wp","href":"https:\/\/api.w.org\/{rel}","templated":true}]}}