{"id":751302,"date":"2025-06-13T12:38:20","date_gmt":"2025-06-13T09:38:20","guid":{"rendered":"https:\/\/nextsnkr.com\/product\/ugg-mini-grey-lux\/"},"modified":"2026-01-31T18:40:19","modified_gmt":"2026-01-31T15:40:19","slug":"ugg-mini-grey-lux","status":"publish","type":"product","link":"https:\/\/nextsnkr.com\/fr\/produit\/ugg-mini-grey-lux\/","title":{"rendered":"Ugg mini Grey Lux-Uggs f\u00e9minins \u00e9l\u00e9gants en gris"},"content":{"rendered":"<h2>Ugg mini Grey Lux-Uggs f\u00e9minins \u00e9l\u00e9gants en gris<\/h2>\n<p>Les Ugg mini Grey Lux sont des Uggs f\u00e9minins \u00e9l\u00e9gants et chauds con\u00e7us pour une d\u00e9marche confortable pendant la saison froide. Une couche int\u00e9rieure douce donne du confort et une teinte grise \u00e9l\u00e9gante se Marie facilement avec n&rsquo;importe quelle garde-robe. La semelle l\u00e9g\u00e8re offre un amorti et une foul\u00e9e s\u00fbre. Ugg mini Grey Lux est le choix id\u00e9al pour ceux qui appr\u00e9cient la chaleur, le confort et le style minimaliste moderne.<\/p>\n","protected":false},"excerpt":{"rendered":"<p>Les Ugg mini Grey Lux sont des Uggs f\u00e9minins \u00e9l\u00e9gants et chauds con\u00e7us pour une d\u00e9marche confortable pendant la saison froide. Une couche int\u00e9rieure douce donne du confort et une teinte grise \u00e9l\u00e9gante se Marie facilement avec n&rsquo;importe quelle garde-robe. La semelle l\u00e9g\u00e8re offre un amorti et une foul\u00e9e s\u00fbre. Ugg mini Grey Lux est le choix id\u00e9al pour ceux qui appr\u00e9cient la chaleur, le confort et le style minimaliste moderne.<\/p>\n","protected":false},"featured_media":751303,"comment_status":"open","ping_status":"open","template":"","meta":[],"product_brand":[],"product_cat":[3408,3212],"product_tag":[],"class_list":{"0":"post-751302","1":"product","2":"type-product","3":"status-publish","4":"has-post-thumbnail","6":"product_cat-ugg","7":"product_cat-all-product","8":"pa_rozmir-910","9":"pa_rozmir-912","10":"pa_rozmir-914","11":"pa_rozmir-915","12":"pa_rozmir-916","13":"pa_rozmir-917","14":"pa_rozmir-918","15":"pa_rozmir-919","16":"pa_rozmir-920","17":"pa_rozmir-921","18":"pa_rozmir-922","20":"first","21":"instock","22":"purchasable","23":"product-type-variable"},"_links":{"self":[{"href":"https:\/\/nextsnkr.com\/fr\/wp-json\/wp\/v2\/product\/751302","targetHints":{"allow":["GET"]}}],"collection":[{"href":"https:\/\/nextsnkr.com\/fr\/wp-json\/wp\/v2\/product"}],"about":[{"href":"https:\/\/nextsnkr.com\/fr\/wp-json\/wp\/v2\/types\/product"}],"replies":[{"embeddable":true,"href":"https:\/\/nextsnkr.com\/fr\/wp-json\/wp\/v2\/comments?post=751302"}],"version-history":[{"count":0,"href":"https:\/\/nextsnkr.com\/fr\/wp-json\/wp\/v2\/product\/751302\/revisions"}],"wp:featuredmedia":[{"embeddable":true,"href":"https:\/\/nextsnkr.com\/fr\/wp-json\/wp\/v2\/media\/751303"}],"wp:attachment":[{"href":"https:\/\/nextsnkr.com\/fr\/wp-json\/wp\/v2\/media?parent=751302"}],"wp:term":[{"taxonomy":"product_brand","embeddable":true,"href":"https:\/\/nextsnkr.com\/fr\/wp-json\/wp\/v2\/product_brand?post=751302"},{"taxonomy":"product_cat","embeddable":true,"href":"https:\/\/nextsnkr.com\/fr\/wp-json\/wp\/v2\/product_cat?post=751302"},{"taxonomy":"product_tag","embeddable":true,"href":"https:\/\/nextsnkr.com\/fr\/wp-json\/wp\/v2\/product_tag?post=751302"}],"curies":[{"name":"wp","href":"https:\/\/api.w.org\/{rel}","templated":true}]}}