{"id":749443,"date":"2025-06-14T15:57:05","date_gmt":"2025-06-14T12:57:05","guid":{"rendered":"https:\/\/nextsnkr.com\/product\/dior-sandals-white\/"},"modified":"2026-01-31T18:39:18","modified_gmt":"2026-01-31T15:39:18","slug":"dior-sandals-white","status":"publish","type":"product","link":"https:\/\/nextsnkr.com\/fr\/produit\/dior-sandals-white\/","title":{"rendered":"Sandales Dior Sandals White en textile-\u00e9l\u00e9gantes et confortables"},"content":{"rendered":"<h2>Sandales Dior Sandals White en textile-\u00e9l\u00e9gantes et confortables<\/h2>\n<p>Dior Sandals White est une sandale textile l\u00e9g\u00e8re et \u00e9l\u00e9gante pour femme con\u00e7ue pour un confort et un look \u00e9l\u00e9gant. Le mod\u00e8le se caract\u00e9rise par un design r\u00e9fl\u00e9chi qui offre un confort lors de son port quotidien, tandis que la couleur claire le rend polyvalent pour les looks estivaux. Fabriqu\u00e9es en Chine, les sandales Dior allient design moderne, mat\u00e9riaux de qualit\u00e9 sup\u00e9rieure et durabilit\u00e9. Le choix id\u00e9al pour ceux qui appr\u00e9cient le confort, l&rsquo;esth\u00e9tique et la marque Dior.<\/p>\n","protected":false},"excerpt":{"rendered":"<p>Dior Sandals White est une sandale textile l\u00e9g\u00e8re et \u00e9l\u00e9gante pour femme con\u00e7ue pour un confort et un look \u00e9l\u00e9gant. Le mod\u00e8le se caract\u00e9rise par un design r\u00e9fl\u00e9chi qui offre un confort lors de son port quotidien, tandis que la couleur claire le rend polyvalent pour les looks estivaux. Fabriqu\u00e9es en Chine, les sandales Dior allient design moderne, mat\u00e9riaux de qualit\u00e9 sup\u00e9rieure et durabilit\u00e9. Le choix id\u00e9al pour ceux qui appr\u00e9cient le confort, l&rsquo;esth\u00e9tique et la marque Dior.<\/p>\n","protected":false},"featured_media":749444,"comment_status":"open","ping_status":"open","template":"","meta":[],"product_brand":[],"product_cat":[3212,3448],"product_tag":[],"class_list":{"0":"post-749443","1":"product","2":"type-product","3":"status-publish","4":"has-post-thumbnail","6":"product_cat-all-product","7":"product_cat-sandali","8":"pa_rozmir-910","9":"pa_rozmir-912","10":"pa_rozmir-914","11":"pa_rozmir-915","12":"pa_rozmir-916","13":"pa_rozmir-917","14":"pa_rozmir-918","15":"pa_rozmir-919","16":"pa_rozmir-920","17":"pa_rozmir-921","18":"pa_rozmir-922","20":"first","21":"onbackorder","22":"purchasable","23":"product-type-variable"},"_links":{"self":[{"href":"https:\/\/nextsnkr.com\/fr\/wp-json\/wp\/v2\/product\/749443","targetHints":{"allow":["GET"]}}],"collection":[{"href":"https:\/\/nextsnkr.com\/fr\/wp-json\/wp\/v2\/product"}],"about":[{"href":"https:\/\/nextsnkr.com\/fr\/wp-json\/wp\/v2\/types\/product"}],"replies":[{"embeddable":true,"href":"https:\/\/nextsnkr.com\/fr\/wp-json\/wp\/v2\/comments?post=749443"}],"version-history":[{"count":0,"href":"https:\/\/nextsnkr.com\/fr\/wp-json\/wp\/v2\/product\/749443\/revisions"}],"wp:featuredmedia":[{"embeddable":true,"href":"https:\/\/nextsnkr.com\/fr\/wp-json\/wp\/v2\/media\/749444"}],"wp:attachment":[{"href":"https:\/\/nextsnkr.com\/fr\/wp-json\/wp\/v2\/media?parent=749443"}],"wp:term":[{"taxonomy":"product_brand","embeddable":true,"href":"https:\/\/nextsnkr.com\/fr\/wp-json\/wp\/v2\/product_brand?post=749443"},{"taxonomy":"product_cat","embeddable":true,"href":"https:\/\/nextsnkr.com\/fr\/wp-json\/wp\/v2\/product_cat?post=749443"},{"taxonomy":"product_tag","embeddable":true,"href":"https:\/\/nextsnkr.com\/fr\/wp-json\/wp\/v2\/product_tag?post=749443"}],"curies":[{"name":"wp","href":"https:\/\/api.w.org\/{rel}","templated":true}]}}