{"id":748260,"date":"2025-06-14T16:01:57","date_gmt":"2025-06-14T13:01:57","guid":{"rendered":"https:\/\/nextsnkr.com\/product\/empire-sandal-hermes-leather-black\/"},"modified":"2026-01-31T18:38:41","modified_gmt":"2026-01-31T15:38:41","slug":"empire-sandal-hermes-leather-black","status":"publish","type":"product","link":"https:\/\/nextsnkr.com\/fr\/produit\/empire-sandal-hermes-leather-black\/","title":{"rendered":"Pantoufles Empire Sandal Hermes Leather Black-pantoufles en cuir pour hommes"},"content":{"rendered":"<h2>Pantoufles Empire Sandal Hermes Leather Black-pantoufles en cuir pour hommes<\/h2>\n<p>Empire Sandal Hermes Leather Black est une pantoufle \u00e9l\u00e9gante et confortable fabriqu\u00e9e en cuir v\u00e9ritable de haute qualit\u00e9 pour une durabilit\u00e9 et un confort quotidiens. La couleur noire classique met l&rsquo;accent sur le style et la polyvalence, convient \u00e0 la maison, \u00e0 la plage et aux sorties quotidiennes. Fabriqu\u00e9s en France (en Chine), ils allient robustesse, l\u00e9g\u00e8ret\u00e9 et design moderne. Un choix id\u00e9al pour ceux qui appr\u00e9cient le confort et le look haut de gamme.<\/p>\n","protected":false},"excerpt":{"rendered":"<p>Empire Sandal Hermes Leather Black est une pantoufle \u00e9l\u00e9gante et confortable fabriqu\u00e9e en cuir v\u00e9ritable de haute qualit\u00e9 pour une durabilit\u00e9 et un confort quotidiens. La couleur noire classique met l&rsquo;accent sur le style et la polyvalence, convient \u00e0 la maison, \u00e0 la plage et aux sorties quotidiennes. Fabriqu\u00e9s en France (en Chine), ils allient robustesse, l\u00e9g\u00e8ret\u00e9 et design moderne. Un choix id\u00e9al pour ceux qui appr\u00e9cient le confort et le look haut de gamme.<\/p>\n","protected":false},"featured_media":748261,"comment_status":"open","ping_status":"open","template":"","meta":[],"product_brand":[],"product_cat":[3212,3421],"product_tag":[],"class_list":{"0":"post-748260","1":"product","2":"type-product","3":"status-publish","4":"has-post-thumbnail","6":"product_cat-all-product","7":"product_cat-shlopantsi","8":"pa_rozmir-910","9":"pa_rozmir-912","10":"pa_rozmir-914","11":"pa_rozmir-915","12":"pa_rozmir-916","13":"pa_rozmir-917","14":"pa_rozmir-918","15":"pa_rozmir-919","16":"pa_rozmir-920","17":"pa_rozmir-921","18":"pa_rozmir-922","20":"first","21":"onbackorder","22":"purchasable","23":"product-type-variable"},"_links":{"self":[{"href":"https:\/\/nextsnkr.com\/fr\/wp-json\/wp\/v2\/product\/748260","targetHints":{"allow":["GET"]}}],"collection":[{"href":"https:\/\/nextsnkr.com\/fr\/wp-json\/wp\/v2\/product"}],"about":[{"href":"https:\/\/nextsnkr.com\/fr\/wp-json\/wp\/v2\/types\/product"}],"replies":[{"embeddable":true,"href":"https:\/\/nextsnkr.com\/fr\/wp-json\/wp\/v2\/comments?post=748260"}],"version-history":[{"count":0,"href":"https:\/\/nextsnkr.com\/fr\/wp-json\/wp\/v2\/product\/748260\/revisions"}],"wp:featuredmedia":[{"embeddable":true,"href":"https:\/\/nextsnkr.com\/fr\/wp-json\/wp\/v2\/media\/748261"}],"wp:attachment":[{"href":"https:\/\/nextsnkr.com\/fr\/wp-json\/wp\/v2\/media?parent=748260"}],"wp:term":[{"taxonomy":"product_brand","embeddable":true,"href":"https:\/\/nextsnkr.com\/fr\/wp-json\/wp\/v2\/product_brand?post=748260"},{"taxonomy":"product_cat","embeddable":true,"href":"https:\/\/nextsnkr.com\/fr\/wp-json\/wp\/v2\/product_cat?post=748260"},{"taxonomy":"product_tag","embeddable":true,"href":"https:\/\/nextsnkr.com\/fr\/wp-json\/wp\/v2\/product_tag?post=748260"}],"curies":[{"name":"wp","href":"https:\/\/api.w.org\/{rel}","templated":true}]}}