{"id":745716,"date":"2025-06-14T16:12:16","date_gmt":"2025-06-14T13:12:16","guid":{"rendered":"https:\/\/nextsnkr.com\/product\/balenciaga-3xl-extreme-lace-grey\/"},"modified":"2026-01-31T18:37:28","modified_gmt":"2026-01-31T15:37:28","slug":"balenciaga-3xl-extreme-lace-grey","status":"publish","type":"product","link":"https:\/\/nextsnkr.com\/fr\/produit\/balenciaga-3xl-extreme-lace-grey\/","title":{"rendered":"Baskets Balenciaga 3XL Extreme Lace Grey-cuir et textile gris"},"content":{"rendered":"<h2>Baskets Balenciaga 3XL Extreme Lace Grey-cuir et textile gris<\/h2>\n<p>Les baskets Balenciaga 3XL Extreme Lace Grey sont un mod\u00e8le haut de gamme \u00e9l\u00e9gant avec une combinaison de cuir et de Textiles pour un confort et une durabilit\u00e9 maximaux. La couleur grise ajoute de la polyvalence et la semelle ext\u00e9rieure massive Extreme Lace met en valeur le style urbain moderne. Fabriqu\u00e9es en Chine \u00e0 partir de mat\u00e9riaux de haute qualit\u00e9, ces baskets garantissent confort et r\u00e9sistance \u00e0 l&rsquo;usure. Choisissez Balenciaga 3XL Extreme Lace Grey pour un look d\u00e9contract\u00e9 expressif et confortable.<\/p>\n","protected":false},"excerpt":{"rendered":"<p>Les baskets Balenciaga 3XL Extreme Lace Grey sont un mod\u00e8le haut de gamme \u00e9l\u00e9gant avec une combinaison de cuir et de Textiles pour un confort et une durabilit\u00e9 maximaux. La couleur grise ajoute de la polyvalence et la semelle ext\u00e9rieure massive Extreme Lace met en valeur le style urbain moderne. Fabriqu\u00e9es en Chine \u00e0 partir de mat\u00e9riaux de haute qualit\u00e9, ces baskets garantissent confort et r\u00e9sistance \u00e0 l&rsquo;usure. Choisissez Balenciaga 3XL Extreme Lace Grey pour un look d\u00e9contract\u00e9 expressif et confortable.<\/p>\n","protected":false},"featured_media":745717,"comment_status":"open","ping_status":"open","template":"","meta":[],"product_brand":[],"product_cat":[3212,3213],"product_tag":[],"class_list":{"0":"post-745716","1":"product","2":"type-product","3":"status-publish","4":"has-post-thumbnail","6":"product_cat-all-product","7":"product_cat-krosivky","8":"pa_rozmir-910","9":"pa_rozmir-912","10":"pa_rozmir-914","11":"pa_rozmir-915","12":"pa_rozmir-916","13":"pa_rozmir-917","14":"pa_rozmir-918","15":"pa_rozmir-919","16":"pa_rozmir-920","17":"pa_rozmir-921","18":"pa_rozmir-922","20":"first","21":"instock","22":"purchasable","23":"product-type-variable"},"_links":{"self":[{"href":"https:\/\/nextsnkr.com\/fr\/wp-json\/wp\/v2\/product\/745716","targetHints":{"allow":["GET"]}}],"collection":[{"href":"https:\/\/nextsnkr.com\/fr\/wp-json\/wp\/v2\/product"}],"about":[{"href":"https:\/\/nextsnkr.com\/fr\/wp-json\/wp\/v2\/types\/product"}],"replies":[{"embeddable":true,"href":"https:\/\/nextsnkr.com\/fr\/wp-json\/wp\/v2\/comments?post=745716"}],"version-history":[{"count":0,"href":"https:\/\/nextsnkr.com\/fr\/wp-json\/wp\/v2\/product\/745716\/revisions"}],"wp:featuredmedia":[{"embeddable":true,"href":"https:\/\/nextsnkr.com\/fr\/wp-json\/wp\/v2\/media\/745717"}],"wp:attachment":[{"href":"https:\/\/nextsnkr.com\/fr\/wp-json\/wp\/v2\/media?parent=745716"}],"wp:term":[{"taxonomy":"product_brand","embeddable":true,"href":"https:\/\/nextsnkr.com\/fr\/wp-json\/wp\/v2\/product_brand?post=745716"},{"taxonomy":"product_cat","embeddable":true,"href":"https:\/\/nextsnkr.com\/fr\/wp-json\/wp\/v2\/product_cat?post=745716"},{"taxonomy":"product_tag","embeddable":true,"href":"https:\/\/nextsnkr.com\/fr\/wp-json\/wp\/v2\/product_tag?post=745716"}],"curies":[{"name":"wp","href":"https:\/\/api.w.org\/{rel}","templated":true}]}}