{"id":745534,"date":"2025-06-14T16:13:10","date_gmt":"2025-06-14T13:13:10","guid":{"rendered":"https:\/\/nextsnkr.com\/product\/balenciaga-3xl-black-white\/"},"modified":"2026-01-31T18:37:21","modified_gmt":"2026-01-31T15:37:21","slug":"balenciaga-3xl-black-white","status":"publish","type":"product","link":"https:\/\/nextsnkr.com\/fr\/produit\/balenciaga-3xl-black-white\/","title":{"rendered":"Baskets Balenciaga 3XL noir \/ blanc en cuir et textile"},"content":{"rendered":"<h2>Baskets Balenciaga 3XL noir \/ blanc en cuir et textile<\/h2>\n<p>Balenciaga 3XL noir \/ blanc-baskets \u00e9l\u00e9gantes et modernes, la combinaison de cuir et de textile offre durabilit\u00e9, confort et excellente ventilation. Le mod\u00e8le se distingue par un design massif avec des \u00e9l\u00e9ments noirs et blancs contrast\u00e9s, ce qui ajoute \u00e0 l&rsquo;image de l&rsquo;unicit\u00e9 et de la tendance. Fabriqu\u00e9es en Chine, les baskets Balenciaga sont parfaites pour un port quotidien et un style urbain actif, alliant une qualit\u00e9 sup\u00e9rieure et un look moderne.<\/p>\n","protected":false},"excerpt":{"rendered":"<p>Balenciaga 3XL noir \/ blanc-baskets \u00e9l\u00e9gantes et modernes, la combinaison de cuir et de textile offre durabilit\u00e9, confort et excellente ventilation. Le mod\u00e8le se distingue par un design massif avec des \u00e9l\u00e9ments noirs et blancs contrast\u00e9s, ce qui ajoute \u00e0 l&rsquo;image de l&rsquo;unicit\u00e9 et de la tendance. Fabriqu\u00e9es en Chine, les baskets Balenciaga sont parfaites pour un port quotidien et un style urbain actif, alliant une qualit\u00e9 sup\u00e9rieure et un look moderne.<\/p>\n","protected":false},"featured_media":745535,"comment_status":"open","ping_status":"open","template":"","meta":[],"product_brand":[],"product_cat":[3212,3213],"product_tag":[],"class_list":{"0":"post-745534","1":"product","2":"type-product","3":"status-publish","4":"has-post-thumbnail","6":"product_cat-all-product","7":"product_cat-krosivky","8":"pa_rozmir-910","9":"pa_rozmir-912","10":"pa_rozmir-914","11":"pa_rozmir-915","12":"pa_rozmir-916","13":"pa_rozmir-917","14":"pa_rozmir-918","15":"pa_rozmir-919","16":"pa_rozmir-920","17":"pa_rozmir-921","18":"pa_rozmir-922","20":"first","21":"onbackorder","22":"purchasable","23":"product-type-variable"},"_links":{"self":[{"href":"https:\/\/nextsnkr.com\/fr\/wp-json\/wp\/v2\/product\/745534","targetHints":{"allow":["GET"]}}],"collection":[{"href":"https:\/\/nextsnkr.com\/fr\/wp-json\/wp\/v2\/product"}],"about":[{"href":"https:\/\/nextsnkr.com\/fr\/wp-json\/wp\/v2\/types\/product"}],"replies":[{"embeddable":true,"href":"https:\/\/nextsnkr.com\/fr\/wp-json\/wp\/v2\/comments?post=745534"}],"version-history":[{"count":0,"href":"https:\/\/nextsnkr.com\/fr\/wp-json\/wp\/v2\/product\/745534\/revisions"}],"wp:featuredmedia":[{"embeddable":true,"href":"https:\/\/nextsnkr.com\/fr\/wp-json\/wp\/v2\/media\/745535"}],"wp:attachment":[{"href":"https:\/\/nextsnkr.com\/fr\/wp-json\/wp\/v2\/media?parent=745534"}],"wp:term":[{"taxonomy":"product_brand","embeddable":true,"href":"https:\/\/nextsnkr.com\/fr\/wp-json\/wp\/v2\/product_brand?post=745534"},{"taxonomy":"product_cat","embeddable":true,"href":"https:\/\/nextsnkr.com\/fr\/wp-json\/wp\/v2\/product_cat?post=745534"},{"taxonomy":"product_tag","embeddable":true,"href":"https:\/\/nextsnkr.com\/fr\/wp-json\/wp\/v2\/product_tag?post=745534"}],"curies":[{"name":"wp","href":"https:\/\/api.w.org\/{rel}","templated":true}]}}