{"id":744988,"date":"2025-06-14T16:14:55","date_gmt":"2025-06-14T13:14:55","guid":{"rendered":"https:\/\/nextsnkr.com\/product\/vans-knu-skool-black\/"},"modified":"2026-01-31T18:37:08","modified_gmt":"2026-01-31T15:37:08","slug":"vans-knu-skool-black","status":"publish","type":"product","link":"https:\/\/nextsnkr.com\/fr\/produit\/vans-knu-skool-black\/","title":{"rendered":"Vans Knu Skool Black-baskets en daim et textile noir"},"content":{"rendered":"<h2>Vans Knu Skool Black-baskets en daim et textile noir<\/h2>\n<p>Les \u00e9l\u00e9gantes baskets Vans Knu Skool Black sont con\u00e7ues pour ceux qui appr\u00e9cient le confort et l&rsquo;esth\u00e9tique classique du skate. Le dessus en daim et textile offre durabilit\u00e9, confort et modernit\u00e9. La languette renforc\u00e9e et la semelle int\u00e9rieure rembourr\u00e9e ajoutent du confort, tandis que la semelle de marque Vans garantit une adh\u00e9rence sup\u00e9rieure. La couleur noire polyvalente se Marie facilement avec n&rsquo;importe quel look de tous les jours. Un choix parfait pour le style urbain et le mode de vie actif.<\/p>\n","protected":false},"excerpt":{"rendered":"<p>Les \u00e9l\u00e9gantes baskets Vans Knu Skool Black sont con\u00e7ues pour ceux qui appr\u00e9cient le confort et l&rsquo;esth\u00e9tique classique du skate. Le dessus en daim et textile offre durabilit\u00e9, confort et modernit\u00e9. La languette renforc\u00e9e et la semelle int\u00e9rieure rembourr\u00e9e ajoutent du confort, tandis que la semelle de marque Vans garantit une adh\u00e9rence sup\u00e9rieure. La couleur noire polyvalente se Marie facilement avec n&rsquo;importe quel look de tous les jours. Un choix parfait pour le style urbain et le mode de vie actif.<\/p>\n","protected":false},"featured_media":744989,"comment_status":"open","ping_status":"open","template":"","meta":[],"product_brand":[],"product_cat":[3212,3319],"product_tag":[],"class_list":{"0":"post-744988","1":"product","2":"type-product","3":"status-publish","4":"has-post-thumbnail","6":"product_cat-all-product","7":"product_cat-kedy","8":"pa_rozmir-910","9":"pa_rozmir-912","10":"pa_rozmir-914","11":"pa_rozmir-915","12":"pa_rozmir-916","13":"pa_rozmir-917","14":"pa_rozmir-918","15":"pa_rozmir-919","16":"pa_rozmir-920","17":"pa_rozmir-921","18":"pa_rozmir-922","20":"first","21":"instock","22":"purchasable","23":"product-type-variable"},"_links":{"self":[{"href":"https:\/\/nextsnkr.com\/fr\/wp-json\/wp\/v2\/product\/744988","targetHints":{"allow":["GET"]}}],"collection":[{"href":"https:\/\/nextsnkr.com\/fr\/wp-json\/wp\/v2\/product"}],"about":[{"href":"https:\/\/nextsnkr.com\/fr\/wp-json\/wp\/v2\/types\/product"}],"replies":[{"embeddable":true,"href":"https:\/\/nextsnkr.com\/fr\/wp-json\/wp\/v2\/comments?post=744988"}],"version-history":[{"count":0,"href":"https:\/\/nextsnkr.com\/fr\/wp-json\/wp\/v2\/product\/744988\/revisions"}],"wp:featuredmedia":[{"embeddable":true,"href":"https:\/\/nextsnkr.com\/fr\/wp-json\/wp\/v2\/media\/744989"}],"wp:attachment":[{"href":"https:\/\/nextsnkr.com\/fr\/wp-json\/wp\/v2\/media?parent=744988"}],"wp:term":[{"taxonomy":"product_brand","embeddable":true,"href":"https:\/\/nextsnkr.com\/fr\/wp-json\/wp\/v2\/product_brand?post=744988"},{"taxonomy":"product_cat","embeddable":true,"href":"https:\/\/nextsnkr.com\/fr\/wp-json\/wp\/v2\/product_cat?post=744988"},{"taxonomy":"product_tag","embeddable":true,"href":"https:\/\/nextsnkr.com\/fr\/wp-json\/wp\/v2\/product_tag?post=744988"}],"curies":[{"name":"wp","href":"https:\/\/api.w.org\/{rel}","templated":true}]}}