{"id":743532,"date":"2025-06-14T16:20:20","date_gmt":"2025-06-14T13:20:20","guid":{"rendered":"https:\/\/nextsnkr.com\/product\/timberlad-x-off-white-black\/"},"modified":"2026-01-31T18:36:21","modified_gmt":"2026-01-31T15:36:21","slug":"timberlad-x-off-white-black","status":"publish","type":"product","link":"https:\/\/nextsnkr.com\/fr\/produit\/timberlad-x-off-white-black\/","title":{"rendered":"Bottes Timberland x Off-White Black-velours \u00e9l\u00e9gant pour hommes"},"content":{"rendered":"<h2>Bottes Timberland x Off-White Black-velours \u00e9l\u00e9gant pour hommes<\/h2>\n<p>Les bottes Timberland x Off-White Black sont un mod\u00e8le haut de gamme en velours doux et durable qui allie design moderne et confort. La couleur noire ajoute de la polyvalence et de l&rsquo;\u00e9l\u00e9gance, tandis que le coussinet confortable offre un confort lors d&rsquo;un port prolong\u00e9. Fabriqu\u00e9es au Vietnam, ces chaussures sont de haute qualit\u00e9 et durables. Un choix parfait pour un port quotidien et un style urbain actif pour mettre en valeur la personnalit\u00e9 et le go\u00fbt du porteur.<\/p>\n","protected":false},"excerpt":{"rendered":"<p>Les bottes Timberland x Off-White Black sont un mod\u00e8le haut de gamme en velours doux et durable qui allie design moderne et confort. La couleur noire ajoute de la polyvalence et de l&rsquo;\u00e9l\u00e9gance, tandis que le coussinet confortable offre un confort lors d&rsquo;un port prolong\u00e9. Fabriqu\u00e9es au Vietnam, ces chaussures sont de haute qualit\u00e9 et durables. Un choix parfait pour un port quotidien et un style urbain actif pour mettre en valeur la personnalit\u00e9 et le go\u00fbt du porteur.<\/p>\n","protected":false},"featured_media":743533,"comment_status":"open","ping_status":"open","template":"","meta":[],"product_brand":[],"product_cat":[3212,3332],"product_tag":[],"class_list":{"0":"post-743532","1":"product","2":"type-product","3":"status-publish","4":"has-post-thumbnail","6":"product_cat-all-product","7":"product_cat-cherevyky","8":"pa_rozmir-910","9":"pa_rozmir-912","10":"pa_rozmir-914","11":"pa_rozmir-915","12":"pa_rozmir-916","13":"pa_rozmir-917","14":"pa_rozmir-918","15":"pa_rozmir-919","16":"pa_rozmir-920","17":"pa_rozmir-921","18":"pa_rozmir-922","20":"first","21":"instock","22":"purchasable","23":"product-type-variable"},"_links":{"self":[{"href":"https:\/\/nextsnkr.com\/fr\/wp-json\/wp\/v2\/product\/743532","targetHints":{"allow":["GET"]}}],"collection":[{"href":"https:\/\/nextsnkr.com\/fr\/wp-json\/wp\/v2\/product"}],"about":[{"href":"https:\/\/nextsnkr.com\/fr\/wp-json\/wp\/v2\/types\/product"}],"replies":[{"embeddable":true,"href":"https:\/\/nextsnkr.com\/fr\/wp-json\/wp\/v2\/comments?post=743532"}],"version-history":[{"count":0,"href":"https:\/\/nextsnkr.com\/fr\/wp-json\/wp\/v2\/product\/743532\/revisions"}],"wp:featuredmedia":[{"embeddable":true,"href":"https:\/\/nextsnkr.com\/fr\/wp-json\/wp\/v2\/media\/743533"}],"wp:attachment":[{"href":"https:\/\/nextsnkr.com\/fr\/wp-json\/wp\/v2\/media?parent=743532"}],"wp:term":[{"taxonomy":"product_brand","embeddable":true,"href":"https:\/\/nextsnkr.com\/fr\/wp-json\/wp\/v2\/product_brand?post=743532"},{"taxonomy":"product_cat","embeddable":true,"href":"https:\/\/nextsnkr.com\/fr\/wp-json\/wp\/v2\/product_cat?post=743532"},{"taxonomy":"product_tag","embeddable":true,"href":"https:\/\/nextsnkr.com\/fr\/wp-json\/wp\/v2\/product_tag?post=743532"}],"curies":[{"name":"wp","href":"https:\/\/api.w.org\/{rel}","templated":true}]}}