{"id":742258,"date":"2025-06-14T16:24:21","date_gmt":"2025-06-14T13:24:21","guid":{"rendered":"https:\/\/nextsnkr.com\/product\/ugg-maxi-clog-black\/"},"modified":"2026-01-31T18:35:39","modified_gmt":"2026-01-31T15:35:39","slug":"ugg-maxi-clog-black","status":"publish","type":"product","link":"https:\/\/nextsnkr.com\/fr\/produit\/ugg-maxi-clog-black\/","title":{"rendered":"Ugg Maxi Clog Black-Clog textile confortable avec laine"},"content":{"rendered":"<h2>Ugg Maxi Clog Black-Clog textile confortable avec laine<\/h2>\n<p>Ugg Maxi Clog Black est une chaussure confortable et chaude pour la maison et le port quotidien, faite de Textiles et de laine naturelle. La faible \u00e9l\u00e9vation procure l\u00e9g\u00e8ret\u00e9 et confort lors de la marche, tandis que la doublure int\u00e9rieure rembourr\u00e9e retient la chaleur pendant la saison froide. La couleur noire \u00e9l\u00e9gante se Marie facilement avec n&rsquo;importe quel style domestique ou d\u00e9contract\u00e9. Fabricant-Vietnam. Choisissez Ugg Maxi Clog Black pour le confort, la chaleur et le style moderne.<\/p>\n","protected":false},"excerpt":{"rendered":"<p>Ugg Maxi Clog Black est une chaussure confortable et chaude pour la maison et le port quotidien, faite de Textiles et de laine naturelle. La faible \u00e9l\u00e9vation procure l\u00e9g\u00e8ret\u00e9 et confort lors de la marche, tandis que la doublure int\u00e9rieure rembourr\u00e9e retient la chaleur pendant la saison froide. La couleur noire \u00e9l\u00e9gante se Marie facilement avec n&rsquo;importe quel style domestique ou d\u00e9contract\u00e9. Fabricant-Vietnam. Choisissez Ugg Maxi Clog Black pour le confort, la chaleur et le style moderne.<\/p>\n","protected":false},"featured_media":742259,"comment_status":"open","ping_status":"open","template":"","meta":[],"product_brand":[],"product_cat":[3408,3212],"product_tag":[],"class_list":{"0":"post-742258","1":"product","2":"type-product","3":"status-publish","4":"has-post-thumbnail","6":"product_cat-ugg","7":"product_cat-all-product","8":"pa_rozmir-910","9":"pa_rozmir-912","10":"pa_rozmir-914","11":"pa_rozmir-915","12":"pa_rozmir-916","13":"pa_rozmir-917","14":"pa_rozmir-918","15":"pa_rozmir-919","16":"pa_rozmir-920","17":"pa_rozmir-921","18":"pa_rozmir-922","20":"first","21":"instock","22":"purchasable","23":"product-type-variable"},"_links":{"self":[{"href":"https:\/\/nextsnkr.com\/fr\/wp-json\/wp\/v2\/product\/742258","targetHints":{"allow":["GET"]}}],"collection":[{"href":"https:\/\/nextsnkr.com\/fr\/wp-json\/wp\/v2\/product"}],"about":[{"href":"https:\/\/nextsnkr.com\/fr\/wp-json\/wp\/v2\/types\/product"}],"replies":[{"embeddable":true,"href":"https:\/\/nextsnkr.com\/fr\/wp-json\/wp\/v2\/comments?post=742258"}],"version-history":[{"count":0,"href":"https:\/\/nextsnkr.com\/fr\/wp-json\/wp\/v2\/product\/742258\/revisions"}],"wp:featuredmedia":[{"embeddable":true,"href":"https:\/\/nextsnkr.com\/fr\/wp-json\/wp\/v2\/media\/742259"}],"wp:attachment":[{"href":"https:\/\/nextsnkr.com\/fr\/wp-json\/wp\/v2\/media?parent=742258"}],"wp:term":[{"taxonomy":"product_brand","embeddable":true,"href":"https:\/\/nextsnkr.com\/fr\/wp-json\/wp\/v2\/product_brand?post=742258"},{"taxonomy":"product_cat","embeddable":true,"href":"https:\/\/nextsnkr.com\/fr\/wp-json\/wp\/v2\/product_cat?post=742258"},{"taxonomy":"product_tag","embeddable":true,"href":"https:\/\/nextsnkr.com\/fr\/wp-json\/wp\/v2\/product_tag?post=742258"}],"curies":[{"name":"wp","href":"https:\/\/api.w.org\/{rel}","templated":true}]}}