{"id":741348,"date":"2025-06-14T16:27:23","date_gmt":"2025-06-14T13:27:23","guid":{"rendered":"https:\/\/nextsnkr.com\/product\/ugg-classic-dipper-chestnut\/"},"modified":"2026-01-31T18:35:14","modified_gmt":"2026-01-31T15:35:14","slug":"ugg-classic-dipper-chestnut","status":"publish","type":"product","link":"https:\/\/nextsnkr.com\/fr\/produit\/ugg-classic-dipper-chestnut\/","title":{"rendered":"UGG Classic Dipper Chestnut &#8211; Suede femmes Uggs avec fourrure"},"content":{"rendered":"<h2>UGG Classic Dipper Chestnut &#8211; Suede femmes Uggs avec fourrure<\/h2>\n<p>UGG Classic Dipper Chestnut est un Uggs f\u00e9minin \u00e9l\u00e9gant et chaud avec une combinaison de daim doux et de fourrure naturelle. Ils offrent confort et chaleur pendant la saison froide, tandis que la semelle robuste garantit la fiabilit\u00e9 \u00e0 chaque \u00e9tape. La production au Vietnam confirme la haute qualit\u00e9 de l&rsquo;ex\u00e9cution. Ugg Classic Dipper Chestnut est le choix id\u00e9al pour ceux qui appr\u00e9cient le confort, la praticit\u00e9 et le style moderne et \u00e9l\u00e9gant.<\/p>\n","protected":false},"excerpt":{"rendered":"<p>UGG Classic Dipper Chestnut est un Uggs f\u00e9minin \u00e9l\u00e9gant et chaud avec une combinaison de daim doux et de fourrure naturelle. Ils offrent confort et chaleur pendant la saison froide, tandis que la semelle robuste garantit la fiabilit\u00e9 \u00e0 chaque \u00e9tape. La production au Vietnam confirme la haute qualit\u00e9 de l&rsquo;ex\u00e9cution. Ugg Classic Dipper Chestnut est le choix id\u00e9al pour ceux qui appr\u00e9cient le confort, la praticit\u00e9 et le style moderne et \u00e9l\u00e9gant.<\/p>\n","protected":false},"featured_media":741349,"comment_status":"open","ping_status":"open","template":"","meta":[],"product_brand":[],"product_cat":[3408,3212],"product_tag":[],"class_list":{"0":"post-741348","1":"product","2":"type-product","3":"status-publish","4":"has-post-thumbnail","6":"product_cat-ugg","7":"product_cat-all-product","8":"pa_rozmir-910","9":"pa_rozmir-912","10":"pa_rozmir-914","11":"pa_rozmir-915","12":"pa_rozmir-916","13":"pa_rozmir-917","14":"pa_rozmir-918","15":"pa_rozmir-919","16":"pa_rozmir-920","17":"pa_rozmir-921","18":"pa_rozmir-922","20":"first","21":"onbackorder","22":"purchasable","23":"product-type-variable"},"_links":{"self":[{"href":"https:\/\/nextsnkr.com\/fr\/wp-json\/wp\/v2\/product\/741348","targetHints":{"allow":["GET"]}}],"collection":[{"href":"https:\/\/nextsnkr.com\/fr\/wp-json\/wp\/v2\/product"}],"about":[{"href":"https:\/\/nextsnkr.com\/fr\/wp-json\/wp\/v2\/types\/product"}],"replies":[{"embeddable":true,"href":"https:\/\/nextsnkr.com\/fr\/wp-json\/wp\/v2\/comments?post=741348"}],"version-history":[{"count":0,"href":"https:\/\/nextsnkr.com\/fr\/wp-json\/wp\/v2\/product\/741348\/revisions"}],"wp:featuredmedia":[{"embeddable":true,"href":"https:\/\/nextsnkr.com\/fr\/wp-json\/wp\/v2\/media\/741349"}],"wp:attachment":[{"href":"https:\/\/nextsnkr.com\/fr\/wp-json\/wp\/v2\/media?parent=741348"}],"wp:term":[{"taxonomy":"product_brand","embeddable":true,"href":"https:\/\/nextsnkr.com\/fr\/wp-json\/wp\/v2\/product_brand?post=741348"},{"taxonomy":"product_cat","embeddable":true,"href":"https:\/\/nextsnkr.com\/fr\/wp-json\/wp\/v2\/product_cat?post=741348"},{"taxonomy":"product_tag","embeddable":true,"href":"https:\/\/nextsnkr.com\/fr\/wp-json\/wp\/v2\/product_tag?post=741348"}],"curies":[{"name":"wp","href":"https:\/\/api.w.org\/{rel}","templated":true}]}}