{"id":740984,"date":"2025-06-14T16:29:11","date_gmt":"2025-06-14T13:29:11","guid":{"rendered":"https:\/\/nextsnkr.com\/product\/ugg-classic-ultra-mini-platform-xl-black\/"},"modified":"2026-01-31T18:34:54","modified_gmt":"2026-01-31T15:34:54","slug":"ugg-classic-ultra-mini-platform-xl-black","status":"publish","type":"product","link":"https:\/\/nextsnkr.com\/fr\/produit\/ugg-classic-ultra-mini-platform-xl-black\/","title":{"rendered":"Ugg Classic Ultra mini Platform XL Black-bottes en daim \u00e9l\u00e9gantes avec fourrure"},"content":{"rendered":"<h2>Ugg Classic Ultra mini Platform XL Black-bottes en daim \u00e9l\u00e9gantes avec fourrure<\/h2>\n<p>Les bottes Ugg Classic Ultra mini Platform XL Black sont un mod\u00e8le haut de gamme en daim et fourrure naturelle alliant confort et style. La semelle plate-forme ajoute un accent moderne et offre une hauteur suppl\u00e9mentaire. L&rsquo;int\u00e9rieur en fourrure douce garantit chaleur et confort par temps froid. Un choix parfait pour ceux qui appr\u00e9cient le design \u00e0 la mode, la durabilit\u00e9 et le confort dans un usage quotidien.<\/p>\n","protected":false},"excerpt":{"rendered":"<p>Les bottes Ugg Classic Ultra mini Platform XL Black sont un mod\u00e8le haut de gamme en daim et fourrure naturelle alliant confort et style. La semelle plate-forme ajoute un accent moderne et offre une hauteur suppl\u00e9mentaire. L&rsquo;int\u00e9rieur en fourrure douce garantit chaleur et confort par temps froid. Un choix parfait pour ceux qui appr\u00e9cient le design \u00e0 la mode, la durabilit\u00e9 et le confort dans un usage quotidien.<\/p>\n","protected":false},"featured_media":740985,"comment_status":"open","ping_status":"open","template":"","meta":[],"product_brand":[],"product_cat":[3408,3212],"product_tag":[],"class_list":{"0":"post-740984","1":"product","2":"type-product","3":"status-publish","4":"has-post-thumbnail","6":"product_cat-ugg","7":"product_cat-all-product","8":"pa_rozmir-910","9":"pa_rozmir-912","10":"pa_rozmir-914","11":"pa_rozmir-915","12":"pa_rozmir-916","13":"pa_rozmir-917","14":"pa_rozmir-918","15":"pa_rozmir-919","16":"pa_rozmir-920","17":"pa_rozmir-921","18":"pa_rozmir-922","20":"first","21":"onbackorder","22":"purchasable","23":"product-type-variable"},"_links":{"self":[{"href":"https:\/\/nextsnkr.com\/fr\/wp-json\/wp\/v2\/product\/740984","targetHints":{"allow":["GET"]}}],"collection":[{"href":"https:\/\/nextsnkr.com\/fr\/wp-json\/wp\/v2\/product"}],"about":[{"href":"https:\/\/nextsnkr.com\/fr\/wp-json\/wp\/v2\/types\/product"}],"replies":[{"embeddable":true,"href":"https:\/\/nextsnkr.com\/fr\/wp-json\/wp\/v2\/comments?post=740984"}],"version-history":[{"count":0,"href":"https:\/\/nextsnkr.com\/fr\/wp-json\/wp\/v2\/product\/740984\/revisions"}],"wp:featuredmedia":[{"embeddable":true,"href":"https:\/\/nextsnkr.com\/fr\/wp-json\/wp\/v2\/media\/740985"}],"wp:attachment":[{"href":"https:\/\/nextsnkr.com\/fr\/wp-json\/wp\/v2\/media?parent=740984"}],"wp:term":[{"taxonomy":"product_brand","embeddable":true,"href":"https:\/\/nextsnkr.com\/fr\/wp-json\/wp\/v2\/product_brand?post=740984"},{"taxonomy":"product_cat","embeddable":true,"href":"https:\/\/nextsnkr.com\/fr\/wp-json\/wp\/v2\/product_cat?post=740984"},{"taxonomy":"product_tag","embeddable":true,"href":"https:\/\/nextsnkr.com\/fr\/wp-json\/wp\/v2\/product_tag?post=740984"}],"curies":[{"name":"wp","href":"https:\/\/api.w.org\/{rel}","templated":true}]}}