{"id":740620,"date":"2025-06-14T16:30:21","date_gmt":"2025-06-14T13:30:21","guid":{"rendered":"https:\/\/nextsnkr.com\/product\/ugg-maxi-clog-hight-black\/"},"modified":"2026-01-31T18:34:45","modified_gmt":"2026-01-31T15:34:45","slug":"ugg-maxi-clog-hight-black","status":"publish","type":"product","link":"https:\/\/nextsnkr.com\/fr\/produit\/ugg-maxi-clog-hight-black\/","title":{"rendered":"Ugg Maxi Clog Hight Black-Clogs Textiles isol\u00e9s pour femmes"},"content":{"rendered":"<h2>Ugg Maxi Clog Hight Black-Clogs Textiles isol\u00e9s pour femmes<\/h2>\n<p>Ugg Maxi Clog Hight Black est un Clog f\u00e9minin confortable et \u00e9l\u00e9gant fabriqu\u00e9 \u00e0 partir de Textiles et de laine naturelle pour un maximum de chaleur et de confort. La tige haute assure une protection fiable du pied et la semelle l\u00e9g\u00e8re garantit le confort pendant la marche. La couleur noire rend le mod\u00e8le polyvalent et facile \u00e0 assortir avec n&rsquo;importe quel v\u00eatement. Un choix parfait pour la maison, la rue ou les vacances, combinant la marque Ugg, la chaleur et le style \u00e0 chaque \u00e9tape.<\/p>\n","protected":false},"excerpt":{"rendered":"<p>Ugg Maxi Clog Hight Black est un Clog f\u00e9minin confortable et \u00e9l\u00e9gant fabriqu\u00e9 \u00e0 partir de Textiles et de laine naturelle pour un maximum de chaleur et de confort. La tige haute assure une protection fiable du pied et la semelle l\u00e9g\u00e8re garantit le confort pendant la marche. La couleur noire rend le mod\u00e8le polyvalent et facile \u00e0 assortir avec n&rsquo;importe quel v\u00eatement. Un choix parfait pour la maison, la rue ou les vacances, combinant la marque Ugg, la chaleur et le style \u00e0 chaque \u00e9tape.<\/p>\n","protected":false},"featured_media":740621,"comment_status":"open","ping_status":"open","template":"","meta":[],"product_brand":[],"product_cat":[3408,3212],"product_tag":[],"class_list":{"0":"post-740620","1":"product","2":"type-product","3":"status-publish","4":"has-post-thumbnail","6":"product_cat-ugg","7":"product_cat-all-product","8":"pa_rozmir-910","9":"pa_rozmir-912","10":"pa_rozmir-914","11":"pa_rozmir-915","12":"pa_rozmir-916","13":"pa_rozmir-917","14":"pa_rozmir-918","15":"pa_rozmir-919","16":"pa_rozmir-920","17":"pa_rozmir-921","18":"pa_rozmir-922","20":"first","21":"instock","22":"purchasable","23":"product-type-variable"},"_links":{"self":[{"href":"https:\/\/nextsnkr.com\/fr\/wp-json\/wp\/v2\/product\/740620","targetHints":{"allow":["GET"]}}],"collection":[{"href":"https:\/\/nextsnkr.com\/fr\/wp-json\/wp\/v2\/product"}],"about":[{"href":"https:\/\/nextsnkr.com\/fr\/wp-json\/wp\/v2\/types\/product"}],"replies":[{"embeddable":true,"href":"https:\/\/nextsnkr.com\/fr\/wp-json\/wp\/v2\/comments?post=740620"}],"version-history":[{"count":0,"href":"https:\/\/nextsnkr.com\/fr\/wp-json\/wp\/v2\/product\/740620\/revisions"}],"wp:featuredmedia":[{"embeddable":true,"href":"https:\/\/nextsnkr.com\/fr\/wp-json\/wp\/v2\/media\/740621"}],"wp:attachment":[{"href":"https:\/\/nextsnkr.com\/fr\/wp-json\/wp\/v2\/media?parent=740620"}],"wp:term":[{"taxonomy":"product_brand","embeddable":true,"href":"https:\/\/nextsnkr.com\/fr\/wp-json\/wp\/v2\/product_brand?post=740620"},{"taxonomy":"product_cat","embeddable":true,"href":"https:\/\/nextsnkr.com\/fr\/wp-json\/wp\/v2\/product_cat?post=740620"},{"taxonomy":"product_tag","embeddable":true,"href":"https:\/\/nextsnkr.com\/fr\/wp-json\/wp\/v2\/product_tag?post=740620"}],"curies":[{"name":"wp","href":"https:\/\/api.w.org\/{rel}","templated":true}]}}