{"id":739164,"date":"2025-06-14T16:35:56","date_gmt":"2025-06-14T13:35:56","guid":{"rendered":"https:\/\/nextsnkr.com\/product\/ugg-classic-ultra-mini-black\/"},"modified":"2026-01-31T18:33:48","modified_gmt":"2026-01-31T15:33:48","slug":"ugg-classic-ultra-mini-black","status":"publish","type":"product","link":"https:\/\/nextsnkr.com\/fr\/produit\/ugg-classic-ultra-mini-black\/","title":{"rendered":"Ugg Classic Ultra mini bottines en daim noir avec fourrure &#8211; style et chaleur"},"content":{"rendered":"<h2>Ugg Classic Ultra mini bottines en daim noir avec fourrure &#8211; style et chaleur<\/h2>\n<p>Les bottines Ugg Classic Ultra mini Black sont fabriqu\u00e9es en daim de qualit\u00e9 et en fourrure naturelle pour offrir chaleur, confort et durabilit\u00e9. Le mod\u00e8le se caract\u00e9rise par une semelle l\u00e9g\u00e8re et un ajustement ultra confortable, id\u00e9al pour les promenades en ville et le temps froid. La couleur noire \u00e9l\u00e9gante rend les bottines polyvalentes et la qualit\u00e9 sup\u00e9rieure de la fabrication vietnamienne garantit la durabilit\u00e9 et la commodit\u00e9 de l&rsquo;utilisation quotidienne.<\/p>\n","protected":false},"excerpt":{"rendered":"<p>Les bottines Ugg Classic Ultra mini Black sont fabriqu\u00e9es en daim de qualit\u00e9 et en fourrure naturelle pour offrir chaleur, confort et durabilit\u00e9. Le mod\u00e8le se caract\u00e9rise par une semelle l\u00e9g\u00e8re et un ajustement ultra confortable, id\u00e9al pour les promenades en ville et le temps froid. La couleur noire \u00e9l\u00e9gante rend les bottines polyvalentes et la qualit\u00e9 sup\u00e9rieure de la fabrication vietnamienne garantit la durabilit\u00e9 et la commodit\u00e9 de l&rsquo;utilisation quotidienne.<\/p>\n","protected":false},"featured_media":739165,"comment_status":"open","ping_status":"open","template":"","meta":[],"product_brand":[],"product_cat":[3408,3212],"product_tag":[],"class_list":{"0":"post-739164","1":"product","2":"type-product","3":"status-publish","4":"has-post-thumbnail","6":"product_cat-ugg","7":"product_cat-all-product","8":"pa_rozmir-910","9":"pa_rozmir-912","10":"pa_rozmir-914","11":"pa_rozmir-915","12":"pa_rozmir-916","13":"pa_rozmir-917","14":"pa_rozmir-918","15":"pa_rozmir-919","16":"pa_rozmir-920","17":"pa_rozmir-921","18":"pa_rozmir-922","20":"first","21":"onbackorder","22":"purchasable","23":"product-type-variable"},"_links":{"self":[{"href":"https:\/\/nextsnkr.com\/fr\/wp-json\/wp\/v2\/product\/739164","targetHints":{"allow":["GET"]}}],"collection":[{"href":"https:\/\/nextsnkr.com\/fr\/wp-json\/wp\/v2\/product"}],"about":[{"href":"https:\/\/nextsnkr.com\/fr\/wp-json\/wp\/v2\/types\/product"}],"replies":[{"embeddable":true,"href":"https:\/\/nextsnkr.com\/fr\/wp-json\/wp\/v2\/comments?post=739164"}],"version-history":[{"count":0,"href":"https:\/\/nextsnkr.com\/fr\/wp-json\/wp\/v2\/product\/739164\/revisions"}],"wp:featuredmedia":[{"embeddable":true,"href":"https:\/\/nextsnkr.com\/fr\/wp-json\/wp\/v2\/media\/739165"}],"wp:attachment":[{"href":"https:\/\/nextsnkr.com\/fr\/wp-json\/wp\/v2\/media?parent=739164"}],"wp:term":[{"taxonomy":"product_brand","embeddable":true,"href":"https:\/\/nextsnkr.com\/fr\/wp-json\/wp\/v2\/product_brand?post=739164"},{"taxonomy":"product_cat","embeddable":true,"href":"https:\/\/nextsnkr.com\/fr\/wp-json\/wp\/v2\/product_cat?post=739164"},{"taxonomy":"product_tag","embeddable":true,"href":"https:\/\/nextsnkr.com\/fr\/wp-json\/wp\/v2\/product_tag?post=739164"}],"curies":[{"name":"wp","href":"https:\/\/api.w.org\/{rel}","templated":true}]}}