{"id":738618,"date":"2025-06-14T16:37:31","date_gmt":"2025-06-14T13:37:31","guid":{"rendered":"https:\/\/nextsnkr.com\/product\/ugg-neumal-platform-velcro-chestnut\/"},"modified":"2026-01-31T18:33:34","modified_gmt":"2026-01-31T15:33:34","slug":"ugg-neumal-platform-velcro-chestnut","status":"publish","type":"product","link":"https:\/\/nextsnkr.com\/fr\/produit\/ugg-neumal-platform-velcro-chestnut\/","title":{"rendered":"Bottes UGG Neumal Platform Velcro Chestnut-en daim avec fourrure"},"content":{"rendered":"<h2>Bottes UGG Neumal Platform Velcro Chestnut-en daim avec fourrure<\/h2>\n<p>Les bottes UGG Neumal Platform Velcro Chestnut sont un mod\u00e8le \u00e9l\u00e9gant et confortable pour la saison froide. Fabriqu\u00e9s \u00e0 partir de Su\u00e8de de haute qualit\u00e9 et de fourrure naturelle, ils offrent chaleur, confort et durabilit\u00e9. La plate-forme donne un look moderne et les attaches Velcro r\u00e9glables garantissent un ajustement parfait. Parfait pour porter tous les jours en ville et sur les promenades. Fabricant-Chine. Choisissez Ugg Neumal Platform pour la chaleur, le style et le confort. Code: ugg-0065-498655.<\/p>\n","protected":false},"excerpt":{"rendered":"<p>Les bottes UGG Neumal Platform Velcro Chestnut sont un mod\u00e8le \u00e9l\u00e9gant et confortable pour la saison froide. Fabriqu\u00e9s \u00e0 partir de Su\u00e8de de haute qualit\u00e9 et de fourrure naturelle, ils offrent chaleur, confort et durabilit\u00e9. La plate-forme donne un look moderne et les attaches Velcro r\u00e9glables garantissent un ajustement parfait. Parfait pour porter tous les jours en ville et sur les promenades. Fabricant-Chine. Choisissez Ugg Neumal Platform pour la chaleur, le style et le confort. Code: ugg-0065-498655.<\/p>\n","protected":false},"featured_media":738619,"comment_status":"open","ping_status":"open","template":"","meta":[],"product_brand":[],"product_cat":[3408,3212],"product_tag":[],"class_list":{"0":"post-738618","1":"product","2":"type-product","3":"status-publish","4":"has-post-thumbnail","6":"product_cat-ugg","7":"product_cat-all-product","8":"pa_rozmir-910","9":"pa_rozmir-912","10":"pa_rozmir-914","11":"pa_rozmir-915","12":"pa_rozmir-916","13":"pa_rozmir-917","14":"pa_rozmir-918","15":"pa_rozmir-919","16":"pa_rozmir-920","17":"pa_rozmir-921","18":"pa_rozmir-922","20":"first","21":"onbackorder","22":"purchasable","23":"product-type-variable"},"_links":{"self":[{"href":"https:\/\/nextsnkr.com\/fr\/wp-json\/wp\/v2\/product\/738618","targetHints":{"allow":["GET"]}}],"collection":[{"href":"https:\/\/nextsnkr.com\/fr\/wp-json\/wp\/v2\/product"}],"about":[{"href":"https:\/\/nextsnkr.com\/fr\/wp-json\/wp\/v2\/types\/product"}],"replies":[{"embeddable":true,"href":"https:\/\/nextsnkr.com\/fr\/wp-json\/wp\/v2\/comments?post=738618"}],"version-history":[{"count":0,"href":"https:\/\/nextsnkr.com\/fr\/wp-json\/wp\/v2\/product\/738618\/revisions"}],"wp:featuredmedia":[{"embeddable":true,"href":"https:\/\/nextsnkr.com\/fr\/wp-json\/wp\/v2\/media\/738619"}],"wp:attachment":[{"href":"https:\/\/nextsnkr.com\/fr\/wp-json\/wp\/v2\/media?parent=738618"}],"wp:term":[{"taxonomy":"product_brand","embeddable":true,"href":"https:\/\/nextsnkr.com\/fr\/wp-json\/wp\/v2\/product_brand?post=738618"},{"taxonomy":"product_cat","embeddable":true,"href":"https:\/\/nextsnkr.com\/fr\/wp-json\/wp\/v2\/product_cat?post=738618"},{"taxonomy":"product_tag","embeddable":true,"href":"https:\/\/nextsnkr.com\/fr\/wp-json\/wp\/v2\/product_tag?post=738618"}],"curies":[{"name":"wp","href":"https:\/\/api.w.org\/{rel}","templated":true}]}}