{"id":738436,"date":"2025-06-14T16:38:24","date_gmt":"2025-06-14T13:38:24","guid":{"rendered":"https:\/\/nextsnkr.com\/product\/dr-martens-jadon-audrick-black-termo\/"},"modified":"2026-01-31T18:33:30","modified_gmt":"2026-01-31T15:33:30","slug":"dr-martens-jadon-audrick-black-termo","status":"publish","type":"product","link":"https:\/\/nextsnkr.com\/fr\/produit\/dr-martens-jadon-audrick-black-termo\/","title":{"rendered":"Bottes Dr. Martens Jadon Audrick Black-bottes thermiques en cuir"},"content":{"rendered":"<h2>Bottes Dr. Martens Jadon Audrick Black-bottes thermiques en cuir<\/h2>\n<p>Bottes Dr. Les Martens Jadon Audrick Black sont fabriqu\u00e9s en cuir de haute qualit\u00e9 et sont \u00e9quip\u00e9s d&rsquo;un r\u00e9chauffeur pour une utilisation confortable pendant la saison froide. Le mod\u00e8le combine le design brutal classique de la marque avec la force et la durabilit\u00e9 des mat\u00e9riaux. La fabrication en Chine garantit une qualit\u00e9 fiable et une semelle stable assure une marche s\u00fbre sur n&rsquo;importe quelle surface. Un choix parfait pour ceux qui appr\u00e9cient le style, le confort et la praticit\u00e9.<\/p>\n","protected":false},"excerpt":{"rendered":"<p>Bottes Dr. Les Martens Jadon Audrick Black sont fabriqu\u00e9s en cuir de haute qualit\u00e9 et sont \u00e9quip\u00e9s d&rsquo;un r\u00e9chauffeur pour une utilisation confortable pendant la saison froide. Le mod\u00e8le combine le design brutal classique de la marque avec la force et la durabilit\u00e9 des mat\u00e9riaux. La fabrication en Chine garantit une qualit\u00e9 fiable et une semelle stable assure une marche s\u00fbre sur n&rsquo;importe quelle surface. Un choix parfait pour ceux qui appr\u00e9cient le style, le confort et la praticit\u00e9.<\/p>\n","protected":false},"featured_media":738437,"comment_status":"open","ping_status":"open","template":"","meta":[],"product_brand":[2398],"product_cat":[3617,3212,3332],"product_tag":[],"class_list":{"0":"post-738436","1":"product","2":"type-product","3":"status-publish","4":"has-post-thumbnail","6":"product_brand-dr-martens","7":"product_cat-dr-martens","8":"product_cat-all-product","9":"product_cat-cherevyky","10":"pa_rozmir-910","11":"pa_rozmir-912","12":"pa_rozmir-914","13":"pa_rozmir-915","14":"pa_rozmir-916","15":"pa_rozmir-917","16":"pa_rozmir-918","17":"pa_rozmir-919","18":"pa_rozmir-920","19":"pa_rozmir-921","20":"pa_rozmir-922","22":"first","23":"onbackorder","24":"purchasable","25":"product-type-variable"},"_links":{"self":[{"href":"https:\/\/nextsnkr.com\/fr\/wp-json\/wp\/v2\/product\/738436","targetHints":{"allow":["GET"]}}],"collection":[{"href":"https:\/\/nextsnkr.com\/fr\/wp-json\/wp\/v2\/product"}],"about":[{"href":"https:\/\/nextsnkr.com\/fr\/wp-json\/wp\/v2\/types\/product"}],"replies":[{"embeddable":true,"href":"https:\/\/nextsnkr.com\/fr\/wp-json\/wp\/v2\/comments?post=738436"}],"version-history":[{"count":0,"href":"https:\/\/nextsnkr.com\/fr\/wp-json\/wp\/v2\/product\/738436\/revisions"}],"wp:featuredmedia":[{"embeddable":true,"href":"https:\/\/nextsnkr.com\/fr\/wp-json\/wp\/v2\/media\/738437"}],"wp:attachment":[{"href":"https:\/\/nextsnkr.com\/fr\/wp-json\/wp\/v2\/media?parent=738436"}],"wp:term":[{"taxonomy":"product_brand","embeddable":true,"href":"https:\/\/nextsnkr.com\/fr\/wp-json\/wp\/v2\/product_brand?post=738436"},{"taxonomy":"product_cat","embeddable":true,"href":"https:\/\/nextsnkr.com\/fr\/wp-json\/wp\/v2\/product_cat?post=738436"},{"taxonomy":"product_tag","embeddable":true,"href":"https:\/\/nextsnkr.com\/fr\/wp-json\/wp\/v2\/product_tag?post=738436"}],"curies":[{"name":"wp","href":"https:\/\/api.w.org\/{rel}","templated":true}]}}