{"id":737708,"date":"2025-06-14T16:40:41","date_gmt":"2025-06-14T13:40:41","guid":{"rendered":"https:\/\/nextsnkr.com\/product\/dr-martens-jadon-ankle-black-khutro\/"},"modified":"2026-01-31T18:33:12","modified_gmt":"2026-01-31T15:33:12","slug":"dr-martens-jadon-ankle-black-khutro","status":"publish","type":"product","link":"https:\/\/nextsnkr.com\/fr\/produit\/dr-martens-jadon-ankle-black-khutro\/","title":{"rendered":"Bottes Dr. Martens Jadon Ankle Black-cuir avec fourrure"},"content":{"rendered":"<h2>Bottes Dr. Martens Jadon Ankle Black-cuir avec fourrure<\/h2>\n<p>Bottes Dr. Martens Jadon Ankle Black \u2014 fourrure) est un mod\u00e8le \u00e9l\u00e9gant et fiable pour le temps froid. Fabriqu\u00e9s \u00e0 partir de cuir de haute qualit\u00e9 avec une fourrure isolante, ils offrent chaleur, confort et longue dur\u00e9e de vie. La couleur noire classique et le design embl\u00e9matique de Jadon ajoutent \u00e0 l&rsquo;image une sensation d&rsquo;\u00e9l\u00e9gance brutale et de polyvalence. Fabriqu\u00e9es en Chine, ces bottes seront le choix id\u00e9al pour un port quotidien et des looks urbains dynamiques. S\u00e9lectionnez Dr. Martens Jadon est une combinaison de style, de qualit\u00e9 et de confort.<\/p>\n","protected":false},"excerpt":{"rendered":"<p>Bottes Dr. Martens Jadon Ankle Black \u2014 fourrure) est un mod\u00e8le \u00e9l\u00e9gant et fiable pour le temps froid. Fabriqu\u00e9s \u00e0 partir de cuir de haute qualit\u00e9 avec une fourrure isolante, ils offrent chaleur, confort et longue dur\u00e9e de vie. La couleur noire classique et le design embl\u00e9matique de Jadon ajoutent \u00e0 l&rsquo;image une sensation d&rsquo;\u00e9l\u00e9gance brutale et de polyvalence. Fabriqu\u00e9es en Chine, ces bottes seront le choix id\u00e9al pour un port quotidien et des looks urbains dynamiques. S\u00e9lectionnez Dr. Martens Jadon est une combinaison de style, de qualit\u00e9 et de confort.<\/p>\n","protected":false},"featured_media":737709,"comment_status":"open","ping_status":"open","template":"","meta":[],"product_brand":[2398],"product_cat":[3617,3212,3332],"product_tag":[],"class_list":{"0":"post-737708","1":"product","2":"type-product","3":"status-publish","4":"has-post-thumbnail","6":"product_brand-dr-martens","7":"product_cat-dr-martens","8":"product_cat-all-product","9":"product_cat-cherevyky","10":"pa_rozmir-910","11":"pa_rozmir-912","12":"pa_rozmir-914","13":"pa_rozmir-915","14":"pa_rozmir-916","15":"pa_rozmir-917","16":"pa_rozmir-918","17":"pa_rozmir-919","18":"pa_rozmir-920","19":"pa_rozmir-921","20":"pa_rozmir-922","22":"first","23":"instock","24":"purchasable","25":"product-type-variable"},"_links":{"self":[{"href":"https:\/\/nextsnkr.com\/fr\/wp-json\/wp\/v2\/product\/737708","targetHints":{"allow":["GET"]}}],"collection":[{"href":"https:\/\/nextsnkr.com\/fr\/wp-json\/wp\/v2\/product"}],"about":[{"href":"https:\/\/nextsnkr.com\/fr\/wp-json\/wp\/v2\/types\/product"}],"replies":[{"embeddable":true,"href":"https:\/\/nextsnkr.com\/fr\/wp-json\/wp\/v2\/comments?post=737708"}],"version-history":[{"count":0,"href":"https:\/\/nextsnkr.com\/fr\/wp-json\/wp\/v2\/product\/737708\/revisions"}],"wp:featuredmedia":[{"embeddable":true,"href":"https:\/\/nextsnkr.com\/fr\/wp-json\/wp\/v2\/media\/737709"}],"wp:attachment":[{"href":"https:\/\/nextsnkr.com\/fr\/wp-json\/wp\/v2\/media?parent=737708"}],"wp:term":[{"taxonomy":"product_brand","embeddable":true,"href":"https:\/\/nextsnkr.com\/fr\/wp-json\/wp\/v2\/product_brand?post=737708"},{"taxonomy":"product_cat","embeddable":true,"href":"https:\/\/nextsnkr.com\/fr\/wp-json\/wp\/v2\/product_cat?post=737708"},{"taxonomy":"product_tag","embeddable":true,"href":"https:\/\/nextsnkr.com\/fr\/wp-json\/wp\/v2\/product_tag?post=737708"}],"curies":[{"name":"wp","href":"https:\/\/api.w.org\/{rel}","templated":true}]}}