{"id":737526,"date":"2025-06-14T16:41:13","date_gmt":"2025-06-14T13:41:13","guid":{"rendered":"https:\/\/nextsnkr.com\/product\/no-brand-beige-blue-art-023\/"},"modified":"2026-01-31T18:32:57","modified_gmt":"2026-01-31T15:32:57","slug":"no-brand-beige-blue-art-023","status":"publish","type":"product","link":"https:\/\/nextsnkr.com\/fr\/produit\/no-brand-beige-blue-art-023\/","title":{"rendered":"Baskets No Brand Beige \/ Blue-baskets Textiles l\u00e9g\u00e8res pour un port quotidien"},"content":{"rendered":"<h2>Baskets No Brand Beige \/ Blue-baskets Textiles l\u00e9g\u00e8res pour un port quotidien<\/h2>\n<p>Les baskets No Brand Beige \/ Blue, art 023 sont un mod\u00e8le textile confortable et \u00e9l\u00e9gant con\u00e7u pour un usage quotidien. La conception l\u00e9g\u00e8re offre confort et ventilation, tandis que la combinaison de beige et de bleu donne un look moderne. Fabriqu\u00e9es au Vietnam \u00e0 partir de mat\u00e9riaux de qualit\u00e9, ces baskets sont durables et pratiques. No Brand Beige \/ Blue est le choix id\u00e9al pour ceux qui appr\u00e9cient le style, la l\u00e9g\u00e8ret\u00e9 et le confort dans la vie quotidienne.<\/p>\n","protected":false},"excerpt":{"rendered":"<p>Les baskets No Brand Beige \/ Blue, art 023 sont un mod\u00e8le textile confortable et \u00e9l\u00e9gant con\u00e7u pour un usage quotidien. La conception l\u00e9g\u00e8re offre confort et ventilation, tandis que la combinaison de beige et de bleu donne un look moderne. Fabriqu\u00e9es au Vietnam \u00e0 partir de mat\u00e9riaux de qualit\u00e9, ces baskets sont durables et pratiques. No Brand Beige \/ Blue est le choix id\u00e9al pour ceux qui appr\u00e9cient le style, la l\u00e9g\u00e8ret\u00e9 et le confort dans la vie quotidienne.<\/p>\n","protected":false},"featured_media":737527,"comment_status":"open","ping_status":"open","template":"","meta":[],"product_brand":[],"product_cat":[3212,3213],"product_tag":[],"class_list":{"0":"post-737526","1":"product","2":"type-product","3":"status-publish","4":"has-post-thumbnail","6":"product_cat-all-product","7":"product_cat-krosivky","8":"pa_rozmir-910","9":"pa_rozmir-912","10":"pa_rozmir-914","11":"pa_rozmir-915","12":"pa_rozmir-916","13":"pa_rozmir-917","14":"pa_rozmir-918","15":"pa_rozmir-919","16":"pa_rozmir-920","17":"pa_rozmir-921","18":"pa_rozmir-922","20":"first","21":"instock","22":"purchasable","23":"product-type-variable"},"_links":{"self":[{"href":"https:\/\/nextsnkr.com\/fr\/wp-json\/wp\/v2\/product\/737526","targetHints":{"allow":["GET"]}}],"collection":[{"href":"https:\/\/nextsnkr.com\/fr\/wp-json\/wp\/v2\/product"}],"about":[{"href":"https:\/\/nextsnkr.com\/fr\/wp-json\/wp\/v2\/types\/product"}],"replies":[{"embeddable":true,"href":"https:\/\/nextsnkr.com\/fr\/wp-json\/wp\/v2\/comments?post=737526"}],"version-history":[{"count":0,"href":"https:\/\/nextsnkr.com\/fr\/wp-json\/wp\/v2\/product\/737526\/revisions"}],"wp:featuredmedia":[{"embeddable":true,"href":"https:\/\/nextsnkr.com\/fr\/wp-json\/wp\/v2\/media\/737527"}],"wp:attachment":[{"href":"https:\/\/nextsnkr.com\/fr\/wp-json\/wp\/v2\/media?parent=737526"}],"wp:term":[{"taxonomy":"product_brand","embeddable":true,"href":"https:\/\/nextsnkr.com\/fr\/wp-json\/wp\/v2\/product_brand?post=737526"},{"taxonomy":"product_cat","embeddable":true,"href":"https:\/\/nextsnkr.com\/fr\/wp-json\/wp\/v2\/product_cat?post=737526"},{"taxonomy":"product_tag","embeddable":true,"href":"https:\/\/nextsnkr.com\/fr\/wp-json\/wp\/v2\/product_tag?post=737526"}],"curies":[{"name":"wp","href":"https:\/\/api.w.org\/{rel}","templated":true}]}}