{"id":736616,"date":"2025-06-14T16:44:07","date_gmt":"2025-06-14T13:44:07","guid":{"rendered":"https:\/\/nextsnkr.com\/product\/no-brand-pink-art-016\/"},"modified":"2026-01-31T18:32:35","modified_gmt":"2026-01-31T15:32:35","slug":"no-brand-pink-art-016","status":"publish","type":"product","link":"https:\/\/nextsnkr.com\/fr\/produit\/no-brand-pink-art-016\/","title":{"rendered":"Bottes No Brand Pink Art 016-bottes en cuir \u00e9l\u00e9gantes pour femmes"},"content":{"rendered":"<h2>Bottes No Brand Pink Art 016-bottes en cuir \u00e9l\u00e9gantes pour femmes<\/h2>\n<p>Les bottes No Brand Pink Art 016 sont fabriqu\u00e9es en cuir de qualit\u00e9, offrant durabilit\u00e9, confort et durabilit\u00e9. La couleur rose vif ajoute de l&rsquo;expressivit\u00e9 au mod\u00e8le et en fait un accent \u00e9l\u00e9gant dans un look d&rsquo;hiver ou d&rsquo;automne. Un coussin confortable et une coupe r\u00e9fl\u00e9chie garantissent un ajustement confortable et une facilit\u00e9 de marche. Choisissez No Brand Pink Art 016 pour un m\u00e9lange de praticit\u00e9, d&rsquo;\u00e9l\u00e9gance et de style moderne tous les jours.<\/p>\n","protected":false},"excerpt":{"rendered":"<p>Les bottes No Brand Pink Art 016 sont fabriqu\u00e9es en cuir de qualit\u00e9, offrant durabilit\u00e9, confort et durabilit\u00e9. La couleur rose vif ajoute de l&rsquo;expressivit\u00e9 au mod\u00e8le et en fait un accent \u00e9l\u00e9gant dans un look d&rsquo;hiver ou d&rsquo;automne. Un coussin confortable et une coupe r\u00e9fl\u00e9chie garantissent un ajustement confortable et une facilit\u00e9 de marche. Choisissez No Brand Pink Art 016 pour un m\u00e9lange de praticit\u00e9, d&rsquo;\u00e9l\u00e9gance et de style moderne tous les jours.<\/p>\n","protected":false},"featured_media":736617,"comment_status":"open","ping_status":"open","template":"","meta":[],"product_brand":[],"product_cat":[3212,3332],"product_tag":[],"class_list":{"0":"post-736616","1":"product","2":"type-product","3":"status-publish","4":"has-post-thumbnail","6":"product_cat-all-product","7":"product_cat-cherevyky","8":"pa_rozmir-910","9":"pa_rozmir-912","10":"pa_rozmir-914","11":"pa_rozmir-915","12":"pa_rozmir-916","13":"pa_rozmir-917","14":"pa_rozmir-918","15":"pa_rozmir-919","16":"pa_rozmir-920","17":"pa_rozmir-921","18":"pa_rozmir-922","20":"first","21":"onbackorder","22":"purchasable","23":"product-type-variable"},"_links":{"self":[{"href":"https:\/\/nextsnkr.com\/fr\/wp-json\/wp\/v2\/product\/736616","targetHints":{"allow":["GET"]}}],"collection":[{"href":"https:\/\/nextsnkr.com\/fr\/wp-json\/wp\/v2\/product"}],"about":[{"href":"https:\/\/nextsnkr.com\/fr\/wp-json\/wp\/v2\/types\/product"}],"replies":[{"embeddable":true,"href":"https:\/\/nextsnkr.com\/fr\/wp-json\/wp\/v2\/comments?post=736616"}],"version-history":[{"count":0,"href":"https:\/\/nextsnkr.com\/fr\/wp-json\/wp\/v2\/product\/736616\/revisions"}],"wp:featuredmedia":[{"embeddable":true,"href":"https:\/\/nextsnkr.com\/fr\/wp-json\/wp\/v2\/media\/736617"}],"wp:attachment":[{"href":"https:\/\/nextsnkr.com\/fr\/wp-json\/wp\/v2\/media?parent=736616"}],"wp:term":[{"taxonomy":"product_brand","embeddable":true,"href":"https:\/\/nextsnkr.com\/fr\/wp-json\/wp\/v2\/product_brand?post=736616"},{"taxonomy":"product_cat","embeddable":true,"href":"https:\/\/nextsnkr.com\/fr\/wp-json\/wp\/v2\/product_cat?post=736616"},{"taxonomy":"product_tag","embeddable":true,"href":"https:\/\/nextsnkr.com\/fr\/wp-json\/wp\/v2\/product_tag?post=736616"}],"curies":[{"name":"wp","href":"https:\/\/api.w.org\/{rel}","templated":true}]}}