{"id":736070,"date":"2025-06-14T16:45:50","date_gmt":"2025-06-14T13:45:50","guid":{"rendered":"https:\/\/nextsnkr.com\/product\/no-brand-mint-art-004\/"},"modified":"2026-01-31T18:32:22","modified_gmt":"2026-01-31T15:32:22","slug":"no-brand-mint-art-004","status":"publish","type":"product","link":"https:\/\/nextsnkr.com\/fr\/produit\/no-brand-mint-art-004\/","title":{"rendered":"Baskets No Brand Mint art. 004 femmes textile menthe"},"content":{"rendered":"<h2>Baskets No Brand Mint art. 004 femmes textile menthe<\/h2>\n<p>Baskets No Brand Mint art. 004-chaussures l\u00e9g\u00e8res et confortables pour un usage quotidien. Fabriqu\u00e9s \u00e0 partir de Textiles respirants, ils offrent confort, flexibilit\u00e9 et ventilation naturelle du pied. La couleur menthe fra\u00eeche ajoute de la luminosit\u00e9 au look et se Marie facilement avec n&rsquo;importe quelle garde-robe \u00e9l\u00e9gante. Fabriqu\u00e9es au Vietnam, ces baskets allient design moderne, praticit\u00e9 et commodit\u00e9 pour les promenades quotidiennes, les activit\u00e9s de plein air et le rythme de la vie urbaine.<\/p>\n","protected":false},"excerpt":{"rendered":"<p>Baskets No Brand Mint art. 004-chaussures l\u00e9g\u00e8res et confortables pour un usage quotidien. Fabriqu\u00e9s \u00e0 partir de Textiles respirants, ils offrent confort, flexibilit\u00e9 et ventilation naturelle du pied. La couleur menthe fra\u00eeche ajoute de la luminosit\u00e9 au look et se Marie facilement avec n&rsquo;importe quelle garde-robe \u00e9l\u00e9gante. Fabriqu\u00e9es au Vietnam, ces baskets allient design moderne, praticit\u00e9 et commodit\u00e9 pour les promenades quotidiennes, les activit\u00e9s de plein air et le rythme de la vie urbaine.<\/p>\n","protected":false},"featured_media":736071,"comment_status":"open","ping_status":"open","template":"","meta":[],"product_brand":[],"product_cat":[3212,3213],"product_tag":[],"class_list":{"0":"post-736070","1":"product","2":"type-product","3":"status-publish","4":"has-post-thumbnail","6":"product_cat-all-product","7":"product_cat-krosivky","8":"pa_rozmir-910","9":"pa_rozmir-912","10":"pa_rozmir-914","11":"pa_rozmir-915","12":"pa_rozmir-916","13":"pa_rozmir-917","14":"pa_rozmir-918","15":"pa_rozmir-919","16":"pa_rozmir-920","17":"pa_rozmir-921","18":"pa_rozmir-922","20":"first","21":"onbackorder","22":"purchasable","23":"product-type-variable"},"_links":{"self":[{"href":"https:\/\/nextsnkr.com\/fr\/wp-json\/wp\/v2\/product\/736070","targetHints":{"allow":["GET"]}}],"collection":[{"href":"https:\/\/nextsnkr.com\/fr\/wp-json\/wp\/v2\/product"}],"about":[{"href":"https:\/\/nextsnkr.com\/fr\/wp-json\/wp\/v2\/types\/product"}],"replies":[{"embeddable":true,"href":"https:\/\/nextsnkr.com\/fr\/wp-json\/wp\/v2\/comments?post=736070"}],"version-history":[{"count":0,"href":"https:\/\/nextsnkr.com\/fr\/wp-json\/wp\/v2\/product\/736070\/revisions"}],"wp:featuredmedia":[{"embeddable":true,"href":"https:\/\/nextsnkr.com\/fr\/wp-json\/wp\/v2\/media\/736071"}],"wp:attachment":[{"href":"https:\/\/nextsnkr.com\/fr\/wp-json\/wp\/v2\/media?parent=736070"}],"wp:term":[{"taxonomy":"product_brand","embeddable":true,"href":"https:\/\/nextsnkr.com\/fr\/wp-json\/wp\/v2\/product_brand?post=736070"},{"taxonomy":"product_cat","embeddable":true,"href":"https:\/\/nextsnkr.com\/fr\/wp-json\/wp\/v2\/product_cat?post=736070"},{"taxonomy":"product_tag","embeddable":true,"href":"https:\/\/nextsnkr.com\/fr\/wp-json\/wp\/v2\/product_tag?post=736070"}],"curies":[{"name":"wp","href":"https:\/\/api.w.org\/{rel}","templated":true}]}}