{"id":733310,"date":"2025-06-14T20:58:23","date_gmt":"2025-06-14T17:58:23","guid":{"rendered":"https:\/\/nextsnkr.com\/product\/nike-air-jordan-1-gray-3\/"},"modified":"2026-01-31T18:30:49","modified_gmt":"2026-01-31T15:30:49","slug":"nike-air-jordan-1-gray-3","status":"publish","type":"product","link":"https:\/\/nextsnkr.com\/fr\/produit\/nike-air-jordan-1-gray-3\/","title":{"rendered":"Baskets Nike air Jordan 1 Gray 3-cuir homme \u00e9l\u00e9gant"},"content":{"rendered":"<h2>Baskets Nike air Jordan 1 Gray 3-cuir homme \u00e9l\u00e9gant<\/h2>\n<p>La Nike air Jordan 1 Gray 3 est un mod\u00e8le Classique alliant design et confort l\u00e9gendaires. Fabriqu\u00e9s \u00e0 partir de cuir v\u00e9ritable, ils offrent une durabilit\u00e9, une durabilit\u00e9 et un ajustement confortable au pied. La teinte grise \u00e9l\u00e9gante se combine facilement avec n&rsquo;importe quelle fa\u00e7on, soulignant le style moderne et sportif. La semelle robuste garantit amorti et confort pendant le port quotidien ou les activit\u00e9s de plein air. Choisissez Nike Air Jordan 1-style, confort et qualit\u00e9 l\u00e9gendaire \u00e0 chaque \u00e9tape.<\/p>\n","protected":false},"excerpt":{"rendered":"<p>La Nike air Jordan 1 Gray 3 est un mod\u00e8le Classique alliant design et confort l\u00e9gendaires. Fabriqu\u00e9s \u00e0 partir de cuir v\u00e9ritable, ils offrent une durabilit\u00e9, une durabilit\u00e9 et un ajustement confortable au pied. La teinte grise \u00e9l\u00e9gante se combine facilement avec n&rsquo;importe quelle fa\u00e7on, soulignant le style moderne et sportif. La semelle robuste garantit amorti et confort pendant le port quotidien ou les activit\u00e9s de plein air. Choisissez Nike Air Jordan 1-style, confort et qualit\u00e9 l\u00e9gendaire \u00e0 chaque \u00e9tape.<\/p>\n","protected":false},"featured_media":733311,"comment_status":"open","ping_status":"open","template":"","meta":[],"product_brand":[],"product_cat":[3384,3212,3319],"product_tag":[],"class_list":{"0":"post-733310","1":"product","2":"type-product","3":"status-publish","4":"has-post-thumbnail","6":"product_cat-nike-jordan","7":"product_cat-all-product","8":"product_cat-kedy","9":"pa_rozmir-910","10":"pa_rozmir-912","11":"pa_rozmir-914","12":"pa_rozmir-915","13":"pa_rozmir-916","14":"pa_rozmir-917","15":"pa_rozmir-918","16":"pa_rozmir-919","17":"pa_rozmir-920","18":"pa_rozmir-921","19":"pa_rozmir-922","21":"first","22":"onbackorder","23":"purchasable","24":"product-type-variable"},"_links":{"self":[{"href":"https:\/\/nextsnkr.com\/fr\/wp-json\/wp\/v2\/product\/733310","targetHints":{"allow":["GET"]}}],"collection":[{"href":"https:\/\/nextsnkr.com\/fr\/wp-json\/wp\/v2\/product"}],"about":[{"href":"https:\/\/nextsnkr.com\/fr\/wp-json\/wp\/v2\/types\/product"}],"replies":[{"embeddable":true,"href":"https:\/\/nextsnkr.com\/fr\/wp-json\/wp\/v2\/comments?post=733310"}],"version-history":[{"count":0,"href":"https:\/\/nextsnkr.com\/fr\/wp-json\/wp\/v2\/product\/733310\/revisions"}],"wp:featuredmedia":[{"embeddable":true,"href":"https:\/\/nextsnkr.com\/fr\/wp-json\/wp\/v2\/media\/733311"}],"wp:attachment":[{"href":"https:\/\/nextsnkr.com\/fr\/wp-json\/wp\/v2\/media?parent=733310"}],"wp:term":[{"taxonomy":"product_brand","embeddable":true,"href":"https:\/\/nextsnkr.com\/fr\/wp-json\/wp\/v2\/product_brand?post=733310"},{"taxonomy":"product_cat","embeddable":true,"href":"https:\/\/nextsnkr.com\/fr\/wp-json\/wp\/v2\/product_cat?post=733310"},{"taxonomy":"product_tag","embeddable":true,"href":"https:\/\/nextsnkr.com\/fr\/wp-json\/wp\/v2\/product_tag?post=733310"}],"curies":[{"name":"wp","href":"https:\/\/api.w.org\/{rel}","templated":true}]}}