{"id":731620,"date":"2025-06-14T21:06:40","date_gmt":"2025-06-14T18:06:40","guid":{"rendered":"https:\/\/nextsnkr.com\/product\/air-jordan-retro1-black-violet-white\/"},"modified":"2026-01-31T18:29:51","modified_gmt":"2026-01-31T15:29:51","slug":"air-jordan-retro1-black-violet-white","status":"publish","type":"product","link":"https:\/\/nextsnkr.com\/fr\/produit\/air-jordan-retro1-black-violet-white\/","title":{"rendered":"Air Jordan Retro 1 Black Violet White-baskets en cuir et en daim"},"content":{"rendered":"<h2>Air Jordan Retro 1 Black Violet White-baskets en cuir et en daim<\/h2>\n<p>Les baskets Air Jordan Retro1 Black Violet White sont un mod\u00e8le \u00e9l\u00e9gant et confortable pour le port quotidien et les activit\u00e9s de plein air. Fabriqu\u00e9s \u00e0 partir de cuir v\u00e9ritable et de daim, ils offrent une r\u00e9sistance, une durabilit\u00e9 et un ajustement confortable au pied. La combinaison contrast\u00e9e de noir, de violet et de blanc cr\u00e9e un look lumineux et moderne. la semelle garantit un amorti et un soutien pendant le mouvement. Fabricant-Vietnam. Choisissez Air Jordan Retro1 noir Violet blanc pour un m\u00e9lange de style et de confort. Code: 0442v-200453.<\/p>\n","protected":false},"excerpt":{"rendered":"<p>Les baskets Air Jordan Retro1 Black Violet White sont un mod\u00e8le \u00e9l\u00e9gant et confortable pour le port quotidien et les activit\u00e9s de plein air. Fabriqu\u00e9s \u00e0 partir de cuir v\u00e9ritable et de daim, ils offrent une r\u00e9sistance, une durabilit\u00e9 et un ajustement confortable au pied. La combinaison contrast\u00e9e de noir, de violet et de blanc cr\u00e9e un look lumineux et moderne. la semelle garantit un amorti et un soutien pendant le mouvement. Fabricant-Vietnam. Choisissez Air Jordan Retro1 noir Violet blanc pour un m\u00e9lange de style et de confort. Code: 0442v-200453.<\/p>\n","protected":false},"featured_media":731621,"comment_status":"open","ping_status":"open","template":"","meta":[],"product_brand":[],"product_cat":[3384,3212,3319],"product_tag":[],"class_list":{"0":"post-731620","1":"product","2":"type-product","3":"status-publish","4":"has-post-thumbnail","6":"product_cat-nike-jordan","7":"product_cat-all-product","8":"product_cat-kedy","9":"pa_rozmir-910","10":"pa_rozmir-912","11":"pa_rozmir-914","12":"pa_rozmir-915","13":"pa_rozmir-916","14":"pa_rozmir-917","15":"pa_rozmir-918","16":"pa_rozmir-919","17":"pa_rozmir-920","18":"pa_rozmir-921","19":"pa_rozmir-922","21":"first","22":"instock","23":"purchasable","24":"product-type-variable"},"_links":{"self":[{"href":"https:\/\/nextsnkr.com\/fr\/wp-json\/wp\/v2\/product\/731620","targetHints":{"allow":["GET"]}}],"collection":[{"href":"https:\/\/nextsnkr.com\/fr\/wp-json\/wp\/v2\/product"}],"about":[{"href":"https:\/\/nextsnkr.com\/fr\/wp-json\/wp\/v2\/types\/product"}],"replies":[{"embeddable":true,"href":"https:\/\/nextsnkr.com\/fr\/wp-json\/wp\/v2\/comments?post=731620"}],"version-history":[{"count":0,"href":"https:\/\/nextsnkr.com\/fr\/wp-json\/wp\/v2\/product\/731620\/revisions"}],"wp:featuredmedia":[{"embeddable":true,"href":"https:\/\/nextsnkr.com\/fr\/wp-json\/wp\/v2\/media\/731621"}],"wp:attachment":[{"href":"https:\/\/nextsnkr.com\/fr\/wp-json\/wp\/v2\/media?parent=731620"}],"wp:term":[{"taxonomy":"product_brand","embeddable":true,"href":"https:\/\/nextsnkr.com\/fr\/wp-json\/wp\/v2\/product_brand?post=731620"},{"taxonomy":"product_cat","embeddable":true,"href":"https:\/\/nextsnkr.com\/fr\/wp-json\/wp\/v2\/product_cat?post=731620"},{"taxonomy":"product_tag","embeddable":true,"href":"https:\/\/nextsnkr.com\/fr\/wp-json\/wp\/v2\/product_tag?post=731620"}],"curies":[{"name":"wp","href":"https:\/\/api.w.org\/{rel}","templated":true}]}}