{"id":730944,"date":"2025-06-14T21:09:49","date_gmt":"2025-06-14T18:09:49","guid":{"rendered":"https:\/\/nextsnkr.com\/product\/adidas-yeezy-reflective\/"},"modified":"2026-01-31T18:29:33","modified_gmt":"2026-01-31T15:29:33","slug":"adidas-yeezy-reflective","status":"publish","type":"product","link":"https:\/\/nextsnkr.com\/fr\/produit\/adidas-yeezy-reflective\/","title":{"rendered":"Baskets Adidas Yeezy Reflective-baskets Textiles \u00e9l\u00e9gantes avec maille"},"content":{"rendered":"<h2>Baskets Adidas Yeezy Reflective-baskets Textiles \u00e9l\u00e9gantes avec maille<\/h2>\n<p>Les baskets Adidas Yeezy Reflective sont un mod\u00e8le haut de gamme en textile et en maille pour le confort, la l\u00e9g\u00e8ret\u00e9 et la ventilation du pied. Les \u00e9l\u00e9ments r\u00e9fl\u00e9chissants ajoutent une brillance et une visibilit\u00e9 \u00e9l\u00e9gantes dans des conditions de faible luminosit\u00e9. La conception l\u00e9g\u00e8re et confortable rend ces baskets id\u00e9ales pour la vie urbaine et une utilisation en plein air. La combinaison du design moderne Adidas Yeezy et des mat\u00e9riaux de haute qualit\u00e9 garantit la durabilit\u00e9 et le confort pendant le port quotidien.<\/p>\n","protected":false},"excerpt":{"rendered":"<p>Les baskets Adidas Yeezy Reflective sont un mod\u00e8le haut de gamme en textile et en maille pour le confort, la l\u00e9g\u00e8ret\u00e9 et la ventilation du pied. Les \u00e9l\u00e9ments r\u00e9fl\u00e9chissants ajoutent une brillance et une visibilit\u00e9 \u00e9l\u00e9gantes dans des conditions de faible luminosit\u00e9. La conception l\u00e9g\u00e8re et confortable rend ces baskets id\u00e9ales pour la vie urbaine et une utilisation en plein air. La combinaison du design moderne Adidas Yeezy et des mat\u00e9riaux de haute qualit\u00e9 garantit la durabilit\u00e9 et le confort pendant le port quotidien.<\/p>\n","protected":false},"featured_media":730945,"comment_status":"open","ping_status":"open","template":"","meta":[],"product_brand":[],"product_cat":[3397,3212,3213],"product_tag":[],"class_list":{"0":"post-730944","1":"product","2":"type-product","3":"status-publish","4":"has-post-thumbnail","6":"product_cat-adidas-yeezy","7":"product_cat-all-product","8":"product_cat-krosivky","9":"pa_rozmir-910","10":"pa_rozmir-912","11":"pa_rozmir-914","12":"pa_rozmir-915","13":"pa_rozmir-916","14":"pa_rozmir-917","15":"pa_rozmir-918","16":"pa_rozmir-919","17":"pa_rozmir-920","18":"pa_rozmir-921","19":"pa_rozmir-922","21":"first","22":"instock","23":"purchasable","24":"product-type-variable"},"_links":{"self":[{"href":"https:\/\/nextsnkr.com\/fr\/wp-json\/wp\/v2\/product\/730944","targetHints":{"allow":["GET"]}}],"collection":[{"href":"https:\/\/nextsnkr.com\/fr\/wp-json\/wp\/v2\/product"}],"about":[{"href":"https:\/\/nextsnkr.com\/fr\/wp-json\/wp\/v2\/types\/product"}],"replies":[{"embeddable":true,"href":"https:\/\/nextsnkr.com\/fr\/wp-json\/wp\/v2\/comments?post=730944"}],"version-history":[{"count":0,"href":"https:\/\/nextsnkr.com\/fr\/wp-json\/wp\/v2\/product\/730944\/revisions"}],"wp:featuredmedia":[{"embeddable":true,"href":"https:\/\/nextsnkr.com\/fr\/wp-json\/wp\/v2\/media\/730945"}],"wp:attachment":[{"href":"https:\/\/nextsnkr.com\/fr\/wp-json\/wp\/v2\/media?parent=730944"}],"wp:term":[{"taxonomy":"product_brand","embeddable":true,"href":"https:\/\/nextsnkr.com\/fr\/wp-json\/wp\/v2\/product_brand?post=730944"},{"taxonomy":"product_cat","embeddable":true,"href":"https:\/\/nextsnkr.com\/fr\/wp-json\/wp\/v2\/product_cat?post=730944"},{"taxonomy":"product_tag","embeddable":true,"href":"https:\/\/nextsnkr.com\/fr\/wp-json\/wp\/v2\/product_tag?post=730944"}],"curies":[{"name":"wp","href":"https:\/\/api.w.org\/{rel}","templated":true}]}}