{"id":729474,"date":"2025-06-14T21:15:26","date_gmt":"2025-06-14T18:15:26","guid":{"rendered":"https:\/\/nextsnkr.com\/product\/350-cinder-reflect-poloska\/"},"modified":"2026-01-31T18:28:43","modified_gmt":"2026-01-31T15:28:43","slug":"350-cinder-reflect-poloska","status":"publish","type":"product","link":"https:\/\/nextsnkr.com\/fr\/produit\/350-cinder-reflect-poloska\/","title":{"rendered":"Baskets 350 Cinder Reflect-baskets en textile avec maille"},"content":{"rendered":"<h2>Baskets 350 Cinder Reflect-baskets en textile avec maille<\/h2>\n<p>Les baskets 350 Cinder Reflect sont un mod\u00e8le l\u00e9ger et confortable pour le port quotidien et les activit\u00e9s de plein air. Fabriqu\u00e9s \u00e0 partir de Textiles et de mailles, ils offrent une excellente ventilation et un confort tout au long de la journ\u00e9e. La bande r\u00e9fl\u00e9chissante ajoute un style moderne et augmente la visibilit\u00e9 dans l&rsquo;obscurit\u00e9. La semelle garantit un amorti doux et une stabilit\u00e9 pendant le mouvement. Fabricant-Vietnam. Choisissez le 350 Cinder Reflect pour une combinaison de confort, de qualit\u00e9 et de design \u00e9l\u00e9gant. Code: YE005-26753.<\/p>\n","protected":false},"excerpt":{"rendered":"<p>Les baskets 350 Cinder Reflect sont un mod\u00e8le l\u00e9ger et confortable pour le port quotidien et les activit\u00e9s de plein air. Fabriqu\u00e9s \u00e0 partir de Textiles et de mailles, ils offrent une excellente ventilation et un confort tout au long de la journ\u00e9e. La bande r\u00e9fl\u00e9chissante ajoute un style moderne et augmente la visibilit\u00e9 dans l&rsquo;obscurit\u00e9. La semelle garantit un amorti doux et une stabilit\u00e9 pendant le mouvement. Fabricant-Vietnam. Choisissez le 350 Cinder Reflect pour une combinaison de confort, de qualit\u00e9 et de design \u00e9l\u00e9gant. Code: YE005-26753.<\/p>\n","protected":false},"featured_media":729476,"comment_status":"open","ping_status":"open","template":"","meta":[],"product_brand":[],"product_cat":[3212,3213],"product_tag":[],"class_list":{"0":"post-729474","1":"product","2":"type-product","3":"status-publish","4":"has-post-thumbnail","6":"product_cat-all-product","7":"product_cat-krosivky","8":"pa_rozmir-910","9":"pa_rozmir-912","10":"pa_rozmir-914","11":"pa_rozmir-915","12":"pa_rozmir-916","13":"pa_rozmir-917","14":"pa_rozmir-918","15":"pa_rozmir-919","16":"pa_rozmir-920","17":"pa_rozmir-921","18":"pa_rozmir-922","20":"first","21":"onbackorder","22":"purchasable","23":"product-type-variable"},"_links":{"self":[{"href":"https:\/\/nextsnkr.com\/fr\/wp-json\/wp\/v2\/product\/729474","targetHints":{"allow":["GET"]}}],"collection":[{"href":"https:\/\/nextsnkr.com\/fr\/wp-json\/wp\/v2\/product"}],"about":[{"href":"https:\/\/nextsnkr.com\/fr\/wp-json\/wp\/v2\/types\/product"}],"replies":[{"embeddable":true,"href":"https:\/\/nextsnkr.com\/fr\/wp-json\/wp\/v2\/comments?post=729474"}],"version-history":[{"count":0,"href":"https:\/\/nextsnkr.com\/fr\/wp-json\/wp\/v2\/product\/729474\/revisions"}],"wp:featuredmedia":[{"embeddable":true,"href":"https:\/\/nextsnkr.com\/fr\/wp-json\/wp\/v2\/media\/729476"}],"wp:attachment":[{"href":"https:\/\/nextsnkr.com\/fr\/wp-json\/wp\/v2\/media?parent=729474"}],"wp:term":[{"taxonomy":"product_brand","embeddable":true,"href":"https:\/\/nextsnkr.com\/fr\/wp-json\/wp\/v2\/product_brand?post=729474"},{"taxonomy":"product_cat","embeddable":true,"href":"https:\/\/nextsnkr.com\/fr\/wp-json\/wp\/v2\/product_cat?post=729474"},{"taxonomy":"product_tag","embeddable":true,"href":"https:\/\/nextsnkr.com\/fr\/wp-json\/wp\/v2\/product_tag?post=729474"}],"curies":[{"name":"wp","href":"https:\/\/api.w.org\/{rel}","templated":true}]}}