{"id":728876,"date":"2025-06-14T16:52:04","date_gmt":"2025-06-14T13:52:04","guid":{"rendered":"https:\/\/nextsnkr.com\/product\/yeezy-boost-350-cloud-white\/"},"modified":"2026-01-31T18:28:20","modified_gmt":"2026-01-31T15:28:20","slug":"yeezy-boost-350-cloud-white","status":"publish","type":"product","link":"https:\/\/nextsnkr.com\/fr\/produit\/yeezy-boost-350-cloud-white\/","title":{"rendered":"Baskets YEEZY BOOST 350 Cloud White-baskets r\u00e9fl\u00e9chissantes Textiles"},"content":{"rendered":"<h2>Baskets YEEZY BOOST 350 Cloud White-baskets r\u00e9fl\u00e9chissantes Textiles<\/h2>\n<p>Les baskets YEEZY BOOST 350 Cloud White sont un mod\u00e8le \u00e9l\u00e9gant et confortable pour un usage quotidien. Fabriqu\u00e9s \u00e0 partir de Textiles respirants avec des \u00e9l\u00e9ments r\u00e9fl\u00e9chissants, ils offrent une visibilit\u00e9 dans l&rsquo;obscurit\u00e9 et un look moderne. La semelle amortissante Boost garantit une d\u00e9marche douce et un soutien du pied tout au long de la journ\u00e9e. Id\u00e9al pour le style urbain et les activit\u00e9s de plein air. Fabricant-Chine. Choisissez Yeezy BOOST 350 Cloud White pour une combinaison de confort et de design \u00e0 la mode. Code: 0602-368477.<\/p>\n","protected":false},"excerpt":{"rendered":"<p>Les baskets YEEZY BOOST 350 Cloud White sont un mod\u00e8le \u00e9l\u00e9gant et confortable pour un usage quotidien. Fabriqu\u00e9s \u00e0 partir de Textiles respirants avec des \u00e9l\u00e9ments r\u00e9fl\u00e9chissants, ils offrent une visibilit\u00e9 dans l&rsquo;obscurit\u00e9 et un look moderne. La semelle amortissante Boost garantit une d\u00e9marche douce et un soutien du pied tout au long de la journ\u00e9e. Id\u00e9al pour le style urbain et les activit\u00e9s de plein air. Fabricant-Chine. Choisissez Yeezy BOOST 350 Cloud White pour une combinaison de confort et de design \u00e0 la mode. Code: 0602-368477.<\/p>\n","protected":false},"featured_media":728877,"comment_status":"open","ping_status":"open","template":"","meta":[],"product_brand":[],"product_cat":[3397,3212,3213],"product_tag":[],"class_list":{"0":"post-728876","1":"product","2":"type-product","3":"status-publish","4":"has-post-thumbnail","6":"product_cat-adidas-yeezy","7":"product_cat-all-product","8":"product_cat-krosivky","9":"pa_rozmir-910","10":"pa_rozmir-912","11":"pa_rozmir-914","12":"pa_rozmir-915","13":"pa_rozmir-916","14":"pa_rozmir-917","15":"pa_rozmir-918","16":"pa_rozmir-919","17":"pa_rozmir-920","18":"pa_rozmir-921","19":"pa_rozmir-922","21":"first","22":"instock","23":"purchasable","24":"product-type-variable"},"_links":{"self":[{"href":"https:\/\/nextsnkr.com\/fr\/wp-json\/wp\/v2\/product\/728876","targetHints":{"allow":["GET"]}}],"collection":[{"href":"https:\/\/nextsnkr.com\/fr\/wp-json\/wp\/v2\/product"}],"about":[{"href":"https:\/\/nextsnkr.com\/fr\/wp-json\/wp\/v2\/types\/product"}],"replies":[{"embeddable":true,"href":"https:\/\/nextsnkr.com\/fr\/wp-json\/wp\/v2\/comments?post=728876"}],"version-history":[{"count":0,"href":"https:\/\/nextsnkr.com\/fr\/wp-json\/wp\/v2\/product\/728876\/revisions"}],"wp:featuredmedia":[{"embeddable":true,"href":"https:\/\/nextsnkr.com\/fr\/wp-json\/wp\/v2\/media\/728877"}],"wp:attachment":[{"href":"https:\/\/nextsnkr.com\/fr\/wp-json\/wp\/v2\/media?parent=728876"}],"wp:term":[{"taxonomy":"product_brand","embeddable":true,"href":"https:\/\/nextsnkr.com\/fr\/wp-json\/wp\/v2\/product_brand?post=728876"},{"taxonomy":"product_cat","embeddable":true,"href":"https:\/\/nextsnkr.com\/fr\/wp-json\/wp\/v2\/product_cat?post=728876"},{"taxonomy":"product_tag","embeddable":true,"href":"https:\/\/nextsnkr.com\/fr\/wp-json\/wp\/v2\/product_tag?post=728876"}],"curies":[{"name":"wp","href":"https:\/\/api.w.org\/{rel}","templated":true}]}}