{"id":728340,"date":"2025-06-14T21:19:27","date_gmt":"2025-06-14T18:19:27","guid":{"rendered":"https:\/\/nextsnkr.com\/product\/synth-ref-shnurky\/"},"modified":"2026-01-31T18:28:06","modified_gmt":"2026-01-31T15:28:06","slug":"synth-ref-shnurky","status":"publish","type":"product","link":"https:\/\/nextsnkr.com\/fr\/produit\/synth-ref-shnurky\/","title":{"rendered":"Baskets Synth * Ref lacets-Textiles l\u00e9gers pour un port quotidien"},"content":{"rendered":"<h2>Baskets Synth * Ref lacets-Textiles l\u00e9gers pour un port quotidien<\/h2>\n<p>Les baskets Synth (ref lacets) * sont fabriqu\u00e9es \u00e0 partir de Textiles et de mailles de qualit\u00e9, ce qui offre une excellente ventilation, l\u00e9g\u00e8ret\u00e9 et confort pendant le port quotidien. Le mod\u00e8le est id\u00e9al pour le style urbain, les promenades et les activit\u00e9s de plein air. La\u00e7age vous permet d&rsquo;ajuster avec pr\u00e9cision l&rsquo;ajustement, et le design moderne fait des baskets un ajout \u00e9l\u00e9gant \u00e0 n&rsquo;importe quel look. Fabriqu\u00e9s au Vietnam, ils combinent un prix abordable et une qualit\u00e9 fiable. Synth Ref * est un choix pratique et \u00e0 la mode pour une vie active.<\/p>\n","protected":false},"excerpt":{"rendered":"<p>Les baskets Synth (ref lacets) * sont fabriqu\u00e9es \u00e0 partir de Textiles et de mailles de qualit\u00e9, ce qui offre une excellente ventilation, l\u00e9g\u00e8ret\u00e9 et confort pendant le port quotidien. Le mod\u00e8le est id\u00e9al pour le style urbain, les promenades et les activit\u00e9s de plein air. La\u00e7age vous permet d&rsquo;ajuster avec pr\u00e9cision l&rsquo;ajustement, et le design moderne fait des baskets un ajout \u00e9l\u00e9gant \u00e0 n&rsquo;importe quel look. Fabriqu\u00e9s au Vietnam, ils combinent un prix abordable et une qualit\u00e9 fiable. Synth Ref * est un choix pratique et \u00e0 la mode pour une vie active.<\/p>\n","protected":false},"featured_media":728344,"comment_status":"open","ping_status":"open","template":"","meta":[],"product_brand":[],"product_cat":[3212,3213],"product_tag":[],"class_list":{"0":"post-728340","1":"product","2":"type-product","3":"status-publish","4":"has-post-thumbnail","6":"product_cat-all-product","7":"product_cat-krosivky","8":"pa_rozmir-910","9":"pa_rozmir-912","10":"pa_rozmir-914","11":"pa_rozmir-915","12":"pa_rozmir-916","13":"pa_rozmir-917","14":"pa_rozmir-918","15":"pa_rozmir-919","16":"pa_rozmir-920","17":"pa_rozmir-921","18":"pa_rozmir-922","20":"first","21":"instock","22":"purchasable","23":"product-type-variable"},"_links":{"self":[{"href":"https:\/\/nextsnkr.com\/fr\/wp-json\/wp\/v2\/product\/728340","targetHints":{"allow":["GET"]}}],"collection":[{"href":"https:\/\/nextsnkr.com\/fr\/wp-json\/wp\/v2\/product"}],"about":[{"href":"https:\/\/nextsnkr.com\/fr\/wp-json\/wp\/v2\/types\/product"}],"replies":[{"embeddable":true,"href":"https:\/\/nextsnkr.com\/fr\/wp-json\/wp\/v2\/comments?post=728340"}],"version-history":[{"count":0,"href":"https:\/\/nextsnkr.com\/fr\/wp-json\/wp\/v2\/product\/728340\/revisions"}],"wp:featuredmedia":[{"embeddable":true,"href":"https:\/\/nextsnkr.com\/fr\/wp-json\/wp\/v2\/media\/728344"}],"wp:attachment":[{"href":"https:\/\/nextsnkr.com\/fr\/wp-json\/wp\/v2\/media?parent=728340"}],"wp:term":[{"taxonomy":"product_brand","embeddable":true,"href":"https:\/\/nextsnkr.com\/fr\/wp-json\/wp\/v2\/product_brand?post=728340"},{"taxonomy":"product_cat","embeddable":true,"href":"https:\/\/nextsnkr.com\/fr\/wp-json\/wp\/v2\/product_cat?post=728340"},{"taxonomy":"product_tag","embeddable":true,"href":"https:\/\/nextsnkr.com\/fr\/wp-json\/wp\/v2\/product_tag?post=728340"}],"curies":[{"name":"wp","href":"https:\/\/api.w.org\/{rel}","templated":true}]}}