{"id":725870,"date":"2025-06-14T21:30:51","date_gmt":"2025-06-14T18:30:51","guid":{"rendered":"https:\/\/nextsnkr.com\/product\/ugg-classic-short-caramel-rasprodazha\/"},"modified":"2026-01-31T18:26:48","modified_gmt":"2026-01-31T15:26:48","slug":"ugg-classic-short-caramel-rasprodazha","status":"publish","type":"product","link":"https:\/\/nextsnkr.com\/fr\/produit\/ugg-classic-short-caramel-rasprodazha\/","title":{"rendered":"Bottes UGG Classic Short Caramel-daim et fausse fourrure"},"content":{"rendered":"<h2>Bottes UGG Classic Short Caramel-daim et fausse fourrure<\/h2>\n<p>Les bottes UGG Classic Short Caramel sont un mod\u00e8le chaud et \u00e9l\u00e9gant pour la saison froide. Fabriqu\u00e9s en daim doux et isol\u00e9s en fausse fourrure, ils offrent confort et confort par tous les temps. La teinte caramel ajoute de la polyvalence et se combine facilement avec diff\u00e9rents v\u00eatements. La fabrication australienne de qualit\u00e9 garantit la durabilit\u00e9 et la fiabilit\u00e9. Optez pour Ugg Classic Short Caramel en vente pour la chaleur, le style et la praticit\u00e9 tous les jours.<\/p>\n","protected":false},"excerpt":{"rendered":"<p>Les bottes UGG Classic Short Caramel sont un mod\u00e8le chaud et \u00e9l\u00e9gant pour la saison froide. Fabriqu\u00e9s en daim doux et isol\u00e9s en fausse fourrure, ils offrent confort et confort par tous les temps. La teinte caramel ajoute de la polyvalence et se combine facilement avec diff\u00e9rents v\u00eatements. La fabrication australienne de qualit\u00e9 garantit la durabilit\u00e9 et la fiabilit\u00e9. Optez pour Ugg Classic Short Caramel en vente pour la chaleur, le style et la praticit\u00e9 tous les jours.<\/p>\n","protected":false},"featured_media":725871,"comment_status":"open","ping_status":"open","template":"","meta":[],"product_brand":[],"product_cat":[3408,3212],"product_tag":[],"class_list":{"0":"post-725870","1":"product","2":"type-product","3":"status-publish","4":"has-post-thumbnail","6":"product_cat-ugg","7":"product_cat-all-product","8":"pa_rozmir-923","9":"pa_rozmir-910","10":"pa_rozmir-912","11":"pa_rozmir-914","12":"pa_rozmir-915","13":"pa_rozmir-916","14":"pa_rozmir-917","15":"pa_rozmir-918","16":"pa_rozmir-919","17":"pa_rozmir-920","18":"pa_rozmir-921","20":"first","21":"onbackorder","22":"purchasable","23":"product-type-variable"},"_links":{"self":[{"href":"https:\/\/nextsnkr.com\/fr\/wp-json\/wp\/v2\/product\/725870","targetHints":{"allow":["GET"]}}],"collection":[{"href":"https:\/\/nextsnkr.com\/fr\/wp-json\/wp\/v2\/product"}],"about":[{"href":"https:\/\/nextsnkr.com\/fr\/wp-json\/wp\/v2\/types\/product"}],"replies":[{"embeddable":true,"href":"https:\/\/nextsnkr.com\/fr\/wp-json\/wp\/v2\/comments?post=725870"}],"version-history":[{"count":0,"href":"https:\/\/nextsnkr.com\/fr\/wp-json\/wp\/v2\/product\/725870\/revisions"}],"wp:featuredmedia":[{"embeddable":true,"href":"https:\/\/nextsnkr.com\/fr\/wp-json\/wp\/v2\/media\/725871"}],"wp:attachment":[{"href":"https:\/\/nextsnkr.com\/fr\/wp-json\/wp\/v2\/media?parent=725870"}],"wp:term":[{"taxonomy":"product_brand","embeddable":true,"href":"https:\/\/nextsnkr.com\/fr\/wp-json\/wp\/v2\/product_brand?post=725870"},{"taxonomy":"product_cat","embeddable":true,"href":"https:\/\/nextsnkr.com\/fr\/wp-json\/wp\/v2\/product_cat?post=725870"},{"taxonomy":"product_tag","embeddable":true,"href":"https:\/\/nextsnkr.com\/fr\/wp-json\/wp\/v2\/product_tag?post=725870"}],"curies":[{"name":"wp","href":"https:\/\/api.w.org\/{rel}","templated":true}]}}