{"id":724685,"date":"2025-06-16T20:49:43","date_gmt":"2025-06-16T17:49:43","guid":{"rendered":"https:\/\/nextsnkr.com\/product\/nike-dunk-low-sp-ceramic-and-veneer\/"},"modified":"2026-01-31T18:26:07","modified_gmt":"2026-01-31T15:26:07","slug":"nike-dunk-low-sp-ceramic-and-veneer","status":"publish","type":"product","link":"https:\/\/nextsnkr.com\/fr\/produit\/nike-dunk-low-sp-ceramic-and-veneer\/","title":{"rendered":"Baskets Nike Dunk Low SP Ceramic \/ Veneer-daim et textile"},"content":{"rendered":"<h2>Baskets Nike Dunk Low SP Ceramic \/ Veneer-daim et textile<\/h2>\n<p>Les baskets Nike Dunk Low SP Ceramic \/ Veneer sont fabriqu\u00e9es en daim et en textile de haute qualit\u00e9 pour un confort, une l\u00e9g\u00e8ret\u00e9 et une durabilit\u00e9 au quotidien. Le design moderne et la combinaison des couleurs Ceramic et Veneer rendent le mod\u00e8le visible et tendance. La semelle amortissante l\u00e9g\u00e8re garantit le confort pendant les promenades et la vie urbaine active. Fabricant-usine Vietnam. Choisissez Nike Dunk Low SP pour une combinaison de style, de confort et de haute qualit\u00e9.<\/p>\n","protected":false},"excerpt":{"rendered":"<p>Les baskets Nike Dunk Low SP Ceramic \/ Veneer sont fabriqu\u00e9es en daim et en textile de haute qualit\u00e9 pour un confort, une l\u00e9g\u00e8ret\u00e9 et une durabilit\u00e9 au quotidien. Le design moderne et la combinaison des couleurs Ceramic et Veneer rendent le mod\u00e8le visible et tendance. La semelle amortissante l\u00e9g\u00e8re garantit le confort pendant les promenades et la vie urbaine active. Fabricant-usine Vietnam. Choisissez Nike Dunk Low SP pour une combinaison de style, de confort et de haute qualit\u00e9.<\/p>\n","protected":false},"featured_media":724686,"comment_status":"open","ping_status":"open","template":"","meta":[],"product_brand":[],"product_cat":[3212,3319],"product_tag":[],"class_list":{"0":"post-724685","1":"product","2":"type-product","3":"status-publish","4":"has-post-thumbnail","6":"product_cat-all-product","7":"product_cat-kedy","8":"pa_rozmir-910","9":"pa_rozmir-912","10":"pa_rozmir-914","11":"pa_rozmir-915","12":"pa_rozmir-916","13":"pa_rozmir-917","14":"pa_rozmir-918","15":"pa_rozmir-919","16":"pa_rozmir-920","17":"pa_rozmir-921","18":"pa_rozmir-922","20":"first","21":"onbackorder","22":"purchasable","23":"product-type-variable"},"_links":{"self":[{"href":"https:\/\/nextsnkr.com\/fr\/wp-json\/wp\/v2\/product\/724685","targetHints":{"allow":["GET"]}}],"collection":[{"href":"https:\/\/nextsnkr.com\/fr\/wp-json\/wp\/v2\/product"}],"about":[{"href":"https:\/\/nextsnkr.com\/fr\/wp-json\/wp\/v2\/types\/product"}],"replies":[{"embeddable":true,"href":"https:\/\/nextsnkr.com\/fr\/wp-json\/wp\/v2\/comments?post=724685"}],"version-history":[{"count":0,"href":"https:\/\/nextsnkr.com\/fr\/wp-json\/wp\/v2\/product\/724685\/revisions"}],"wp:featuredmedia":[{"embeddable":true,"href":"https:\/\/nextsnkr.com\/fr\/wp-json\/wp\/v2\/media\/724686"}],"wp:attachment":[{"href":"https:\/\/nextsnkr.com\/fr\/wp-json\/wp\/v2\/media?parent=724685"}],"wp:term":[{"taxonomy":"product_brand","embeddable":true,"href":"https:\/\/nextsnkr.com\/fr\/wp-json\/wp\/v2\/product_brand?post=724685"},{"taxonomy":"product_cat","embeddable":true,"href":"https:\/\/nextsnkr.com\/fr\/wp-json\/wp\/v2\/product_cat?post=724685"},{"taxonomy":"product_tag","embeddable":true,"href":"https:\/\/nextsnkr.com\/fr\/wp-json\/wp\/v2\/product_tag?post=724685"}],"curies":[{"name":"wp","href":"https:\/\/api.w.org\/{rel}","templated":true}]}}