{"id":724063,"date":"2025-06-14T17:03:10","date_gmt":"2025-06-14T14:03:10","guid":{"rendered":"https:\/\/nextsnkr.com\/product\/nike-m2k-tekno-white\/"},"modified":"2026-01-31T18:25:54","modified_gmt":"2026-01-31T15:25:54","slug":"nike-m2k-tekno-white","status":"publish","type":"product","link":"https:\/\/nextsnkr.com\/fr\/produit\/nike-m2k-tekno-white\/","title":{"rendered":"Baskets Nike m2K Tekno White pour homme en cuir et textile"},"content":{"rendered":"<h2>Baskets Nike m2K Tekno White pour homme en cuir et textile<\/h2>\n<p>Les baskets Nike m2K Tekno White sont un mod\u00e8le \u00e9l\u00e9gant et confortable pour un port quotidien et une vie urbaine active. La combinaison du cuir et des Textiles offre confort, durabilit\u00e9 et bonne ventilation du pied. La semelle ext\u00e9rieure massive garantit amorti et stabilit\u00e9, et le blanc pur se Marie facilement avec n&rsquo;importe quelle tenue sportive ou d\u00e9contract\u00e9e. Fabriqu\u00e9es au Vietnam, ces baskets Nike se distinguent par leur qualit\u00e9, leur design moderne et leur praticit\u00e9 pour tous les jours.<\/p>\n","protected":false},"excerpt":{"rendered":"<p>Les baskets Nike m2K Tekno White sont un mod\u00e8le \u00e9l\u00e9gant et confortable pour un port quotidien et une vie urbaine active. La combinaison du cuir et des Textiles offre confort, durabilit\u00e9 et bonne ventilation du pied. La semelle ext\u00e9rieure massive garantit amorti et stabilit\u00e9, et le blanc pur se Marie facilement avec n&rsquo;importe quelle tenue sportive ou d\u00e9contract\u00e9e. Fabriqu\u00e9es au Vietnam, ces baskets Nike se distinguent par leur qualit\u00e9, leur design moderne et leur praticit\u00e9 pour tous les jours.<\/p>\n","protected":false},"featured_media":724067,"comment_status":"open","ping_status":"open","template":"","meta":[],"product_brand":[],"product_cat":[3212,3213],"product_tag":[],"class_list":{"0":"post-724063","1":"product","2":"type-product","3":"status-publish","4":"has-post-thumbnail","6":"product_cat-all-product","7":"product_cat-krosivky","8":"pa_rozmir-910","9":"pa_rozmir-912","10":"pa_rozmir-914","11":"pa_rozmir-915","12":"pa_rozmir-916","13":"pa_rozmir-917","14":"pa_rozmir-918","15":"pa_rozmir-919","16":"pa_rozmir-920","17":"pa_rozmir-921","18":"pa_rozmir-922","20":"first","21":"onbackorder","22":"purchasable","23":"product-type-variable"},"_links":{"self":[{"href":"https:\/\/nextsnkr.com\/fr\/wp-json\/wp\/v2\/product\/724063","targetHints":{"allow":["GET"]}}],"collection":[{"href":"https:\/\/nextsnkr.com\/fr\/wp-json\/wp\/v2\/product"}],"about":[{"href":"https:\/\/nextsnkr.com\/fr\/wp-json\/wp\/v2\/types\/product"}],"replies":[{"embeddable":true,"href":"https:\/\/nextsnkr.com\/fr\/wp-json\/wp\/v2\/comments?post=724063"}],"version-history":[{"count":0,"href":"https:\/\/nextsnkr.com\/fr\/wp-json\/wp\/v2\/product\/724063\/revisions"}],"wp:featuredmedia":[{"embeddable":true,"href":"https:\/\/nextsnkr.com\/fr\/wp-json\/wp\/v2\/media\/724067"}],"wp:attachment":[{"href":"https:\/\/nextsnkr.com\/fr\/wp-json\/wp\/v2\/media?parent=724063"}],"wp:term":[{"taxonomy":"product_brand","embeddable":true,"href":"https:\/\/nextsnkr.com\/fr\/wp-json\/wp\/v2\/product_brand?post=724063"},{"taxonomy":"product_cat","embeddable":true,"href":"https:\/\/nextsnkr.com\/fr\/wp-json\/wp\/v2\/product_cat?post=724063"},{"taxonomy":"product_tag","embeddable":true,"href":"https:\/\/nextsnkr.com\/fr\/wp-json\/wp\/v2\/product_tag?post=724063"}],"curies":[{"name":"wp","href":"https:\/\/api.w.org\/{rel}","templated":true}]}}