{"id":721626,"date":"2025-06-14T17:07:32","date_gmt":"2025-06-14T14:07:32","guid":{"rendered":"https:\/\/nextsnkr.com\/product\/550-white-green\/"},"modified":"2026-01-31T18:24:25","modified_gmt":"2026-01-31T15:24:25","slug":"550-white-green","status":"publish","type":"product","link":"https:\/\/nextsnkr.com\/fr\/produit\/550-white-green\/","title":{"rendered":"Baskets 550 White \/ Green-baskets en cuir \u00e9l\u00e9gantes pour un port quotidien"},"content":{"rendered":"<h2>Baskets 550 White \/ Green-baskets en cuir \u00e9l\u00e9gantes pour un port quotidien<\/h2>\n<p>Les baskets 550 White \/ Green sont un mod\u00e8le confortable et \u00e9l\u00e9gant en cuir de haute qualit\u00e9 qui offre durabilit\u00e9 et confort tout au long de la journ\u00e9e. La combinaison contrast\u00e9e de blanc et de vert donne \u00e0 la chaussure un look frais et moderne. La semelle offre un amorti et un soutien fiable au pied, tandis que la conception polyvalente convient \u00e0 la marche, \u00e0 l&rsquo;\u00e9tude ou aux activit\u00e9s de plein air. Fabricant-Vietnam. Choisissez des baskets 550 White \/ Green pour un m\u00e9lange de style et de confort. Code: 0493-273034.<\/p>\n","protected":false},"excerpt":{"rendered":"<p>Les baskets 550 White \/ Green sont un mod\u00e8le confortable et \u00e9l\u00e9gant en cuir de haute qualit\u00e9 qui offre durabilit\u00e9 et confort tout au long de la journ\u00e9e. La combinaison contrast\u00e9e de blanc et de vert donne \u00e0 la chaussure un look frais et moderne. La semelle offre un amorti et un soutien fiable au pied, tandis que la conception polyvalente convient \u00e0 la marche, \u00e0 l&rsquo;\u00e9tude ou aux activit\u00e9s de plein air. Fabricant-Vietnam. Choisissez des baskets 550 White \/ Green pour un m\u00e9lange de style et de confort. Code: 0493-273034.<\/p>\n","protected":false},"featured_media":721627,"comment_status":"open","ping_status":"open","template":"","meta":[],"product_brand":[],"product_cat":[3212,3319],"product_tag":[],"class_list":{"0":"post-721626","1":"product","2":"type-product","3":"status-publish","4":"has-post-thumbnail","6":"product_cat-all-product","7":"product_cat-kedy","8":"pa_rozmir-910","9":"pa_rozmir-912","10":"pa_rozmir-914","11":"pa_rozmir-915","12":"pa_rozmir-916","13":"pa_rozmir-917","14":"pa_rozmir-918","15":"pa_rozmir-919","16":"pa_rozmir-920","17":"pa_rozmir-921","18":"pa_rozmir-922","20":"first","21":"instock","22":"purchasable","23":"product-type-variable"},"_links":{"self":[{"href":"https:\/\/nextsnkr.com\/fr\/wp-json\/wp\/v2\/product\/721626","targetHints":{"allow":["GET"]}}],"collection":[{"href":"https:\/\/nextsnkr.com\/fr\/wp-json\/wp\/v2\/product"}],"about":[{"href":"https:\/\/nextsnkr.com\/fr\/wp-json\/wp\/v2\/types\/product"}],"replies":[{"embeddable":true,"href":"https:\/\/nextsnkr.com\/fr\/wp-json\/wp\/v2\/comments?post=721626"}],"version-history":[{"count":0,"href":"https:\/\/nextsnkr.com\/fr\/wp-json\/wp\/v2\/product\/721626\/revisions"}],"wp:featuredmedia":[{"embeddable":true,"href":"https:\/\/nextsnkr.com\/fr\/wp-json\/wp\/v2\/media\/721627"}],"wp:attachment":[{"href":"https:\/\/nextsnkr.com\/fr\/wp-json\/wp\/v2\/media?parent=721626"}],"wp:term":[{"taxonomy":"product_brand","embeddable":true,"href":"https:\/\/nextsnkr.com\/fr\/wp-json\/wp\/v2\/product_brand?post=721626"},{"taxonomy":"product_cat","embeddable":true,"href":"https:\/\/nextsnkr.com\/fr\/wp-json\/wp\/v2\/product_cat?post=721626"},{"taxonomy":"product_tag","embeddable":true,"href":"https:\/\/nextsnkr.com\/fr\/wp-json\/wp\/v2\/product_tag?post=721626"}],"curies":[{"name":"wp","href":"https:\/\/api.w.org\/{rel}","templated":true}]}}