{"id":720606,"date":"2025-06-14T17:09:27","date_gmt":"2025-06-14T14:09:27","guid":{"rendered":"https:\/\/nextsnkr.com\/product\/550-conversation-amongst-us\/"},"modified":"2026-01-31T18:23:58","modified_gmt":"2026-01-31T15:23:58","slug":"550-conversation-amongst-us","status":"publish","type":"product","link":"https:\/\/nextsnkr.com\/fr\/produit\/550-conversation-amongst-us\/","title":{"rendered":"Baskets 550 CONVERSATION AMONGST US-textile avec inserts en daim"},"content":{"rendered":"<h2>Baskets 550 CONVERSATION AMONGST US-textile avec inserts en daim<\/h2>\n<p>Les baskets 550 CONVERSATION AMONGST US sont un mod\u00e8le \u00e9l\u00e9gant et confortable pour un port quotidien. La combinaison de Textiles et de daim offre confort, durabilit\u00e9 et bonne ventilation. Le design moderne met l&rsquo;accent sur l&rsquo;individualit\u00e9 et les couleurs neutres se marient facilement avec diff\u00e9rents v\u00eatements. Fabriqu\u00e9s au Vietnam, ces baskets garantissent une qualit\u00e9 et une durabilit\u00e9 \u00e9lev\u00e9es. Choisissez 550 CONVERSATION AMONGST US pour des chaussures d\u00e9contract\u00e9es confortables, \u00e9l\u00e9gantes et pratiques.<\/p>\n","protected":false},"excerpt":{"rendered":"<p>Les baskets 550 CONVERSATION AMONGST US sont un mod\u00e8le \u00e9l\u00e9gant et confortable pour un port quotidien. La combinaison de Textiles et de daim offre confort, durabilit\u00e9 et bonne ventilation. Le design moderne met l&rsquo;accent sur l&rsquo;individualit\u00e9 et les couleurs neutres se marient facilement avec diff\u00e9rents v\u00eatements. Fabriqu\u00e9s au Vietnam, ces baskets garantissent une qualit\u00e9 et une durabilit\u00e9 \u00e9lev\u00e9es. Choisissez 550 CONVERSATION AMONGST US pour des chaussures d\u00e9contract\u00e9es confortables, \u00e9l\u00e9gantes et pratiques.<\/p>\n","protected":false},"featured_media":720607,"comment_status":"open","ping_status":"open","template":"","meta":[],"product_brand":[],"product_cat":[3212,3319],"product_tag":[],"class_list":{"0":"post-720606","1":"product","2":"type-product","3":"status-publish","4":"has-post-thumbnail","6":"product_cat-all-product","7":"product_cat-kedy","8":"pa_rozmir-910","9":"pa_rozmir-912","10":"pa_rozmir-914","11":"pa_rozmir-915","12":"pa_rozmir-916","13":"pa_rozmir-917","14":"pa_rozmir-918","15":"pa_rozmir-919","16":"pa_rozmir-920","17":"pa_rozmir-921","18":"pa_rozmir-922","20":"first","21":"instock","22":"purchasable","23":"product-type-variable"},"_links":{"self":[{"href":"https:\/\/nextsnkr.com\/fr\/wp-json\/wp\/v2\/product\/720606","targetHints":{"allow":["GET"]}}],"collection":[{"href":"https:\/\/nextsnkr.com\/fr\/wp-json\/wp\/v2\/product"}],"about":[{"href":"https:\/\/nextsnkr.com\/fr\/wp-json\/wp\/v2\/types\/product"}],"replies":[{"embeddable":true,"href":"https:\/\/nextsnkr.com\/fr\/wp-json\/wp\/v2\/comments?post=720606"}],"version-history":[{"count":0,"href":"https:\/\/nextsnkr.com\/fr\/wp-json\/wp\/v2\/product\/720606\/revisions"}],"wp:featuredmedia":[{"embeddable":true,"href":"https:\/\/nextsnkr.com\/fr\/wp-json\/wp\/v2\/media\/720607"}],"wp:attachment":[{"href":"https:\/\/nextsnkr.com\/fr\/wp-json\/wp\/v2\/media?parent=720606"}],"wp:term":[{"taxonomy":"product_brand","embeddable":true,"href":"https:\/\/nextsnkr.com\/fr\/wp-json\/wp\/v2\/product_brand?post=720606"},{"taxonomy":"product_cat","embeddable":true,"href":"https:\/\/nextsnkr.com\/fr\/wp-json\/wp\/v2\/product_cat?post=720606"},{"taxonomy":"product_tag","embeddable":true,"href":"https:\/\/nextsnkr.com\/fr\/wp-json\/wp\/v2\/product_tag?post=720606"}],"curies":[{"name":"wp","href":"https:\/\/api.w.org\/{rel}","templated":true}]}}