{"id":720089,"date":"2025-06-16T21:00:59","date_gmt":"2025-06-16T18:00:59","guid":{"rendered":"https:\/\/nextsnkr.com\/product\/nike-dunk-low-off-white-lot-34\/"},"modified":"2026-01-31T18:23:34","modified_gmt":"2026-01-31T15:23:34","slug":"nike-dunk-low-off-white-lot-34","status":"publish","type":"product","link":"https:\/\/nextsnkr.com\/fr\/produit\/nike-dunk-low-off-white-lot-34\/","title":{"rendered":"Nike Dunk Low Off-White Lot 34-baskets en cuir pour hommes"},"content":{"rendered":"<h2>Nike Dunk Low Off-White Lot 34-baskets en cuir pour hommes<\/h2>\n<p>Les chaussures Nike Dunk Low Off-White Lot 34 sont fabriqu\u00e9es \u00e0 partir de cuir et de Textiles de haute qualit\u00e9 pour un confort, une r\u00e9sistance \u00e0 l&rsquo;usure et un look \u00e9l\u00e9gant. La couleur blanche polyvalente avec des accents de design rend le mod\u00e8le id\u00e9al pour le style d\u00e9contract\u00e9 et urbain. La semelle confortable garantit un amorti et un confort pendant la marche, tandis que les mat\u00e9riaux de qualit\u00e9 sup\u00e9rieure garantissent la durabilit\u00e9. Choisissez Nike Dunk Low Off-White Lot 34 pour une combinaison de design \u00e0 la mode, de praticit\u00e9 et de confort.<\/p>\n","protected":false},"excerpt":{"rendered":"<p>Les chaussures Nike Dunk Low Off-White Lot 34 sont fabriqu\u00e9es \u00e0 partir de cuir et de Textiles de haute qualit\u00e9 pour un confort, une r\u00e9sistance \u00e0 l&rsquo;usure et un look \u00e9l\u00e9gant. La couleur blanche polyvalente avec des accents de design rend le mod\u00e8le id\u00e9al pour le style d\u00e9contract\u00e9 et urbain. La semelle confortable garantit un amorti et un confort pendant la marche, tandis que les mat\u00e9riaux de qualit\u00e9 sup\u00e9rieure garantissent la durabilit\u00e9. Choisissez Nike Dunk Low Off-White Lot 34 pour une combinaison de design \u00e0 la mode, de praticit\u00e9 et de confort.<\/p>\n","protected":false},"featured_media":720090,"comment_status":"open","ping_status":"open","template":"","meta":[],"product_brand":[],"product_cat":[3212,3319],"product_tag":[],"class_list":{"0":"post-720089","1":"product","2":"type-product","3":"status-publish","4":"has-post-thumbnail","6":"product_cat-all-product","7":"product_cat-kedy","8":"pa_rozmir-910","9":"pa_rozmir-912","10":"pa_rozmir-914","11":"pa_rozmir-915","12":"pa_rozmir-916","13":"pa_rozmir-917","14":"pa_rozmir-918","15":"pa_rozmir-919","16":"pa_rozmir-920","17":"pa_rozmir-921","18":"pa_rozmir-922","20":"first","21":"onbackorder","22":"purchasable","23":"product-type-variable"},"_links":{"self":[{"href":"https:\/\/nextsnkr.com\/fr\/wp-json\/wp\/v2\/product\/720089","targetHints":{"allow":["GET"]}}],"collection":[{"href":"https:\/\/nextsnkr.com\/fr\/wp-json\/wp\/v2\/product"}],"about":[{"href":"https:\/\/nextsnkr.com\/fr\/wp-json\/wp\/v2\/types\/product"}],"replies":[{"embeddable":true,"href":"https:\/\/nextsnkr.com\/fr\/wp-json\/wp\/v2\/comments?post=720089"}],"version-history":[{"count":0,"href":"https:\/\/nextsnkr.com\/fr\/wp-json\/wp\/v2\/product\/720089\/revisions"}],"wp:featuredmedia":[{"embeddable":true,"href":"https:\/\/nextsnkr.com\/fr\/wp-json\/wp\/v2\/media\/720090"}],"wp:attachment":[{"href":"https:\/\/nextsnkr.com\/fr\/wp-json\/wp\/v2\/media?parent=720089"}],"wp:term":[{"taxonomy":"product_brand","embeddable":true,"href":"https:\/\/nextsnkr.com\/fr\/wp-json\/wp\/v2\/product_brand?post=720089"},{"taxonomy":"product_cat","embeddable":true,"href":"https:\/\/nextsnkr.com\/fr\/wp-json\/wp\/v2\/product_cat?post=720089"},{"taxonomy":"product_tag","embeddable":true,"href":"https:\/\/nextsnkr.com\/fr\/wp-json\/wp\/v2\/product_tag?post=720089"}],"curies":[{"name":"wp","href":"https:\/\/api.w.org\/{rel}","templated":true}]}}