{"id":716074,"date":"2025-06-14T17:17:16","date_gmt":"2025-06-14T14:17:16","guid":{"rendered":"https:\/\/nextsnkr.com\/product\/air-jordan-retro-1-mid-banned-bred\/"},"modified":"2026-01-31T18:21:31","modified_gmt":"2026-01-31T15:21:31","slug":"air-jordan-retro-1-mid-banned-bred","status":"publish","type":"product","link":"https:\/\/nextsnkr.com\/fr\/produit\/air-jordan-retro-1-mid-banned-bred\/","title":{"rendered":"AIR JORDAN Retro 1 Mid \u00a0\u00bb banned Bred &#8211; &#8211; baskets en cuir pour hommes"},"content":{"rendered":"<h2>AIR JORDAN Retro 1 Mid \u00a0\u00bb banned Bred &#8211; &#8211; baskets en cuir pour hommes<\/h2>\n<p>AIR JORDAN Retro 1 Mid \u00ab\u00a0banned Bred\u00a0\u00bb est une chaussure embl\u00e9matique pour homme en cuir v\u00e9ritable alliant design l\u00e9gendaire et confort ultime. Le mod\u00e8le est id\u00e9al pour le port quotidien et les activit\u00e9s de plein air, tandis que la semelle absorbante offre un confort lors de la marche. La combinaison \u00e9l\u00e9gante de noir et de rouge souligne le style et la personnalit\u00e9. La fabrication au Vietnam garantit la qualit\u00e9 et la durabilit\u00e9. Choisissez AIR JORDAN Retro 1 pour un look tendance et confortable.<\/p>\n","protected":false},"excerpt":{"rendered":"<p>AIR JORDAN Retro 1 Mid \u00ab\u00a0banned Bred\u00a0\u00bb est une chaussure embl\u00e9matique pour homme en cuir v\u00e9ritable alliant design l\u00e9gendaire et confort ultime. Le mod\u00e8le est id\u00e9al pour le port quotidien et les activit\u00e9s de plein air, tandis que la semelle absorbante offre un confort lors de la marche. La combinaison \u00e9l\u00e9gante de noir et de rouge souligne le style et la personnalit\u00e9. La fabrication au Vietnam garantit la qualit\u00e9 et la durabilit\u00e9. Choisissez AIR JORDAN Retro 1 pour un look tendance et confortable.<\/p>\n","protected":false},"featured_media":716076,"comment_status":"open","ping_status":"open","template":"","meta":[],"product_brand":[],"product_cat":[3384,3212,3319],"product_tag":[],"class_list":{"0":"post-716074","1":"product","2":"type-product","3":"status-publish","4":"has-post-thumbnail","6":"product_cat-nike-jordan","7":"product_cat-all-product","8":"product_cat-kedy","9":"pa_rozmir-910","10":"pa_rozmir-912","11":"pa_rozmir-914","12":"pa_rozmir-915","13":"pa_rozmir-916","14":"pa_rozmir-917","15":"pa_rozmir-918","16":"pa_rozmir-919","17":"pa_rozmir-920","18":"pa_rozmir-921","19":"pa_rozmir-922","21":"first","22":"onbackorder","23":"purchasable","24":"product-type-variable"},"_links":{"self":[{"href":"https:\/\/nextsnkr.com\/fr\/wp-json\/wp\/v2\/product\/716074","targetHints":{"allow":["GET"]}}],"collection":[{"href":"https:\/\/nextsnkr.com\/fr\/wp-json\/wp\/v2\/product"}],"about":[{"href":"https:\/\/nextsnkr.com\/fr\/wp-json\/wp\/v2\/types\/product"}],"replies":[{"embeddable":true,"href":"https:\/\/nextsnkr.com\/fr\/wp-json\/wp\/v2\/comments?post=716074"}],"version-history":[{"count":0,"href":"https:\/\/nextsnkr.com\/fr\/wp-json\/wp\/v2\/product\/716074\/revisions"}],"wp:featuredmedia":[{"embeddable":true,"href":"https:\/\/nextsnkr.com\/fr\/wp-json\/wp\/v2\/media\/716076"}],"wp:attachment":[{"href":"https:\/\/nextsnkr.com\/fr\/wp-json\/wp\/v2\/media?parent=716074"}],"wp:term":[{"taxonomy":"product_brand","embeddable":true,"href":"https:\/\/nextsnkr.com\/fr\/wp-json\/wp\/v2\/product_brand?post=716074"},{"taxonomy":"product_cat","embeddable":true,"href":"https:\/\/nextsnkr.com\/fr\/wp-json\/wp\/v2\/product_cat?post=716074"},{"taxonomy":"product_tag","embeddable":true,"href":"https:\/\/nextsnkr.com\/fr\/wp-json\/wp\/v2\/product_tag?post=716074"}],"curies":[{"name":"wp","href":"https:\/\/api.w.org\/{rel}","templated":true}]}}