{"id":713996,"date":"2025-06-16T21:15:48","date_gmt":"2025-06-16T18:15:48","guid":{"rendered":"https:\/\/nextsnkr.com\/product\/loro-piana-pink-fur-premium\/"},"modified":"2026-01-31T18:20:27","modified_gmt":"2026-01-31T15:20:27","slug":"loro-piana-pink-fur-premium","status":"publish","type":"product","link":"https:\/\/nextsnkr.com\/fr\/produit\/loro-piana-pink-fur-premium\/","title":{"rendered":"Mocassins Loro Piana Pink Fur Premium en daim \u00e9cologique-\u00e9l\u00e9gance et confort"},"content":{"rendered":"<h2>Mocassins Loro Piana Pink Fur Premium en daim \u00e9cologique-\u00e9l\u00e9gance et confort<\/h2>\n<p>Loro Piana Pink Fur Premium-mocassins \u00e9l\u00e9gants en daim \u00e9cologique alliant design \u00e9l\u00e9gant, confort et durabilit\u00e9. Une nuance rose d\u00e9licate avec une garniture en fourrure ajoute de la f\u00e9minit\u00e9 et de la sophistication \u00e0 l&rsquo;image. Les mat\u00e9riaux de haute qualit\u00e9 assurent la durabilit\u00e9 et la commodit\u00e9 pendant le port quotidien. Fabriqu\u00e9s au Vietnam, ces mocassins Loro Piana accentuent parfaitement votre style, ajoutant une touche Premium \u00e0 tout look d\u00e9contract\u00e9 ou professionnel.<\/p>\n","protected":false},"excerpt":{"rendered":"<p>Loro Piana Pink Fur Premium-mocassins \u00e9l\u00e9gants en daim \u00e9cologique alliant design \u00e9l\u00e9gant, confort et durabilit\u00e9. Une nuance rose d\u00e9licate avec une garniture en fourrure ajoute de la f\u00e9minit\u00e9 et de la sophistication \u00e0 l&rsquo;image. Les mat\u00e9riaux de haute qualit\u00e9 assurent la durabilit\u00e9 et la commodit\u00e9 pendant le port quotidien. Fabriqu\u00e9s au Vietnam, ces mocassins Loro Piana accentuent parfaitement votre style, ajoutant une touche Premium \u00e0 tout look d\u00e9contract\u00e9 ou professionnel.<\/p>\n","protected":false},"featured_media":714000,"comment_status":"open","ping_status":"open","template":"","meta":[],"product_brand":[],"product_cat":[3212,4241],"product_tag":[],"class_list":{"0":"post-713996","1":"product","2":"type-product","3":"status-publish","4":"has-post-thumbnail","6":"product_cat-all-product","7":"product_cat-lofery","8":"pa_rozmir-910","9":"pa_rozmir-912","10":"pa_rozmir-914","11":"pa_rozmir-915","12":"pa_rozmir-916","13":"pa_rozmir-917","14":"pa_rozmir-918","15":"pa_rozmir-919","16":"pa_rozmir-920","17":"pa_rozmir-921","18":"pa_rozmir-922","20":"first","21":"onbackorder","22":"purchasable","23":"product-type-variable"},"_links":{"self":[{"href":"https:\/\/nextsnkr.com\/fr\/wp-json\/wp\/v2\/product\/713996","targetHints":{"allow":["GET"]}}],"collection":[{"href":"https:\/\/nextsnkr.com\/fr\/wp-json\/wp\/v2\/product"}],"about":[{"href":"https:\/\/nextsnkr.com\/fr\/wp-json\/wp\/v2\/types\/product"}],"replies":[{"embeddable":true,"href":"https:\/\/nextsnkr.com\/fr\/wp-json\/wp\/v2\/comments?post=713996"}],"version-history":[{"count":0,"href":"https:\/\/nextsnkr.com\/fr\/wp-json\/wp\/v2\/product\/713996\/revisions"}],"wp:featuredmedia":[{"embeddable":true,"href":"https:\/\/nextsnkr.com\/fr\/wp-json\/wp\/v2\/media\/714000"}],"wp:attachment":[{"href":"https:\/\/nextsnkr.com\/fr\/wp-json\/wp\/v2\/media?parent=713996"}],"wp:term":[{"taxonomy":"product_brand","embeddable":true,"href":"https:\/\/nextsnkr.com\/fr\/wp-json\/wp\/v2\/product_brand?post=713996"},{"taxonomy":"product_cat","embeddable":true,"href":"https:\/\/nextsnkr.com\/fr\/wp-json\/wp\/v2\/product_cat?post=713996"},{"taxonomy":"product_tag","embeddable":true,"href":"https:\/\/nextsnkr.com\/fr\/wp-json\/wp\/v2\/product_tag?post=713996"}],"curies":[{"name":"wp","href":"https:\/\/api.w.org\/{rel}","templated":true}]}}