{"id":713587,"date":"2025-06-14T17:21:15","date_gmt":"2025-06-14T14:21:15","guid":{"rendered":"https:\/\/nextsnkr.com\/product\/air-jordan-retro-1-low-university-blue\/"},"modified":"2026-01-31T18:20:04","modified_gmt":"2026-01-31T15:20:04","slug":"air-jordan-retro-1-low-university-blue","status":"publish","type":"product","link":"https:\/\/nextsnkr.com\/fr\/produit\/air-jordan-retro-1-low-university-blue\/","title":{"rendered":"Air Jordan Retro 1 Low University Blue-baskets \u00e9l\u00e9gantes en cuir"},"content":{"rendered":"<h2>Air Jordan Retro 1 Low University Blue-baskets \u00e9l\u00e9gantes en cuir<\/h2>\n<p>Les baskets air Jordan Retro 1 Low \u00ab\u00a0University Blue\u00a0\u00bb sont un mod\u00e8le classique pour les connaisseurs de style sportif et de confort. Fabriqu\u00e9s \u00e0 partir de cuir v\u00e9ritable de haute qualit\u00e9, ils offrent une durabilit\u00e9 et un excellent soutien au pied. La combinaison contrast\u00e9e de blanc et de bleu rend l&rsquo;image lumineuse et moderne. Id\u00e9al pour porter tous les jours, les sports et les activit\u00e9s de plein air. Fabricant-Vietnam. Choisissez Air Jordan Retro 1 Low pour un look \u00e9l\u00e9gant et confortable. Code: 0289-140470.<\/p>\n","protected":false},"excerpt":{"rendered":"<p>Les baskets air Jordan Retro 1 Low \u00ab\u00a0University Blue\u00a0\u00bb sont un mod\u00e8le classique pour les connaisseurs de style sportif et de confort. Fabriqu\u00e9s \u00e0 partir de cuir v\u00e9ritable de haute qualit\u00e9, ils offrent une durabilit\u00e9 et un excellent soutien au pied. La combinaison contrast\u00e9e de blanc et de bleu rend l&rsquo;image lumineuse et moderne. Id\u00e9al pour porter tous les jours, les sports et les activit\u00e9s de plein air. Fabricant-Vietnam. Choisissez Air Jordan Retro 1 Low pour un look \u00e9l\u00e9gant et confortable. Code: 0289-140470.<\/p>\n","protected":false},"featured_media":713591,"comment_status":"open","ping_status":"open","template":"","meta":[],"product_brand":[],"product_cat":[3384,3212,3319],"product_tag":[],"class_list":{"0":"post-713587","1":"product","2":"type-product","3":"status-publish","4":"has-post-thumbnail","6":"product_cat-nike-jordan","7":"product_cat-all-product","8":"product_cat-kedy","9":"pa_rozmir-910","10":"pa_rozmir-912","11":"pa_rozmir-914","12":"pa_rozmir-915","13":"pa_rozmir-916","14":"pa_rozmir-917","15":"pa_rozmir-918","16":"pa_rozmir-919","17":"pa_rozmir-920","18":"pa_rozmir-921","19":"pa_rozmir-922","21":"first","22":"instock","23":"purchasable","24":"product-type-variable"},"_links":{"self":[{"href":"https:\/\/nextsnkr.com\/fr\/wp-json\/wp\/v2\/product\/713587","targetHints":{"allow":["GET"]}}],"collection":[{"href":"https:\/\/nextsnkr.com\/fr\/wp-json\/wp\/v2\/product"}],"about":[{"href":"https:\/\/nextsnkr.com\/fr\/wp-json\/wp\/v2\/types\/product"}],"replies":[{"embeddable":true,"href":"https:\/\/nextsnkr.com\/fr\/wp-json\/wp\/v2\/comments?post=713587"}],"version-history":[{"count":0,"href":"https:\/\/nextsnkr.com\/fr\/wp-json\/wp\/v2\/product\/713587\/revisions"}],"wp:featuredmedia":[{"embeddable":true,"href":"https:\/\/nextsnkr.com\/fr\/wp-json\/wp\/v2\/media\/713591"}],"wp:attachment":[{"href":"https:\/\/nextsnkr.com\/fr\/wp-json\/wp\/v2\/media?parent=713587"}],"wp:term":[{"taxonomy":"product_brand","embeddable":true,"href":"https:\/\/nextsnkr.com\/fr\/wp-json\/wp\/v2\/product_brand?post=713587"},{"taxonomy":"product_cat","embeddable":true,"href":"https:\/\/nextsnkr.com\/fr\/wp-json\/wp\/v2\/product_cat?post=713587"},{"taxonomy":"product_tag","embeddable":true,"href":"https:\/\/nextsnkr.com\/fr\/wp-json\/wp\/v2\/product_tag?post=713587"}],"curies":[{"name":"wp","href":"https:\/\/api.w.org\/{rel}","templated":true}]}}