{"id":711312,"date":"2025-06-16T21:22:20","date_gmt":"2025-06-16T18:22:20","guid":{"rendered":"https:\/\/nextsnkr.com\/product\/sale-nike-air-force-1-high-fur-black\/"},"modified":"2026-01-31T18:18:54","modified_gmt":"2026-01-31T15:18:54","slug":"sale-nike-air-force-1-high-fur-black","status":"publish","type":"product","link":"https:\/\/nextsnkr.com\/fr\/produit\/sale-nike-air-force-1-high-fur-black\/","title":{"rendered":"Baskets Nike air Force 1 High Fur Black-baskets hautes en daim et fourrure"},"content":{"rendered":"<h2>Baskets Nike air Force 1 High Fur Black-baskets hautes en daim et fourrure<\/h2>\n<p>Les baskets Nike Air Force 1 High Fur \u00ab\u00a0Black\u00a0\u00bb sont un mod\u00e8le \u00e9l\u00e9gant et chaud pour le temps froid. Fabriqu\u00e9s \u00e0 partir de daim et de fourrure de haute qualit\u00e9, ils offrent confort, chaleur et r\u00e9sistance \u00e0 l&rsquo;usure. La conception \u00e9lev\u00e9e du mod\u00e8le fournit l&rsquo;appui de cheville et ajoute une image de style urbain moderne. La couleur noire rend les baskets polyvalentes et faciles \u00e0 assortir \u00e0 tous les v\u00eatements. Fabriqu\u00e9s au Vietnam, ces Croix combinent qualit\u00e9 sup\u00e9rieure, style et praticit\u00e9. Choisissez Nike Air Force 1 High Fur-confort et look tendance \u00e0 chaque \u00e9tape.<\/p>\n","protected":false},"excerpt":{"rendered":"<p>Les baskets Nike Air Force 1 High Fur \u00ab\u00a0Black\u00a0\u00bb sont un mod\u00e8le \u00e9l\u00e9gant et chaud pour le temps froid. Fabriqu\u00e9s \u00e0 partir de daim et de fourrure de haute qualit\u00e9, ils offrent confort, chaleur et r\u00e9sistance \u00e0 l&rsquo;usure. La conception \u00e9lev\u00e9e du mod\u00e8le fournit l&rsquo;appui de cheville et ajoute une image de style urbain moderne. La couleur noire rend les baskets polyvalentes et faciles \u00e0 assortir \u00e0 tous les v\u00eatements. Fabriqu\u00e9s au Vietnam, ces Croix combinent qualit\u00e9 sup\u00e9rieure, style et praticit\u00e9. Choisissez Nike Air Force 1 High Fur-confort et look tendance \u00e0 chaque \u00e9tape.<\/p>\n","protected":false},"featured_media":711316,"comment_status":"open","ping_status":"open","template":"","meta":[],"product_brand":[],"product_cat":[3212,3319],"product_tag":[],"class_list":{"0":"post-711312","1":"product","2":"type-product","3":"status-publish","4":"has-post-thumbnail","6":"product_cat-all-product","7":"product_cat-kedy","8":"pa_rozmir-910","9":"pa_rozmir-912","10":"pa_rozmir-914","11":"pa_rozmir-915","12":"pa_rozmir-916","13":"pa_rozmir-917","14":"pa_rozmir-918","15":"pa_rozmir-919","16":"pa_rozmir-920","17":"pa_rozmir-921","18":"pa_rozmir-922","20":"first","21":"onbackorder","22":"purchasable","23":"product-type-variable"},"_links":{"self":[{"href":"https:\/\/nextsnkr.com\/fr\/wp-json\/wp\/v2\/product\/711312","targetHints":{"allow":["GET"]}}],"collection":[{"href":"https:\/\/nextsnkr.com\/fr\/wp-json\/wp\/v2\/product"}],"about":[{"href":"https:\/\/nextsnkr.com\/fr\/wp-json\/wp\/v2\/types\/product"}],"replies":[{"embeddable":true,"href":"https:\/\/nextsnkr.com\/fr\/wp-json\/wp\/v2\/comments?post=711312"}],"version-history":[{"count":0,"href":"https:\/\/nextsnkr.com\/fr\/wp-json\/wp\/v2\/product\/711312\/revisions"}],"wp:featuredmedia":[{"embeddable":true,"href":"https:\/\/nextsnkr.com\/fr\/wp-json\/wp\/v2\/media\/711316"}],"wp:attachment":[{"href":"https:\/\/nextsnkr.com\/fr\/wp-json\/wp\/v2\/media?parent=711312"}],"wp:term":[{"taxonomy":"product_brand","embeddable":true,"href":"https:\/\/nextsnkr.com\/fr\/wp-json\/wp\/v2\/product_brand?post=711312"},{"taxonomy":"product_cat","embeddable":true,"href":"https:\/\/nextsnkr.com\/fr\/wp-json\/wp\/v2\/product_cat?post=711312"},{"taxonomy":"product_tag","embeddable":true,"href":"https:\/\/nextsnkr.com\/fr\/wp-json\/wp\/v2\/product_tag?post=711312"}],"curies":[{"name":"wp","href":"https:\/\/api.w.org\/{rel}","templated":true}]}}