{"id":710523,"date":"2025-06-14T17:29:16","date_gmt":"2025-06-14T14:29:16","guid":{"rendered":"https:\/\/nextsnkr.com\/product\/lether-mini-black\/"},"modified":"2026-01-31T18:18:32","modified_gmt":"2026-01-31T15:18:32","slug":"lether-mini-black","status":"publish","type":"product","link":"https:\/\/nextsnkr.com\/fr\/produit\/lether-mini-black\/","title":{"rendered":"UGG Lether mini Black &#8211; bottes en cuir \u00e9l\u00e9gantes pour tous les jours"},"content":{"rendered":"<h2>UGG Lether mini Black &#8211; bottes en cuir \u00e9l\u00e9gantes pour tous les jours<\/h2>\n<p>Les bottes UGG Lether mini Black sont un mod\u00e8le \u00e9l\u00e9gant en cuir v\u00e9ritable alliant confort, durabilit\u00e9 et design moderne. La coupe l\u00e9g\u00e8re et confortable offre un confort pendant le port quotidien, tandis que la couleur noire classique rend les chaussures polyvalentes pour n&rsquo;importe quel look. La semelle robuste garantit la durabilit\u00e9 et la qualit\u00e9 sup\u00e9rieure des mat\u00e9riaux souligne le style et la praticit\u00e9 de cette chaussure.<\/p>\n","protected":false},"excerpt":{"rendered":"<p>Les bottes UGG Lether mini Black sont un mod\u00e8le \u00e9l\u00e9gant en cuir v\u00e9ritable alliant confort, durabilit\u00e9 et design moderne. La coupe l\u00e9g\u00e8re et confortable offre un confort pendant le port quotidien, tandis que la couleur noire classique rend les chaussures polyvalentes pour n&rsquo;importe quel look. La semelle robuste garantit la durabilit\u00e9 et la qualit\u00e9 sup\u00e9rieure des mat\u00e9riaux souligne le style et la praticit\u00e9 de cette chaussure.<\/p>\n","protected":false},"featured_media":710524,"comment_status":"open","ping_status":"open","template":"","meta":[],"product_brand":[],"product_cat":[3408,3212],"product_tag":[],"class_list":{"0":"post-710523","1":"product","2":"type-product","3":"status-publish","4":"has-post-thumbnail","6":"product_cat-ugg","7":"product_cat-all-product","8":"pa_rozmir-910","9":"pa_rozmir-912","10":"pa_rozmir-914","11":"pa_rozmir-915","12":"pa_rozmir-916","13":"pa_rozmir-917","14":"pa_rozmir-918","15":"pa_rozmir-919","16":"pa_rozmir-920","17":"pa_rozmir-921","18":"pa_rozmir-922","20":"first","21":"onbackorder","22":"purchasable","23":"product-type-variable"},"_links":{"self":[{"href":"https:\/\/nextsnkr.com\/fr\/wp-json\/wp\/v2\/product\/710523","targetHints":{"allow":["GET"]}}],"collection":[{"href":"https:\/\/nextsnkr.com\/fr\/wp-json\/wp\/v2\/product"}],"about":[{"href":"https:\/\/nextsnkr.com\/fr\/wp-json\/wp\/v2\/types\/product"}],"replies":[{"embeddable":true,"href":"https:\/\/nextsnkr.com\/fr\/wp-json\/wp\/v2\/comments?post=710523"}],"version-history":[{"count":0,"href":"https:\/\/nextsnkr.com\/fr\/wp-json\/wp\/v2\/product\/710523\/revisions"}],"wp:featuredmedia":[{"embeddable":true,"href":"https:\/\/nextsnkr.com\/fr\/wp-json\/wp\/v2\/media\/710524"}],"wp:attachment":[{"href":"https:\/\/nextsnkr.com\/fr\/wp-json\/wp\/v2\/media?parent=710523"}],"wp:term":[{"taxonomy":"product_brand","embeddable":true,"href":"https:\/\/nextsnkr.com\/fr\/wp-json\/wp\/v2\/product_brand?post=710523"},{"taxonomy":"product_cat","embeddable":true,"href":"https:\/\/nextsnkr.com\/fr\/wp-json\/wp\/v2\/product_cat?post=710523"},{"taxonomy":"product_tag","embeddable":true,"href":"https:\/\/nextsnkr.com\/fr\/wp-json\/wp\/v2\/product_tag?post=710523"}],"curies":[{"name":"wp","href":"https:\/\/api.w.org\/{rel}","templated":true}]}}