{"id":709858,"date":"2025-06-14T17:30:33","date_gmt":"2025-06-14T14:30:33","guid":{"rendered":"https:\/\/nextsnkr.com\/product\/classic-short-black\/"},"modified":"2026-01-31T18:09:15","modified_gmt":"2026-01-31T15:09:15","slug":"classic-short-black","status":"publish","type":"product","link":"https:\/\/nextsnkr.com\/fr\/produit\/classic-short-black\/","title":{"rendered":"Bottes UGG Classic Short Black-daim et peau de mouton, isol\u00e9es"},"content":{"rendered":"<h2>Bottes UGG Classic Short Black-daim et peau de mouton, isol\u00e9es<\/h2>\n<p>Les bottes UGG Classic Short Black sont un mod\u00e8le classique et chaud pour la saison froide. Fabriqu\u00e9s en daim doux et en peau de mouton naturelle, ils offrent confort, chaleur et durabilit\u00e9. La couleur noire rend les chaussures universelles pour n&rsquo;importe quelle image, et la production chinoise de haute qualit\u00e9 garantit une ex\u00e9cution soign\u00e9e. Choix parfait pour le port quotidien, la marche et les activit\u00e9s de plein air. Choisissez Ugg Classic Short Black pour le style et la chaleur fiable.<\/p>\n","protected":false},"excerpt":{"rendered":"<p>Les bottes UGG Classic Short Black sont un mod\u00e8le classique et chaud pour la saison froide. Fabriqu\u00e9s en daim doux et en peau de mouton naturelle, ils offrent confort, chaleur et durabilit\u00e9. La couleur noire rend les chaussures universelles pour n&rsquo;importe quelle image, et la production chinoise de haute qualit\u00e9 garantit une ex\u00e9cution soign\u00e9e. Choix parfait pour le port quotidien, la marche et les activit\u00e9s de plein air. Choisissez Ugg Classic Short Black pour le style et la chaleur fiable.<\/p>\n","protected":false},"featured_media":709866,"comment_status":"open","ping_status":"open","template":"","meta":[],"product_brand":[],"product_cat":[3408,3212],"product_tag":[],"class_list":{"0":"post-709858","1":"product","2":"type-product","3":"status-publish","4":"has-post-thumbnail","6":"product_cat-ugg","7":"product_cat-all-product","8":"pa_rozmir-910","9":"pa_rozmir-912","10":"pa_rozmir-914","11":"pa_rozmir-915","12":"pa_rozmir-916","13":"pa_rozmir-917","14":"pa_rozmir-918","15":"pa_rozmir-919","16":"pa_rozmir-920","17":"pa_rozmir-921","18":"pa_rozmir-922","20":"first","21":"instock","22":"purchasable","23":"product-type-variable"},"_links":{"self":[{"href":"https:\/\/nextsnkr.com\/fr\/wp-json\/wp\/v2\/product\/709858","targetHints":{"allow":["GET"]}}],"collection":[{"href":"https:\/\/nextsnkr.com\/fr\/wp-json\/wp\/v2\/product"}],"about":[{"href":"https:\/\/nextsnkr.com\/fr\/wp-json\/wp\/v2\/types\/product"}],"replies":[{"embeddable":true,"href":"https:\/\/nextsnkr.com\/fr\/wp-json\/wp\/v2\/comments?post=709858"}],"version-history":[{"count":0,"href":"https:\/\/nextsnkr.com\/fr\/wp-json\/wp\/v2\/product\/709858\/revisions"}],"wp:featuredmedia":[{"embeddable":true,"href":"https:\/\/nextsnkr.com\/fr\/wp-json\/wp\/v2\/media\/709866"}],"wp:attachment":[{"href":"https:\/\/nextsnkr.com\/fr\/wp-json\/wp\/v2\/media?parent=709858"}],"wp:term":[{"taxonomy":"product_brand","embeddable":true,"href":"https:\/\/nextsnkr.com\/fr\/wp-json\/wp\/v2\/product_brand?post=709858"},{"taxonomy":"product_cat","embeddable":true,"href":"https:\/\/nextsnkr.com\/fr\/wp-json\/wp\/v2\/product_cat?post=709858"},{"taxonomy":"product_tag","embeddable":true,"href":"https:\/\/nextsnkr.com\/fr\/wp-json\/wp\/v2\/product_tag?post=709858"}],"curies":[{"name":"wp","href":"https:\/\/api.w.org\/{rel}","templated":true}]}}