{"id":708131,"date":"2025-06-16T21:33:50","date_gmt":"2025-06-16T18:33:50","guid":{"rendered":"https:\/\/nextsnkr.com\/product\/sale-nike-air-jordan-1-retro-high-blue-red\/"},"modified":"2026-01-31T18:08:27","modified_gmt":"2026-01-31T15:08:27","slug":"sale-nike-air-jordan-1-retro-high-blue-red","status":"publish","type":"product","link":"https:\/\/nextsnkr.com\/fr\/produit\/sale-nike-air-jordan-1-retro-high-blue-red\/","title":{"rendered":"Nike air Jordan 1 Retro High Blue \/ Red-baskets en cuir verni pour homme"},"content":{"rendered":"<h2>Nike air Jordan 1 Retro High Blue \/ Red-baskets en cuir verni pour homme<\/h2>\n<p>Nike Air Jordan 1 Retro High Blue \/ Red est une chaussure \u00e9l\u00e9gante pour homme en cuir verni alliant durabilit\u00e9, confort et design l\u00e9gendaire. Le mod\u00e8le est id\u00e9al pour porter tous les jours, les activit\u00e9s de plein air et cr\u00e9er des images urbaines lumineuses. Le haut-talon offre un soutien \u00e0 la cheville, tandis que la combinaison vibrante de bleu et de rouge met en valeur la personnalit\u00e9 et le style. La fabrication au Vietnam garantit la qualit\u00e9 des mat\u00e9riaux et la durabilit\u00e9.<\/p>\n","protected":false},"excerpt":{"rendered":"<p>Nike Air Jordan 1 Retro High Blue \/ Red est une chaussure \u00e9l\u00e9gante pour homme en cuir verni alliant durabilit\u00e9, confort et design l\u00e9gendaire. Le mod\u00e8le est id\u00e9al pour porter tous les jours, les activit\u00e9s de plein air et cr\u00e9er des images urbaines lumineuses. Le haut-talon offre un soutien \u00e0 la cheville, tandis que la combinaison vibrante de bleu et de rouge met en valeur la personnalit\u00e9 et le style. La fabrication au Vietnam garantit la qualit\u00e9 des mat\u00e9riaux et la durabilit\u00e9.<\/p>\n","protected":false},"featured_media":708132,"comment_status":"open","ping_status":"open","template":"","meta":[],"product_brand":[],"product_cat":[3384,3212,3319],"product_tag":[],"class_list":{"0":"post-708131","1":"product","2":"type-product","3":"status-publish","4":"has-post-thumbnail","6":"product_cat-nike-jordan","7":"product_cat-all-product","8":"product_cat-kedy","9":"pa_rozmir-910","10":"pa_rozmir-912","11":"pa_rozmir-914","12":"pa_rozmir-915","13":"pa_rozmir-916","14":"pa_rozmir-917","15":"pa_rozmir-918","16":"pa_rozmir-919","17":"pa_rozmir-920","18":"pa_rozmir-921","19":"pa_rozmir-922","21":"first","22":"instock","23":"purchasable","24":"product-type-variable"},"_links":{"self":[{"href":"https:\/\/nextsnkr.com\/fr\/wp-json\/wp\/v2\/product\/708131","targetHints":{"allow":["GET"]}}],"collection":[{"href":"https:\/\/nextsnkr.com\/fr\/wp-json\/wp\/v2\/product"}],"about":[{"href":"https:\/\/nextsnkr.com\/fr\/wp-json\/wp\/v2\/types\/product"}],"replies":[{"embeddable":true,"href":"https:\/\/nextsnkr.com\/fr\/wp-json\/wp\/v2\/comments?post=708131"}],"version-history":[{"count":0,"href":"https:\/\/nextsnkr.com\/fr\/wp-json\/wp\/v2\/product\/708131\/revisions"}],"wp:featuredmedia":[{"embeddable":true,"href":"https:\/\/nextsnkr.com\/fr\/wp-json\/wp\/v2\/media\/708132"}],"wp:attachment":[{"href":"https:\/\/nextsnkr.com\/fr\/wp-json\/wp\/v2\/media?parent=708131"}],"wp:term":[{"taxonomy":"product_brand","embeddable":true,"href":"https:\/\/nextsnkr.com\/fr\/wp-json\/wp\/v2\/product_brand?post=708131"},{"taxonomy":"product_cat","embeddable":true,"href":"https:\/\/nextsnkr.com\/fr\/wp-json\/wp\/v2\/product_cat?post=708131"},{"taxonomy":"product_tag","embeddable":true,"href":"https:\/\/nextsnkr.com\/fr\/wp-json\/wp\/v2\/product_tag?post=708131"}],"curies":[{"name":"wp","href":"https:\/\/api.w.org\/{rel}","templated":true}]}}