{"id":706602,"date":"2025-06-16T21:41:11","date_gmt":"2025-06-16T18:41:11","guid":{"rendered":"https:\/\/nextsnkr.com\/product\/nike-air-jordan-1-retro-high-og-turbo-green\/"},"modified":"2026-01-31T18:07:30","modified_gmt":"2026-01-31T15:07:30","slug":"nike-air-jordan-1-retro-high-og-turbo-green","status":"publish","type":"product","link":"https:\/\/nextsnkr.com\/fr\/produit\/nike-air-jordan-1-retro-high-og-turbo-green\/","title":{"rendered":"Baskets Nike Air Jordan 1 Retro High og Turbo Green-baskets en cuir Premium"},"content":{"rendered":"<h2>Baskets Nike Air Jordan 1 Retro High og Turbo Green-baskets en cuir Premium<\/h2>\n<p>Les baskets Nike Air Jordan 1 Retro High og \u00ab\u00a0Turbo Green\u00a0\u00bb sont un mod\u00e8le \u00e9l\u00e9gant et confortable pour un port quotidien et un style urbain. Fabriqu\u00e9 en cuir de qualit\u00e9 avec languette textile et semelle en caoutchouc dur pour une adh\u00e9rence s\u00fbre sur toutes les surfaces. Le mod\u00e8le demi-saison de 801 grammes offre confort et durabilit\u00e9. La teinte vive Turbo Green met en valeur l&rsquo;individualit\u00e9 et le style moderne. Fabriqu\u00e9es au Vietnam, ces baskets sont id\u00e9ales pour la vie active et les looks tendance. Choisissez Air Jordan 1 Retro High OG-une combinaison de style, de qualit\u00e9 et de prestige.<\/p>\n","protected":false},"excerpt":{"rendered":"<p>Les baskets Nike Air Jordan 1 Retro High og \u00ab\u00a0Turbo Green\u00a0\u00bb sont un mod\u00e8le \u00e9l\u00e9gant et confortable pour un port quotidien et un style urbain. Fabriqu\u00e9 en cuir de qualit\u00e9 avec languette textile et semelle en caoutchouc dur pour une adh\u00e9rence s\u00fbre sur toutes les surfaces. Le mod\u00e8le demi-saison de 801 grammes offre confort et durabilit\u00e9. La teinte vive Turbo Green met en valeur l&rsquo;individualit\u00e9 et le style moderne. Fabriqu\u00e9es au Vietnam, ces baskets sont id\u00e9ales pour la vie active et les looks tendance. Choisissez Air Jordan 1 Retro High OG-une combinaison de style, de qualit\u00e9 et de prestige.<\/p>\n","protected":false},"featured_media":706603,"comment_status":"open","ping_status":"open","template":"","meta":[],"product_brand":[],"product_cat":[3384,3212,3319],"product_tag":[],"class_list":{"0":"post-706602","1":"product","2":"type-product","3":"status-publish","4":"has-post-thumbnail","6":"product_cat-nike-jordan","7":"product_cat-all-product","8":"product_cat-kedy","9":"pa_rozmir-910","10":"pa_rozmir-912","11":"pa_rozmir-914","12":"pa_rozmir-915","13":"pa_rozmir-916","14":"pa_rozmir-917","15":"pa_rozmir-918","16":"pa_rozmir-919","17":"pa_rozmir-920","18":"pa_rozmir-921","19":"pa_rozmir-922","21":"first","22":"instock","23":"purchasable","24":"product-type-variable"},"_links":{"self":[{"href":"https:\/\/nextsnkr.com\/fr\/wp-json\/wp\/v2\/product\/706602","targetHints":{"allow":["GET"]}}],"collection":[{"href":"https:\/\/nextsnkr.com\/fr\/wp-json\/wp\/v2\/product"}],"about":[{"href":"https:\/\/nextsnkr.com\/fr\/wp-json\/wp\/v2\/types\/product"}],"replies":[{"embeddable":true,"href":"https:\/\/nextsnkr.com\/fr\/wp-json\/wp\/v2\/comments?post=706602"}],"version-history":[{"count":0,"href":"https:\/\/nextsnkr.com\/fr\/wp-json\/wp\/v2\/product\/706602\/revisions"}],"wp:featuredmedia":[{"embeddable":true,"href":"https:\/\/nextsnkr.com\/fr\/wp-json\/wp\/v2\/media\/706603"}],"wp:attachment":[{"href":"https:\/\/nextsnkr.com\/fr\/wp-json\/wp\/v2\/media?parent=706602"}],"wp:term":[{"taxonomy":"product_brand","embeddable":true,"href":"https:\/\/nextsnkr.com\/fr\/wp-json\/wp\/v2\/product_brand?post=706602"},{"taxonomy":"product_cat","embeddable":true,"href":"https:\/\/nextsnkr.com\/fr\/wp-json\/wp\/v2\/product_cat?post=706602"},{"taxonomy":"product_tag","embeddable":true,"href":"https:\/\/nextsnkr.com\/fr\/wp-json\/wp\/v2\/product_tag?post=706602"}],"curies":[{"name":"wp","href":"https:\/\/api.w.org\/{rel}","templated":true}]}}