{"id":706432,"date":"2025-06-16T21:41:59","date_gmt":"2025-06-16T18:41:59","guid":{"rendered":"https:\/\/nextsnkr.com\/product\/nike-air-jordan-1-retro-high-og-yellow-toe\/"},"modified":"2026-01-31T18:07:26","modified_gmt":"2026-01-31T15:07:26","slug":"nike-air-jordan-1-retro-high-og-yellow-toe","status":"publish","type":"product","link":"https:\/\/nextsnkr.com\/fr\/produit\/nike-air-jordan-1-retro-high-og-yellow-toe\/","title":{"rendered":"Baskets Nike Air Jordan 1 Retro High og Yellow Toe-baskets en cuir"},"content":{"rendered":"<h2>Baskets Nike Air Jordan 1 Retro High og Yellow Toe-baskets en cuir<\/h2>\n<p>Nike air Jordan 1 Retro High OG \u00ab\u00a0Yellow Toe\u00a0\u00bb est un mod\u00e8le classique pour les connaisseurs de style sportif et de confort. Fabriqu\u00e9s en cuir v\u00e9ritable avec languette textile, ils offrent une r\u00e9sistance, une durabilit\u00e9 et un ajustement confortable au pied. La combinaison brillante de jaune et de noir ajoute \u00e0 l&rsquo;image de la modernit\u00e9 et de la personnalit\u00e9. La semelle garantit un amorti et une stabilit\u00e9 lors de la marche. Fabricant-usine Vietnam. Choisissez Air Jordan 1 Retro High og Yellow Toe pour le style et le confort. Code: 2282-144581.<\/p>\n","protected":false},"excerpt":{"rendered":"<p>Nike air Jordan 1 Retro High OG \u00ab\u00a0Yellow Toe\u00a0\u00bb est un mod\u00e8le classique pour les connaisseurs de style sportif et de confort. Fabriqu\u00e9s en cuir v\u00e9ritable avec languette textile, ils offrent une r\u00e9sistance, une durabilit\u00e9 et un ajustement confortable au pied. La combinaison brillante de jaune et de noir ajoute \u00e0 l&rsquo;image de la modernit\u00e9 et de la personnalit\u00e9. La semelle garantit un amorti et une stabilit\u00e9 lors de la marche. Fabricant-usine Vietnam. Choisissez Air Jordan 1 Retro High og Yellow Toe pour le style et le confort. Code: 2282-144581.<\/p>\n","protected":false},"featured_media":706433,"comment_status":"open","ping_status":"open","template":"","meta":[],"product_brand":[],"product_cat":[3384,3212,3319],"product_tag":[],"class_list":{"0":"post-706432","1":"product","2":"type-product","3":"status-publish","4":"has-post-thumbnail","6":"product_cat-nike-jordan","7":"product_cat-all-product","8":"product_cat-kedy","9":"pa_rozmir-910","10":"pa_rozmir-912","11":"pa_rozmir-914","12":"pa_rozmir-915","13":"pa_rozmir-916","14":"pa_rozmir-917","15":"pa_rozmir-918","16":"pa_rozmir-919","17":"pa_rozmir-920","18":"pa_rozmir-921","19":"pa_rozmir-922","21":"first","22":"onbackorder","23":"purchasable","24":"product-type-variable"},"_links":{"self":[{"href":"https:\/\/nextsnkr.com\/fr\/wp-json\/wp\/v2\/product\/706432","targetHints":{"allow":["GET"]}}],"collection":[{"href":"https:\/\/nextsnkr.com\/fr\/wp-json\/wp\/v2\/product"}],"about":[{"href":"https:\/\/nextsnkr.com\/fr\/wp-json\/wp\/v2\/types\/product"}],"replies":[{"embeddable":true,"href":"https:\/\/nextsnkr.com\/fr\/wp-json\/wp\/v2\/comments?post=706432"}],"version-history":[{"count":0,"href":"https:\/\/nextsnkr.com\/fr\/wp-json\/wp\/v2\/product\/706432\/revisions"}],"wp:featuredmedia":[{"embeddable":true,"href":"https:\/\/nextsnkr.com\/fr\/wp-json\/wp\/v2\/media\/706433"}],"wp:attachment":[{"href":"https:\/\/nextsnkr.com\/fr\/wp-json\/wp\/v2\/media?parent=706432"}],"wp:term":[{"taxonomy":"product_brand","embeddable":true,"href":"https:\/\/nextsnkr.com\/fr\/wp-json\/wp\/v2\/product_brand?post=706432"},{"taxonomy":"product_cat","embeddable":true,"href":"https:\/\/nextsnkr.com\/fr\/wp-json\/wp\/v2\/product_cat?post=706432"},{"taxonomy":"product_tag","embeddable":true,"href":"https:\/\/nextsnkr.com\/fr\/wp-json\/wp\/v2\/product_tag?post=706432"}],"curies":[{"name":"wp","href":"https:\/\/api.w.org\/{rel}","templated":true}]}}