{"id":706094,"date":"2025-06-14T17:31:10","date_gmt":"2025-06-14T14:31:10","guid":{"rendered":"https:\/\/nextsnkr.com\/product\/short-zip-leather\/"},"modified":"2026-01-31T18:07:16","modified_gmt":"2026-01-31T15:07:16","slug":"short-zip-leather","status":"publish","type":"product","link":"https:\/\/nextsnkr.com\/fr\/produit\/short-zip-leather\/","title":{"rendered":"UGG Short Zip Leather-bottes courtes en daim pour femmes"},"content":{"rendered":"<h2>UGG Short Zip Leather-bottes courtes en daim pour femmes<\/h2>\n<p>UGG Short Zip Leather est une chaussure femme \u00e9l\u00e9gante et confortable en daim de haute qualit\u00e9. Le mod\u00e8le court avec fermeture \u00e0 glissi\u00e8re pratique permet une chaussure et un retrait faciles, tandis que la doublure int\u00e9rieure douce procure chaleur et confort pendant la saison froide. La couleur classique noire rend les chaussures polyvalentes pour n&rsquo;importe quel look. Un choix parfait pour ceux qui appr\u00e9cient la marque UGG, le confort et la qualit\u00e9 fiable dans un usage quotidien.<\/p>\n","protected":false},"excerpt":{"rendered":"<p>UGG Short Zip Leather est une chaussure femme \u00e9l\u00e9gante et confortable en daim de haute qualit\u00e9. Le mod\u00e8le court avec fermeture \u00e0 glissi\u00e8re pratique permet une chaussure et un retrait faciles, tandis que la doublure int\u00e9rieure douce procure chaleur et confort pendant la saison froide. La couleur classique noire rend les chaussures polyvalentes pour n&rsquo;importe quel look. Un choix parfait pour ceux qui appr\u00e9cient la marque UGG, le confort et la qualit\u00e9 fiable dans un usage quotidien.<\/p>\n","protected":false},"featured_media":706095,"comment_status":"open","ping_status":"open","template":"","meta":[],"product_brand":[],"product_cat":[3408,3212],"product_tag":[],"class_list":{"0":"post-706094","1":"product","2":"type-product","3":"status-publish","4":"has-post-thumbnail","6":"product_cat-ugg","7":"product_cat-all-product","8":"pa_rozmir-910","9":"pa_rozmir-912","10":"pa_rozmir-914","11":"pa_rozmir-915","12":"pa_rozmir-916","13":"pa_rozmir-917","14":"pa_rozmir-918","15":"pa_rozmir-919","16":"pa_rozmir-920","17":"pa_rozmir-921","18":"pa_rozmir-922","20":"first","21":"instock","22":"purchasable","23":"product-type-variable"},"_links":{"self":[{"href":"https:\/\/nextsnkr.com\/fr\/wp-json\/wp\/v2\/product\/706094","targetHints":{"allow":["GET"]}}],"collection":[{"href":"https:\/\/nextsnkr.com\/fr\/wp-json\/wp\/v2\/product"}],"about":[{"href":"https:\/\/nextsnkr.com\/fr\/wp-json\/wp\/v2\/types\/product"}],"replies":[{"embeddable":true,"href":"https:\/\/nextsnkr.com\/fr\/wp-json\/wp\/v2\/comments?post=706094"}],"version-history":[{"count":0,"href":"https:\/\/nextsnkr.com\/fr\/wp-json\/wp\/v2\/product\/706094\/revisions"}],"wp:featuredmedia":[{"embeddable":true,"href":"https:\/\/nextsnkr.com\/fr\/wp-json\/wp\/v2\/media\/706095"}],"wp:attachment":[{"href":"https:\/\/nextsnkr.com\/fr\/wp-json\/wp\/v2\/media?parent=706094"}],"wp:term":[{"taxonomy":"product_brand","embeddable":true,"href":"https:\/\/nextsnkr.com\/fr\/wp-json\/wp\/v2\/product_brand?post=706094"},{"taxonomy":"product_cat","embeddable":true,"href":"https:\/\/nextsnkr.com\/fr\/wp-json\/wp\/v2\/product_cat?post=706094"},{"taxonomy":"product_tag","embeddable":true,"href":"https:\/\/nextsnkr.com\/fr\/wp-json\/wp\/v2\/product_tag?post=706094"}],"curies":[{"name":"wp","href":"https:\/\/api.w.org\/{rel}","templated":true}]}}