{"id":705755,"date":"2025-06-14T17:32:21","date_gmt":"2025-06-14T14:32:21","guid":{"rendered":"https:\/\/nextsnkr.com\/product\/classic-ultra-mini-platform-black-leather\/"},"modified":"2026-01-31T18:07:06","modified_gmt":"2026-01-31T15:07:06","slug":"classic-ultra-mini-platform-black-leather","status":"publish","type":"product","link":"https:\/\/nextsnkr.com\/fr\/produit\/classic-ultra-mini-platform-black-leather\/","title":{"rendered":"UGG Classic Ultra mini Platform Black Leather-UGG femme en cuir"},"content":{"rendered":"<h2>UGG Classic Ultra mini Platform Black Leather-UGG femme en cuir<\/h2>\n<p>UGG Classic Ultra Mini Platform Black Leather est une plate-forme \u00e9l\u00e9gante pour femmes en cuir v\u00e9ritable de haute qualit\u00e9 offrant durabilit\u00e9 et confort. Le mod\u00e8le Ultra Mini combine un design moderne et une \u00e9l\u00e9gance classique, facile \u00e0 porter tous les jours en ville et en promenade. Les Uggs fabriqu\u00e9s en Chine se distinguent par leur douceur, leur confort et leur isolation thermique. Le choix id\u00e9al pour ceux qui appr\u00e9cient le style, le confort et la praticit\u00e9 pendant la saison froide.<\/p>\n","protected":false},"excerpt":{"rendered":"<p>UGG Classic Ultra Mini Platform Black Leather est une plate-forme \u00e9l\u00e9gante pour femmes en cuir v\u00e9ritable de haute qualit\u00e9 offrant durabilit\u00e9 et confort. Le mod\u00e8le Ultra Mini combine un design moderne et une \u00e9l\u00e9gance classique, facile \u00e0 porter tous les jours en ville et en promenade. Les Uggs fabriqu\u00e9s en Chine se distinguent par leur douceur, leur confort et leur isolation thermique. Le choix id\u00e9al pour ceux qui appr\u00e9cient le style, le confort et la praticit\u00e9 pendant la saison froide.<\/p>\n","protected":false},"featured_media":705756,"comment_status":"open","ping_status":"open","template":"","meta":[],"product_brand":[],"product_cat":[3408,3212],"product_tag":[],"class_list":{"0":"post-705755","1":"product","2":"type-product","3":"status-publish","4":"has-post-thumbnail","6":"product_cat-ugg","7":"product_cat-all-product","8":"pa_rozmir-910","9":"pa_rozmir-912","10":"pa_rozmir-914","11":"pa_rozmir-915","12":"pa_rozmir-916","13":"pa_rozmir-917","14":"pa_rozmir-918","15":"pa_rozmir-919","16":"pa_rozmir-920","17":"pa_rozmir-921","18":"pa_rozmir-922","20":"first","21":"onbackorder","22":"purchasable","23":"product-type-variable"},"_links":{"self":[{"href":"https:\/\/nextsnkr.com\/fr\/wp-json\/wp\/v2\/product\/705755","targetHints":{"allow":["GET"]}}],"collection":[{"href":"https:\/\/nextsnkr.com\/fr\/wp-json\/wp\/v2\/product"}],"about":[{"href":"https:\/\/nextsnkr.com\/fr\/wp-json\/wp\/v2\/types\/product"}],"replies":[{"embeddable":true,"href":"https:\/\/nextsnkr.com\/fr\/wp-json\/wp\/v2\/comments?post=705755"}],"version-history":[{"count":0,"href":"https:\/\/nextsnkr.com\/fr\/wp-json\/wp\/v2\/product\/705755\/revisions"}],"wp:featuredmedia":[{"embeddable":true,"href":"https:\/\/nextsnkr.com\/fr\/wp-json\/wp\/v2\/media\/705756"}],"wp:attachment":[{"href":"https:\/\/nextsnkr.com\/fr\/wp-json\/wp\/v2\/media?parent=705755"}],"wp:term":[{"taxonomy":"product_brand","embeddable":true,"href":"https:\/\/nextsnkr.com\/fr\/wp-json\/wp\/v2\/product_brand?post=705755"},{"taxonomy":"product_cat","embeddable":true,"href":"https:\/\/nextsnkr.com\/fr\/wp-json\/wp\/v2\/product_cat?post=705755"},{"taxonomy":"product_tag","embeddable":true,"href":"https:\/\/nextsnkr.com\/fr\/wp-json\/wp\/v2\/product_tag?post=705755"}],"curies":[{"name":"wp","href":"https:\/\/api.w.org\/{rel}","templated":true}]}}