{"id":704566,"date":"2025-06-14T17:36:25","date_gmt":"2025-06-14T14:36:25","guid":{"rendered":"https:\/\/nextsnkr.com\/product\/mini-bailey-bow\/"},"modified":"2026-01-31T18:06:33","modified_gmt":"2026-01-31T15:06:33","slug":"mini-bailey-bow","status":"publish","type":"product","link":"https:\/\/nextsnkr.com\/fr\/produit\/mini-bailey-bow\/","title":{"rendered":"Bottes UGG mini Bailey Bow-bottes \u00e9l\u00e9gantes en daim pour femmes"},"content":{"rendered":"<h2>Bottes UGG mini Bailey Bow-bottes \u00e9l\u00e9gantes en daim pour femmes<\/h2>\n<p>Les bottes UGG mini Bailey Bow sont un mod\u00e8le \u00e9l\u00e9gant et confortable pour la saison froide. Fabriqu\u00e9s en daim de haute qualit\u00e9, ils offrent chaleur et confort toute la journ\u00e9e. La semelle int\u00e9rieure rembourr\u00e9e et la semelle ext\u00e9rieure robuste garantissent stabilit\u00e9 et confort pendant la marche. Le design \u00e9pur\u00e9 avec un arc d\u00e9coratif ajoute de la gr\u00e2ce et rend le mod\u00e8le polyvalent pour n&rsquo;importe quelle image. Fabricant-Chine. Choisissez Ugg mini Bailey Bow pour un m\u00e9lange de style, de chaleur et de confort. Code: U02333-970493.<\/p>\n","protected":false},"excerpt":{"rendered":"<p>Les bottes UGG mini Bailey Bow sont un mod\u00e8le \u00e9l\u00e9gant et confortable pour la saison froide. Fabriqu\u00e9s en daim de haute qualit\u00e9, ils offrent chaleur et confort toute la journ\u00e9e. La semelle int\u00e9rieure rembourr\u00e9e et la semelle ext\u00e9rieure robuste garantissent stabilit\u00e9 et confort pendant la marche. Le design \u00e9pur\u00e9 avec un arc d\u00e9coratif ajoute de la gr\u00e2ce et rend le mod\u00e8le polyvalent pour n&rsquo;importe quelle image. Fabricant-Chine. Choisissez Ugg mini Bailey Bow pour un m\u00e9lange de style, de chaleur et de confort. Code: U02333-970493.<\/p>\n","protected":false},"featured_media":704567,"comment_status":"open","ping_status":"open","template":"","meta":[],"product_brand":[],"product_cat":[3408,3212],"product_tag":[],"class_list":{"0":"post-704566","1":"product","2":"type-product","3":"status-publish","4":"has-post-thumbnail","6":"product_cat-ugg","7":"product_cat-all-product","8":"pa_rozmir-910","9":"pa_rozmir-912","10":"pa_rozmir-914","11":"pa_rozmir-915","12":"pa_rozmir-916","13":"pa_rozmir-917","14":"pa_rozmir-918","15":"pa_rozmir-919","16":"pa_rozmir-920","17":"pa_rozmir-921","18":"pa_rozmir-922","20":"first","21":"onbackorder","22":"purchasable","23":"product-type-variable"},"_links":{"self":[{"href":"https:\/\/nextsnkr.com\/fr\/wp-json\/wp\/v2\/product\/704566","targetHints":{"allow":["GET"]}}],"collection":[{"href":"https:\/\/nextsnkr.com\/fr\/wp-json\/wp\/v2\/product"}],"about":[{"href":"https:\/\/nextsnkr.com\/fr\/wp-json\/wp\/v2\/types\/product"}],"replies":[{"embeddable":true,"href":"https:\/\/nextsnkr.com\/fr\/wp-json\/wp\/v2\/comments?post=704566"}],"version-history":[{"count":0,"href":"https:\/\/nextsnkr.com\/fr\/wp-json\/wp\/v2\/product\/704566\/revisions"}],"wp:featuredmedia":[{"embeddable":true,"href":"https:\/\/nextsnkr.com\/fr\/wp-json\/wp\/v2\/media\/704567"}],"wp:attachment":[{"href":"https:\/\/nextsnkr.com\/fr\/wp-json\/wp\/v2\/media?parent=704566"}],"wp:term":[{"taxonomy":"product_brand","embeddable":true,"href":"https:\/\/nextsnkr.com\/fr\/wp-json\/wp\/v2\/product_brand?post=704566"},{"taxonomy":"product_cat","embeddable":true,"href":"https:\/\/nextsnkr.com\/fr\/wp-json\/wp\/v2\/product_cat?post=704566"},{"taxonomy":"product_tag","embeddable":true,"href":"https:\/\/nextsnkr.com\/fr\/wp-json\/wp\/v2\/product_tag?post=704566"}],"curies":[{"name":"wp","href":"https:\/\/api.w.org\/{rel}","templated":true}]}}