{"id":703886,"date":"2025-06-14T17:38:52","date_gmt":"2025-06-14T14:38:52","guid":{"rendered":"https:\/\/nextsnkr.com\/product\/knu-knu-burgundy-pink-premium\/"},"modified":"2026-01-31T18:06:15","modified_gmt":"2026-01-31T15:06:15","slug":"knu-knu-burgundy-pink-premium","status":"publish","type":"product","link":"https:\/\/nextsnkr.com\/fr\/produit\/knu-knu-burgundy-pink-premium\/","title":{"rendered":"KNU KNU Burgundy Pink &#8211; baskets Premium en daim"},"content":{"rendered":"<h2>KNU KNU Burgundy Pink &#8211; baskets Premium en daim<\/h2>\n<p>Les baskets KNU KNU Burgundy Pink Premium sont fabriqu\u00e9es en daim de haute qualit\u00e9 pour un confort, une durabilit\u00e9 et un look \u00e9l\u00e9gant. La combinaison de Bordeaux et de rose ajoute un accent \u00e0 la mode et rend le mod\u00e8le visible et unique. La semelle souple amortit le pas et soutient le pied toute la journ\u00e9e. Les baskets haut de gamme KNU KNU sont le choix id\u00e9al pour ceux qui appr\u00e9cient le confort, le style et la qualit\u00e9 dans un usage quotidien.<\/p>\n","protected":false},"excerpt":{"rendered":"<p>Les baskets KNU KNU Burgundy Pink Premium sont fabriqu\u00e9es en daim de haute qualit\u00e9 pour un confort, une durabilit\u00e9 et un look \u00e9l\u00e9gant. La combinaison de Bordeaux et de rose ajoute un accent \u00e0 la mode et rend le mod\u00e8le visible et unique. La semelle souple amortit le pas et soutient le pied toute la journ\u00e9e. Les baskets haut de gamme KNU KNU sont le choix id\u00e9al pour ceux qui appr\u00e9cient le confort, le style et la qualit\u00e9 dans un usage quotidien.<\/p>\n","protected":false},"featured_media":703887,"comment_status":"open","ping_status":"open","template":"","meta":[],"product_brand":[],"product_cat":[3212,3319],"product_tag":[],"class_list":{"0":"post-703886","1":"product","2":"type-product","3":"status-publish","4":"has-post-thumbnail","6":"product_cat-all-product","7":"product_cat-kedy","8":"pa_rozmir-910","9":"pa_rozmir-912","10":"pa_rozmir-914","11":"pa_rozmir-915","12":"pa_rozmir-916","13":"pa_rozmir-917","14":"pa_rozmir-918","15":"pa_rozmir-919","16":"pa_rozmir-920","17":"pa_rozmir-921","18":"pa_rozmir-922","20":"first","21":"instock","22":"purchasable","23":"product-type-variable"},"_links":{"self":[{"href":"https:\/\/nextsnkr.com\/fr\/wp-json\/wp\/v2\/product\/703886","targetHints":{"allow":["GET"]}}],"collection":[{"href":"https:\/\/nextsnkr.com\/fr\/wp-json\/wp\/v2\/product"}],"about":[{"href":"https:\/\/nextsnkr.com\/fr\/wp-json\/wp\/v2\/types\/product"}],"replies":[{"embeddable":true,"href":"https:\/\/nextsnkr.com\/fr\/wp-json\/wp\/v2\/comments?post=703886"}],"version-history":[{"count":0,"href":"https:\/\/nextsnkr.com\/fr\/wp-json\/wp\/v2\/product\/703886\/revisions"}],"wp:featuredmedia":[{"embeddable":true,"href":"https:\/\/nextsnkr.com\/fr\/wp-json\/wp\/v2\/media\/703887"}],"wp:attachment":[{"href":"https:\/\/nextsnkr.com\/fr\/wp-json\/wp\/v2\/media?parent=703886"}],"wp:term":[{"taxonomy":"product_brand","embeddable":true,"href":"https:\/\/nextsnkr.com\/fr\/wp-json\/wp\/v2\/product_brand?post=703886"},{"taxonomy":"product_cat","embeddable":true,"href":"https:\/\/nextsnkr.com\/fr\/wp-json\/wp\/v2\/product_cat?post=703886"},{"taxonomy":"product_tag","embeddable":true,"href":"https:\/\/nextsnkr.com\/fr\/wp-json\/wp\/v2\/product_tag?post=703886"}],"curies":[{"name":"wp","href":"https:\/\/api.w.org\/{rel}","templated":true}]}}