{"id":703618,"date":"2025-06-14T17:40:13","date_gmt":"2025-06-14T14:40:13","guid":{"rendered":"https:\/\/nextsnkr.com\/product\/marc-jacobs-snapshot-pink-yellow-logo\/"},"modified":"2026-01-31T18:05:47","modified_gmt":"2026-01-31T15:05:47","slug":"marc-jacobs-snapshot-pink-yellow-logo","status":"publish","type":"product","link":"https:\/\/nextsnkr.com\/fr\/produit\/marc-jacobs-snapshot-pink-yellow-logo\/","title":{"rendered":"Sac Marc Jacobs Snapshot Pink \/ Yellow logo-\u00e9co-cuir \u00e9l\u00e9gant"},"content":{"rendered":"<h2>Sac Marc Jacobs Snapshot Pink \/ Yellow logo-\u00e9co-cuir \u00e9l\u00e9gant<\/h2>\n<p>Le sac Marc Jacobs Snapshot Pink \/ Yellow Logo est fabriqu\u00e9 en \u00e9co-cuir de qualit\u00e9 pour une durabilit\u00e9 et une texture agr\u00e9able. La combinaison vibrante de rose et de jaune avec le logo de la marque ajoute un accent \u00e0 la mode \u00e0 n&rsquo;importe quel look. La taille compacte et le format pratique de la bandouli\u00e8re vous permettent de transporter le sac tous les jours, en pla\u00e7ant les choses n\u00e9cessaires. Choisissez Marc Jacobs Snapshot pour un ajout \u00e9l\u00e9gant, pratique et lumineux \u00e0 votre garde-robe.<\/p>\n","protected":false},"excerpt":{"rendered":"<p>Le sac Marc Jacobs Snapshot Pink \/ Yellow Logo est fabriqu\u00e9 en \u00e9co-cuir de qualit\u00e9 pour une durabilit\u00e9 et une texture agr\u00e9able. La combinaison vibrante de rose et de jaune avec le logo de la marque ajoute un accent \u00e0 la mode \u00e0 n&rsquo;importe quel look. La taille compacte et le format pratique de la bandouli\u00e8re vous permettent de transporter le sac tous les jours, en pla\u00e7ant les choses n\u00e9cessaires. Choisissez Marc Jacobs Snapshot pour un ajout \u00e9l\u00e9gant, pratique et lumineux \u00e0 votre garde-robe.<\/p>\n","protected":false},"featured_media":703619,"comment_status":"open","ping_status":"open","template":"","meta":[],"product_brand":[],"product_cat":[3212,3478],"product_tag":[],"class_list":{"0":"post-703618","1":"product","2":"type-product","3":"status-publish","4":"has-post-thumbnail","6":"product_cat-all-product","7":"product_cat-sumky","8":"pa_rozmir-20kh12kh7","10":"first","11":"instock","12":"purchasable","13":"product-type-simple"},"_links":{"self":[{"href":"https:\/\/nextsnkr.com\/fr\/wp-json\/wp\/v2\/product\/703618","targetHints":{"allow":["GET"]}}],"collection":[{"href":"https:\/\/nextsnkr.com\/fr\/wp-json\/wp\/v2\/product"}],"about":[{"href":"https:\/\/nextsnkr.com\/fr\/wp-json\/wp\/v2\/types\/product"}],"replies":[{"embeddable":true,"href":"https:\/\/nextsnkr.com\/fr\/wp-json\/wp\/v2\/comments?post=703618"}],"version-history":[{"count":0,"href":"https:\/\/nextsnkr.com\/fr\/wp-json\/wp\/v2\/product\/703618\/revisions"}],"wp:featuredmedia":[{"embeddable":true,"href":"https:\/\/nextsnkr.com\/fr\/wp-json\/wp\/v2\/media\/703619"}],"wp:attachment":[{"href":"https:\/\/nextsnkr.com\/fr\/wp-json\/wp\/v2\/media?parent=703618"}],"wp:term":[{"taxonomy":"product_brand","embeddable":true,"href":"https:\/\/nextsnkr.com\/fr\/wp-json\/wp\/v2\/product_brand?post=703618"},{"taxonomy":"product_cat","embeddable":true,"href":"https:\/\/nextsnkr.com\/fr\/wp-json\/wp\/v2\/product_cat?post=703618"},{"taxonomy":"product_tag","embeddable":true,"href":"https:\/\/nextsnkr.com\/fr\/wp-json\/wp\/v2\/product_tag?post=703618"}],"curies":[{"name":"wp","href":"https:\/\/api.w.org\/{rel}","templated":true}]}}